{"id":2682,"date":"2025-04-24T10:33:00","date_gmt":"2025-04-24T10:33:00","guid":{"rendered":"http:\/\/95.217.188.178\/la-comtal\/?page_id=2682"},"modified":"2025-06-16T08:24:01","modified_gmt":"2025-06-16T08:24:01","slug":"contacte","status":"publish","type":"page","link":"http:\/\/95.217.188.178\/la-comtal\/contacte\/","title":{"rendered":"Contacte"},"content":{"rendered":"\t\t<div data-elementor-type=\"wp-page\" data-elementor-id=\"2682\" class=\"elementor elementor-2682\" data-elementor-post-type=\"page\">\n\t\t\t\t<div class=\"elementor-element elementor-element-537c42a e-con-full e-flex e-con e-parent\" data-id=\"537c42a\" data-element_type=\"container\" data-settings=\"{&quot;background_background&quot;:&quot;slideshow&quot;,&quot;background_slideshow_gallery&quot;:[{&quot;id&quot;:2802,&quot;url&quot;:&quot;http:\\\/\\\/95.217.188.178\\\/la-comtal\\\/wp-content\\\/uploads\\\/2025\\\/04\\\/local-la-comtal-60.png&quot;}],&quot;background_slideshow_slide_duration&quot;:5000,&quot;background_slideshow_slide_transition&quot;:&quot;fade&quot;,&quot;background_slideshow_transition_duration&quot;:500}\">\n\t\t\t\t<\/div>\n\t\t<div class=\"elementor-element elementor-element-6e2b09b e-con-full container-section-mini e-flex e-con e-parent\" data-id=\"6e2b09b\" data-element_type=\"container\" data-settings=\"{&quot;background_background&quot;:&quot;classic&quot;}\">\n\t\t<div class=\"elementor-element elementor-element-873212e e-flex e-con-boxed e-con e-child\" data-id=\"873212e\" data-element_type=\"container\">\n\t\t\t\t\t<div class=\"e-con-inner\">\n\t\t\t\t<div class=\"elementor-element elementor-element-71ec95e elementor-widget elementor-widget-html\" data-id=\"71ec95e\" data-element_type=\"widget\" data-widget_type=\"html.default\">\n\t\t\t\t<div class=\"elementor-widget-container\">\n\t\t\t\t\t<div class=\"section-title text-center\">\n   Contacta\n<\/div>\n<div class=\"space-between-half\"><\/div>\n<div class=\"description-text\">Us animem a que sempre que ho vulgueu us poseu en contacte amb nosaltres per fer-nos arribar \nels vostres suggeriments, comentaris i propostes. Si voleu encarregar alg\u00fan plat o c\u00e0tering us podeu posar en contacte \namb nosaltres mitjan\u00e7ant el tel\u00e8fon: <a href=\"tel:+34931180189\">931 180 189<\/a>, o omplint el formulari.\n<\/div>\n\t\t\t\t<\/div>\n\t\t\t\t<\/div>\n\t\t\t\t\t<\/div>\n\t\t\t\t<\/div>\n\t\t\t\t<\/div>\n\t\t<div class=\"elementor-element elementor-element-99384ed container-section-mini e-flex e-con-boxed e-con e-parent\" data-id=\"99384ed\" data-element_type=\"container\" data-settings=\"{&quot;background_background&quot;:&quot;classic&quot;}\">\n\t\t\t\t\t<div class=\"e-con-inner\">\n\t\t<div class=\"elementor-element elementor-element-d1465a5 e-con-full e-flex e-con e-child\" data-id=\"d1465a5\" data-element_type=\"container\">\n\t\t<div class=\"elementor-element elementor-element-2301836 e-con-full e-flex e-con e-child\" data-id=\"2301836\" data-element_type=\"container\">\n\t\t\t\t<div class=\"elementor-element elementor-element-61e5b13 elementor-widget elementor-widget-image\" data-id=\"61e5b13\" data-element_type=\"widget\" data-widget_type=\"image.default\">\n\t\t\t\t<div class=\"elementor-widget-container\">\n\t\t\t\t\t\t\t\t\t\t\t\t\t\t\t\t<a href=\"https:\/\/maps.app.goo.gl\/r3K72Fj8WTvDwA9d6\" target=\"_blank\">\n\t\t\t\t\t\t\t<img fetchpriority=\"high\" decoding=\"async\" width=\"2460\" height=\"2460\" src=\"http:\/\/95.217.188.178\/la-comtal\/wp-content\/uploads\/2025\/06\/foto-mapa.png\" class=\"attachment-full size-full wp-image-5202\" alt=\"\" srcset=\"http:\/\/95.217.188.178\/la-comtal\/wp-content\/uploads\/2025\/06\/foto-mapa.png 2460w, http:\/\/95.217.188.178\/la-comtal\/wp-content\/uploads\/2025\/06\/foto-mapa-300x300.png 300w, http:\/\/95.217.188.178\/la-comtal\/wp-content\/uploads\/2025\/06\/foto-mapa-1024x1024.png 1024w, http:\/\/95.217.188.178\/la-comtal\/wp-content\/uploads\/2025\/06\/foto-mapa-150x150.png 150w, http:\/\/95.217.188.178\/la-comtal\/wp-content\/uploads\/2025\/06\/foto-mapa-768x768.png 768w, http:\/\/95.217.188.178\/la-comtal\/wp-content\/uploads\/2025\/06\/foto-mapa-1536x1536.png 1536w, http:\/\/95.217.188.178\/la-comtal\/wp-content\/uploads\/2025\/06\/foto-mapa-2048x2048.png 2048w, http:\/\/95.217.188.178\/la-comtal\/wp-content\/uploads\/2025\/06\/foto-mapa-600x600.png 600w, http:\/\/95.217.188.178\/la-comtal\/wp-content\/uploads\/2025\/06\/foto-mapa-100x100.png 100w\" sizes=\"(max-width: 2460px) 100vw, 2460px\" \/>\t\t\t\t\t\t\t\t<\/a>\n\t\t\t\t\t\t\t\t\t\t\t\t\t\t\t<\/div>\n\t\t\t\t<\/div>\n\t\t\t\t<\/div>\n\t\t<div class=\"elementor-element elementor-element-d2310fd e-con-full e-flex e-con e-child\" data-id=\"d2310fd\" data-element_type=\"container\">\n\t\t\t\t<div class=\"elementor-element elementor-element-148d915 elementor-button-align-stretch elementor-widget elementor-widget-form\" data-id=\"148d915\" data-element_type=\"widget\" data-settings=\"{&quot;step_next_label&quot;:&quot;Next&quot;,&quot;step_previous_label&quot;:&quot;Previous&quot;,&quot;step_type&quot;:&quot;number_text&quot;,&quot;step_icon_shape&quot;:&quot;circle&quot;}\" data-widget_type=\"form.default\">\n\t\t\t\t<div class=\"elementor-widget-container\">\n\t\t\t\t\t\t\t<form class=\"elementor-form\" method=\"post\" name=\"Contacta Form\">\n\t\t\t<input type=\"hidden\" name=\"post_id\" value=\"2682\"\/>\n\t\t\t<input type=\"hidden\" name=\"form_id\" value=\"148d915\"\/>\n\t\t\t<input type=\"hidden\" name=\"referer_title\" value=\"Contacte\" \/>\n\n\t\t\t\t\t\t\t<input type=\"hidden\" name=\"queried_id\" value=\"2682\"\/>\n\t\t\t\n\t\t\t<div class=\"elementor-form-fields-wrapper elementor-labels-above\">\n\t\t\t\t\t\t\t\t<div class=\"elementor-field-type-text elementor-field-group elementor-column elementor-field-group-name elementor-col-100\">\n\t\t\t\t\t\t\t\t\t\t\t\t<label for=\"form-field-name\" class=\"elementor-field-label\">\n\t\t\t\t\t\t\t\t Nom i cognoms:\t\t\t\t\t\t\t<\/label>\n\t\t\t\t\t\t\t\t\t\t\t\t\t\t<input size=\"1\" type=\"text\" name=\"form_fields[name]\" id=\"form-field-name\" class=\"elementor-field elementor-size-sm  elementor-field-textual\">\n\t\t\t\t\t\t\t\t\t\t\t<\/div>\n\t\t\t\t\t\t\t\t<div class=\"elementor-field-type-email elementor-field-group elementor-column elementor-field-group-email elementor-col-100 elementor-field-required\">\n\t\t\t\t\t\t\t\t\t\t\t\t<label for=\"form-field-email\" class=\"elementor-field-label\">\n\t\t\t\t\t\t\t\tCorreu:\t\t\t\t\t\t\t<\/label>\n\t\t\t\t\t\t\t\t\t\t\t\t\t\t<input size=\"1\" type=\"email\" name=\"form_fields[email]\" id=\"form-field-email\" class=\"elementor-field elementor-size-sm  elementor-field-textual\" required=\"required\">\n\t\t\t\t\t\t\t\t\t\t\t<\/div>\n\t\t\t\t\t\t\t\t<div class=\"elementor-field-type-textarea elementor-field-group elementor-column elementor-field-group-message elementor-col-100\">\n\t\t\t\t\t\t\t\t\t\t\t\t<label for=\"form-field-message\" class=\"elementor-field-label\">\n\t\t\t\t\t\t\t\t Missatge:\t\t\t\t\t\t\t<\/label>\n\t\t\t\t\t\t<textarea class=\"elementor-field-textual elementor-field  elementor-size-sm\" name=\"form_fields[message]\" id=\"form-field-message\" rows=\"4\"><\/textarea>\t\t\t\t<\/div>\n\t\t\t\t\t\t\t\t<div class=\"elementor-field-type-acceptance elementor-field-group elementor-column elementor-field-group-field_9b795f8 elementor-col-100\">\n\t\t\t\t\t\t\t<div class=\"elementor-field-subgroup\">\n\t\t\t<span class=\"elementor-field-option\">\n\t\t\t\t<input type=\"checkbox\" name=\"form_fields[field_9b795f8]\" id=\"form-field-field_9b795f8\" class=\"elementor-field elementor-size-sm  elementor-acceptance-field\">\n\t\t\t\t<label for=\"form-field-field_9b795f8\"> He llegit i accepto la pol\u00edtica de privacitat.<\/label>\t\t\t<\/span>\n\t\t<\/div>\n\t\t\t\t\t\t<\/div>\n\t\t\t\t\t\t\t\t<div class=\"elementor-field-group elementor-column elementor-field-type-submit elementor-col-100 e-form__buttons\">\n\t\t\t\t\t<button class=\"elementor-button elementor-size-sm\" type=\"submit\" id=\"submit-button\">\n\t\t\t\t\t\t<span class=\"elementor-button-content-wrapper\">\n\t\t\t\t\t\t\t\t\t\t\t\t\t\t\t\t\t\t\t\t\t\t<span class=\"elementor-button-text\">Envia<\/span>\n\t\t\t\t\t\t\t\t\t\t\t\t\t<\/span>\n\t\t\t\t\t<\/button>\n\t\t\t\t<\/div>\n\t\t\t<\/div>\n\t\t<\/form>\n\t\t\t\t\t\t<\/div>\n\t\t\t\t<\/div>\n\t\t\t\t<div class=\"elementor-element elementor-element-2ff2743 back-cream no-desktop no-hdd elementor-widget elementor-widget-spacer\" data-id=\"2ff2743\" data-element_type=\"widget\" data-widget_type=\"spacer.default\">\n\t\t\t\t<div class=\"elementor-widget-container\">\n\t\t\t\t\t\t\t<div class=\"elementor-spacer\">\n\t\t\t<div class=\"elementor-spacer-inner\"><\/div>\n\t\t<\/div>\n\t\t\t\t\t\t<\/div>\n\t\t\t\t<\/div>\n\t\t\t\t<\/div>\n\t\t\t\t<\/div>\n\t\t\t\t\t<\/div>\n\t\t\t\t<\/div>\n\t\t<div class=\"elementor-element elementor-element-8536f21 container-section-mini no-mobile no-tablet e-flex e-con-boxed e-con e-parent\" data-id=\"8536f21\" data-element_type=\"container\" data-settings=\"{&quot;background_background&quot;:&quot;classic&quot;}\">\n\t\t\t\t\t<div class=\"e-con-inner\">\n\t\t<div class=\"elementor-element elementor-element-3dfe499 e-con-full e-flex e-con e-child\" data-id=\"3dfe499\" data-element_type=\"container\">\n\t\t\t\t<div class=\"elementor-element elementor-element-ee94f02 elementor-widget elementor-widget-text-editor\" data-id=\"ee94f02\" data-element_type=\"widget\" data-widget_type=\"text-editor.default\">\n\t\t\t\t<div class=\"elementor-widget-container\">\n\t\t\t\t\t\t\t\t\t<div class=\"footer-text contact\">\n<div class=\"title-footer\">HORARI<\/div>\n<div class=\"space-between-half\"><\/div>\n<div>De dilluns a divendres\nde 9.00h a 20.00h.<\/div>\n<div>Dissabtes i Diumenges\nde 9.00h a 15.00h.<\/div>\n<div class=\"space-between-min\"><\/div>\n<\/div>\t\t\t\t\t\t\t\t<\/div>\n\t\t\t\t<\/div>\n\t\t<div class=\"elementor-element elementor-element-b46578d e-con-full e-flex e-con e-child\" data-id=\"b46578d\" data-element_type=\"container\">\n\t\t\t\t<div class=\"elementor-element elementor-element-016664b elementor-widget elementor-widget-image\" data-id=\"016664b\" data-element_type=\"widget\" data-widget_type=\"image.default\">\n\t\t\t\t<div class=\"elementor-widget-container\">\n\t\t\t\t\t\t\t\t\t\t\t\t\t\t\t\t<a href=\"https:\/\/www.facebook.com\/lacomtal\/\" target=\"_blank\">\n\t\t\t\t\t\t\t<img decoding=\"async\" src=\"http:\/\/95.217.188.178\/la-comtal\/wp-content\/uploads\/elementor\/thumbs\/Face_Blue-r7duvmg6hw8fpzsf1iip95kb9c4ljzw2xxslp5lhgs.png\" title=\"Face_Blue\" alt=\"Face_Blue\" loading=\"lazy\" \/>\t\t\t\t\t\t\t\t<\/a>\n\t\t\t\t\t\t\t\t\t\t\t\t\t\t\t<\/div>\n\t\t\t\t<\/div>\n\t\t\t\t<div class=\"elementor-element elementor-element-e9cbb7c elementor-widget elementor-widget-image\" data-id=\"e9cbb7c\" data-element_type=\"widget\" data-widget_type=\"image.default\">\n\t\t\t\t<div class=\"elementor-widget-container\">\n\t\t\t\t\t\t\t\t\t\t\t\t\t\t\t\t<a href=\"https:\/\/www.instagram.com\/lacomtal\/\" target=\"_blank\">\n\t\t\t\t\t\t\t<img decoding=\"async\" src=\"http:\/\/95.217.188.178\/la-comtal\/wp-content\/uploads\/elementor\/thumbs\/Insta_Blue-r7duvmg6hw8fpzsf1iip95kb9c4ljzw2xxslp5lhgs.png\" title=\"Insta_Blue\" alt=\"Insta_Blue\" loading=\"lazy\" \/>\t\t\t\t\t\t\t\t<\/a>\n\t\t\t\t\t\t\t\t\t\t\t\t\t\t\t<\/div>\n\t\t\t\t<\/div>\n\t\t\t\t<div class=\"elementor-element elementor-element-4835759 elementor-widget elementor-widget-image\" data-id=\"4835759\" data-element_type=\"widget\" data-widget_type=\"image.default\">\n\t\t\t\t<div class=\"elementor-widget-container\">\n\t\t\t\t\t\t\t\t\t\t\t\t\t\t\t\t<a href=\"https:\/\/twitter.com\/LComtal\" target=\"_blank\">\n\t\t\t\t\t\t\t<img decoding=\"async\" src=\"http:\/\/95.217.188.178\/la-comtal\/wp-content\/uploads\/elementor\/thumbs\/X_Blue-r7duvne0oq9q1lr1w0xbtnbrupzyrozta2g36fk3ak.png\" title=\"X_Blue\" alt=\"X_Blue\" loading=\"lazy\" \/>\t\t\t\t\t\t\t\t<\/a>\n\t\t\t\t\t\t\t\t\t\t\t\t\t\t\t<\/div>\n\t\t\t\t<\/div>\n\t\t\t\t<\/div>\n\t\t\t\t<\/div>\n\t\t<div class=\"elementor-element elementor-element-32ca1b0 e-con-full e-flex e-con e-child\" data-id=\"32ca1b0\" data-element_type=\"container\">\n\t\t\t\t<div class=\"elementor-element elementor-element-4efe068 elementor-widget elementor-widget-text-editor\" data-id=\"4efe068\" data-element_type=\"widget\" data-widget_type=\"text-editor.default\">\n\t\t\t\t<div class=\"elementor-widget-container\">\n\t\t\t\t\t\t\t\t\t<div class=\"footer-text contact\">\n<div class=\"title-footer\">ON TROBAR-NOS<\/div>\n<div class=\"space-between-half\"><\/div>\n<div><a href=\"https:\/\/maps.app.goo.gl\/r3K72Fj8WTvDwA9d6\" target=\"_blank\" rel=\"noopener\">\nCarrer Ajuntament, 9\n08030, Barcelona\n<\/a><\/div>\n<div><a href=\"tel:931180189\">931 180 189<\/a><\/div>\n<div><a href=\"mailto:lacomtal@lacomtal.com\">lacomtal@lacomtal.com<\/a><\/div>\n<\/div>\n<div class=\"space-between-min\"><\/div>\t\t\t\t\t\t\t\t<\/div>\n\t\t\t\t<\/div>\n\t\t\t\t<\/div>\n\t\t\t\t\t<\/div>\n\t\t\t\t<\/div>\n\t\t\t\t<\/div>\n\t\t","protected":false},"excerpt":{"rendered":"<p>Contacta Us animem a que sempre que ho vulgueu us poseu en contacte amb nosaltres per fer-nos arribar els vostres suggeriments, comentaris i propostes. Si voleu encarregar alg\u00fan plat o c\u00e0tering us podeu posar en contacte amb nosaltres mitjan\u00e7ant el tel\u00e8fon: 931 180 189, o omplint el formulari. HORARI De dilluns a divendres de 9.00h [&hellip;]<\/p>\n","protected":false},"author":1,"featured_media":0,"parent":0,"menu_order":0,"comment_status":"closed","ping_status":"closed","template":"elementor_header_footer","meta":{"_acf_changed":false,"footnotes":""},"class_list":["post-2682","page","type-page","status-publish","hentry"],"acf":[],"_links":{"self":[{"href":"http:\/\/95.217.188.178\/la-comtal\/wp-json\/wp\/v2\/pages\/2682","targetHints":{"allow":["GET"]}}],"collection":[{"href":"http:\/\/95.217.188.178\/la-comtal\/wp-json\/wp\/v2\/pages"}],"about":[{"href":"http:\/\/95.217.188.178\/la-comtal\/wp-json\/wp\/v2\/types\/page"}],"author":[{"embeddable":true,"href":"http:\/\/95.217.188.178\/la-comtal\/wp-json\/wp\/v2\/users\/1"}],"replies":[{"embeddable":true,"href":"http:\/\/95.217.188.178\/la-comtal\/wp-json\/wp\/v2\/comments?post=2682"}],"version-history":[{"count":148,"href":"http:\/\/95.217.188.178\/la-comtal\/wp-json\/wp\/v2\/pages\/2682\/revisions"}],"predecessor-version":[{"id":5629,"href":"http:\/\/95.217.188.178\/la-comtal\/wp-json\/wp\/v2\/pages\/2682\/revisions\/5629"}],"wp:attachment":[{"href":"http:\/\/95.217.188.178\/la-comtal\/wp-json\/wp\/v2\/media?parent=2682"}],"curies":[{"name":"wp","href":"https:\/\/api.w.org\/{rel}","templated":true}]}}