{"id":2670,"date":"2025-04-24T10:30:44","date_gmt":"2025-04-24T10:30:44","guid":{"rendered":"http:\/\/95.217.188.178\/la-comtal\/?page_id=2670"},"modified":"2025-06-17T08:44:39","modified_gmt":"2025-06-17T08:44:39","slug":"catering","status":"publish","type":"page","link":"http:\/\/95.217.188.178\/la-comtal\/catering\/","title":{"rendered":"Catering"},"content":{"rendered":"\t\t<div data-elementor-type=\"wp-page\" data-elementor-id=\"2670\" class=\"elementor elementor-2670\" data-elementor-post-type=\"page\">\n\t\t\t\t<div class=\"elementor-element elementor-element-537c42a e-con-full e-flex e-con e-parent\" data-id=\"537c42a\" data-element_type=\"container\" data-settings=\"{&quot;background_background&quot;:&quot;slideshow&quot;,&quot;background_slideshow_gallery&quot;:[{&quot;id&quot;:2797,&quot;url&quot;:&quot;http:\\\/\\\/95.217.188.178\\\/la-comtal\\\/wp-content\\\/uploads\\\/2025\\\/04\\\/catering-copia.png&quot;}],&quot;background_slideshow_slide_duration&quot;:5000,&quot;background_slideshow_slide_transition&quot;:&quot;fade&quot;,&quot;background_slideshow_transition_duration&quot;:500}\">\n\t\t\t\t<\/div>\n\t\t<div class=\"elementor-element elementor-element-946a0d6 e-con-full container-section-mini e-flex e-con e-parent\" data-id=\"946a0d6\" data-element_type=\"container\" data-settings=\"{&quot;background_background&quot;:&quot;classic&quot;}\">\n\t\t<div class=\"elementor-element elementor-element-79e2877 e-flex e-con-boxed e-con e-child\" data-id=\"79e2877\" data-element_type=\"container\">\n\t\t\t\t\t<div class=\"e-con-inner\">\n\t\t\t\t<div class=\"elementor-element elementor-element-93cbfc6 elementor-widget elementor-widget-html\" data-id=\"93cbfc6\" data-element_type=\"widget\" data-widget_type=\"html.default\">\n\t\t\t\t<div class=\"elementor-widget-container\">\n\t\t\t\t\t<div class=\"section-title text-center\">\n   C\u00e0tering\n<\/div>\n<div class=\"description-text\">Per a reunions, esdeveniments o celebracions especials, oferim un servei de c\u00e0tering amb opcions variades i equilibrades. Des d\u2019aperitius lleugers fins a men\u00fas complets, podr\u00e0s escollir entre una \u00e0mplia selecci\u00f3 de plats elaborats amb ingredients frescos i de qualitat. Ens adaptem a les teves necessitats perqu\u00e8 nom\u00e9s hagis de gaudir.<\/div>\n    <div class=\"space-between-min\">&nbsp;<\/div>\n    <div class=\"description-text\">\n     Fes el teu enc\u00e0rrec: <a href=\"tel:931180189\">931 180 189<\/a>\n<\/div>\n<div class=\"space-between-min\">&nbsp;<\/div>\t\t\t\t<\/div>\n\t\t\t\t<\/div>\n\t\t\t\t\t<\/div>\n\t\t\t\t<\/div>\n\t\t\t\t<\/div>\n\t\t<div class=\"elementor-element elementor-element-7fc53c4 e-con-full container-section-small e-flex e-con e-parent\" data-id=\"7fc53c4\" data-element_type=\"container\" data-settings=\"{&quot;background_background&quot;:&quot;classic&quot;}\">\n\t\t\t\t<div class=\"elementor-element elementor-element-64b114a padding-inner-left elementor-widget elementor-widget-text-editor\" data-id=\"64b114a\" data-element_type=\"widget\" data-widget_type=\"text-editor.default\">\n\t\t\t\t<div class=\"elementor-widget-container\">\n\t\t\t\t\t\t\t\t\t<div class=\"section-title-thin\">Opcions recomanades<\/div>\t\t\t\t\t\t\t\t<\/div>\n\t\t\t\t<\/div>\n\t\t\t\t<div class=\"elementor-element elementor-element-feb82de elementor-widget elementor-widget-spacer\" data-id=\"feb82de\" data-element_type=\"widget\" data-widget_type=\"spacer.default\">\n\t\t\t\t<div class=\"elementor-widget-container\">\n\t\t\t\t\t\t\t<div class=\"elementor-spacer\">\n\t\t\t<div class=\"elementor-spacer-inner\"><\/div>\n\t\t<\/div>\n\t\t\t\t\t\t<\/div>\n\t\t\t\t<\/div>\n\t\t<div class=\"elementor-element elementor-element-a323ac4 e-con-full p-0 m-0 e-flex e-con e-child\" data-id=\"a323ac4\" data-element_type=\"container\">\n\t\t<div class=\"elementor-element elementor-element-96c04bb e-con-full p-0 m-0 e-flex e-con e-child\" data-id=\"96c04bb\" data-element_type=\"container\">\n\t\t<div class=\"elementor-element elementor-element-08e4820 e-con-full p-0 m-0 mt-2 e-flex e-con e-child\" data-id=\"08e4820\" data-element_type=\"container\">\n\t\t\t\t<div class=\"elementor-element elementor-element-49f535b container-options-recommend container-options-recommend-1 elementor-widget elementor-widget-html\" data-id=\"49f535b\" data-element_type=\"widget\" data-widget_type=\"html.default\">\n\t\t\t\t<div class=\"elementor-widget-container\">\n\t\t\t\t\t<div class=\"border-square-equal position-relative back-white\">\n<div class=\"section-subtitle-small text-center\"> Celebracions particulars<\/div>\n<div class=\"space-between-half text-center\"><img decoding=\"async\" class=\"mini-line\" src=\"http:\/\/95.217.188.178\/la-comtal\/wp-content\/uploads\/2025\/05\/icona-linea.png\"><\/div>\n\n<div class=\"description-text\"> Ideal per a festes d\u2019aniversari, \nbatejos, comunions, casaments \n\u00edntims...\n<\/div>\n\n<\/div>\t\t\t\t<\/div>\n\t\t\t\t<\/div>\n\t\t\t\t<\/div>\n\t\t<div class=\"elementor-element elementor-element-c54f632 e-con-full p-0 m-0 mt-4-mobile e-flex e-con e-child\" data-id=\"c54f632\" data-element_type=\"container\">\n\t\t\t\t<div class=\"elementor-element elementor-element-81409e2 container-options-recommend container-options-recommend-2 elementor-widget elementor-widget-html\" data-id=\"81409e2\" data-element_type=\"widget\" data-widget_type=\"html.default\">\n\t\t\t\t<div class=\"elementor-widget-container\">\n\t\t\t\t\t<div class=\"border-square-equal position-relative back-white\">\n<div class=\"section-subtitle-small text-center\">Empreses i entitats<\/div>\n<div class=\"space-between-half text-center\"><img decoding=\"async\" class=\"mini-line\" src=\"http:\/\/95.217.188.178\/la-comtal\/wp-content\/uploads\/2025\/05\/icona-linea.png\"><\/div>\n\n<div class=\"description-text\">Coffee breaks, esmorzars, dinars \nd\u2019empresa, reunions amb equips...\n<\/div>\n\n<\/div>\t\t\t\t<\/div>\n\t\t\t\t<\/div>\n\t\t\t\t<\/div>\n\t\t<div class=\"elementor-element elementor-element-bb7eb6f e-con-full p-0 m-0 mt-4-mobile e-flex e-con e-child\" data-id=\"bb7eb6f\" data-element_type=\"container\">\n\t\t\t\t<div class=\"elementor-element elementor-element-831128b container-options-recommend container-options-recommend-3 elementor-widget elementor-widget-html\" data-id=\"831128b\" data-element_type=\"widget\" data-widget_type=\"html.default\">\n\t\t\t\t<div class=\"elementor-widget-container\">\n\t\t\t\t\t<div class=\"border-square-equal position-relative back-white\">\n<div class=\"section-subtitle-small text-center\">Casals<\/div>\n<div class=\"space-between-half text-center\"><img decoding=\"async\" class=\"mini-line\" src=\"http:\/\/95.217.188.178\/la-comtal\/wp-content\/uploads\/2025\/05\/icona-linea.png\"><\/div>\n\n<div class=\"description-text\">Men\u00fas per a infants i joves on \nnom\u00e9s us haureu de preocupar de \nles activitats.\n<\/div>\n\n<\/div>\t\t\t\t<\/div>\n\t\t\t\t<\/div>\n\t\t\t\t<\/div>\n\t\t<div class=\"elementor-element elementor-element-45cb0ad e-con-full p-0 m-0 mt-4-mobile e-flex e-con e-child\" data-id=\"45cb0ad\" data-element_type=\"container\">\n\t\t\t\t<div class=\"elementor-element elementor-element-9b551ad container-options-recommend container-options-recommend-4 elementor-widget elementor-widget-html\" data-id=\"9b551ad\" data-element_type=\"widget\" data-widget_type=\"html.default\">\n\t\t\t\t<div class=\"elementor-widget-container\">\n\t\t\t\t\t<div class=\"border-square-equal position-relative back-white\">\n<div class=\"section-subtitle-small text-center\">Festivals i esdeveniments<\/div>\n<div class=\"space-between-half text-center\"><img decoding=\"async\" class=\"mini-line\" src=\"http:\/\/95.217.188.178\/la-comtal\/wp-content\/uploads\/2025\/05\/icona-linea.png\"><\/div>\n\n<div class=\"description-text\">Taules de formatges i embotits, \npica-pica, entrepans, men\u00fas per a \nartistes i molt m\u00e9s...\n<\/div>\n\n<\/div>\t\t\t\t<\/div>\n\t\t\t\t<\/div>\n\t\t\t\t<\/div>\n\t\t\t\t<\/div>\n\t\t\t\t<\/div>\n\t\t\t\t<\/div>\n\t\t<div class=\"elementor-element elementor-element-9137dc4 e-con-full container-section-small e-flex e-con e-parent\" data-id=\"9137dc4\" data-element_type=\"container\" data-settings=\"{&quot;background_background&quot;:&quot;classic&quot;}\">\n\t\t\t\t<div class=\"elementor-element elementor-element-5a07ed6 elementor-widget elementor-widget-heading\" data-id=\"5a07ed6\" data-element_type=\"widget\" data-widget_type=\"heading.default\">\n\t\t\t\t<div class=\"elementor-widget-container\">\n\t\t\t\t\t<div class=\"elementor-heading-title elementor-size-default\"><div class=\"section-title text-center\">\n   Com funciona el servei?\n<\/div>\n<\/div>\t\t\t\t<\/div>\n\t\t\t\t<\/div>\n\t\t<div class=\"elementor-element elementor-element-fe26e32 e-grid e-con-full e-con e-child\" data-id=\"fe26e32\" data-element_type=\"container\">\n\t\t<div class=\"elementor-element elementor-element-5cd47a8 e-con-full e-flex e-con e-child\" data-id=\"5cd47a8\" data-element_type=\"container\">\n\t\t\t\t<div class=\"elementor-element elementor-element-47f365c elementor-widget elementor-widget-image\" data-id=\"47f365c\" data-element_type=\"widget\" data-widget_type=\"image.default\">\n\t\t\t\t<div class=\"elementor-widget-container\">\n\t\t\t\t\t\t\t\t\t\t\t\t\t\t\t<img decoding=\"async\" src=\"http:\/\/95.217.188.178\/la-comtal\/wp-content\/uploads\/elementor\/thumbs\/telefon-r5si8s8pss4h0y8jpori2nmrat2v6uv7smify9qsqu.png\" title=\"telefon\" alt=\"telefon\" loading=\"lazy\" \/>\t\t\t\t\t\t\t\t\t\t\t\t\t\t\t<\/div>\n\t\t\t\t<\/div>\n\t\t\t\t<div class=\"elementor-element elementor-element-eb82192 elementor-widget elementor-widget-text-editor\" data-id=\"eb82192\" data-element_type=\"widget\" data-widget_type=\"text-editor.default\">\n\t\t\t\t<div class=\"elementor-widget-container\">\n\t\t\t\t\t\t\t\t\t<div class=\"space-between-min\"><\/div>\n<div class=\"description-text-small text-center\">\n\n1. Contacta&#8217;ns per tel\u00e8fon\no correu electr\u00f2nic\nper consultar opcions\ni disponibilitat.\n\n<\/div>\n<div class=\"space-between-min\"><\/div>\t\t\t\t\t\t\t\t<\/div>\n\t\t\t\t<\/div>\n\t\t\t\t<\/div>\n\t\t<div class=\"elementor-element elementor-element-995cf65 e-con-full e-flex e-con e-child\" data-id=\"995cf65\" data-element_type=\"container\">\n\t\t\t\t<div class=\"elementor-element elementor-element-2eb1f52 elementor-widget elementor-widget-image\" data-id=\"2eb1f52\" data-element_type=\"widget\" data-widget_type=\"image.default\">\n\t\t\t\t<div class=\"elementor-widget-container\">\n\t\t\t\t\t\t\t\t\t\t\t\t\t\t\t<img decoding=\"async\" src=\"http:\/\/95.217.188.178\/la-comtal\/wp-content\/uploads\/elementor\/thumbs\/icona-casa-de-menjars-r5si8zrfbgerltxmhs0imlqg1w1swfp2hnqbshfnd2.png\" title=\"icona casa de menjars\" alt=\"icona casa de menjars\" loading=\"lazy\" \/>\t\t\t\t\t\t\t\t\t\t\t\t\t\t\t<\/div>\n\t\t\t\t<\/div>\n\t\t\t\t<div class=\"elementor-element elementor-element-e321aea elementor-widget elementor-widget-text-editor\" data-id=\"e321aea\" data-element_type=\"widget\" data-widget_type=\"text-editor.default\">\n\t\t\t\t<div class=\"elementor-widget-container\">\n\t\t\t\t\t\t\t\t\t<div class=\"space-between-min\">\u00a0<\/div><div class=\"description-text-small\"><p>2. Tria el teu men\u00fa d\u2019entre <br \/>les nostres propostes o <br \/>demana opcions <br \/>personalitzades.<\/p><\/div><div class=\"space-between-min\">\u00a0<\/div>\t\t\t\t\t\t\t\t<\/div>\n\t\t\t\t<\/div>\n\t\t\t\t<\/div>\n\t\t<div class=\"elementor-element elementor-element-13734fc e-con-full e-flex e-con e-child\" data-id=\"13734fc\" data-element_type=\"container\">\n\t\t\t\t<div class=\"elementor-element elementor-element-244adc9 elementor-widget elementor-widget-image\" data-id=\"244adc9\" data-element_type=\"widget\" data-widget_type=\"image.default\">\n\t\t\t\t<div class=\"elementor-widget-container\">\n\t\t\t\t\t\t\t\t\t\t\t\t\t\t\t<img decoding=\"async\" src=\"http:\/\/95.217.188.178\/la-comtal\/wp-content\/uploads\/elementor\/thumbs\/calendari-r5si95egggmhjhpfkuga1kb7m7a06mbgifn8o57abq.png\" title=\"calendari\" alt=\"calendari\" loading=\"lazy\" \/>\t\t\t\t\t\t\t\t\t\t\t\t\t\t\t<\/div>\n\t\t\t\t<\/div>\n\t\t\t\t<div class=\"elementor-element elementor-element-17e7ea3 elementor-widget elementor-widget-text-editor\" data-id=\"17e7ea3\" data-element_type=\"widget\" data-widget_type=\"text-editor.default\">\n\t\t\t\t<div class=\"elementor-widget-container\">\n\t\t\t\t\t\t\t\t\t<div class=\"space-between-min\">\u00a0<\/div><div class=\"description-text-small\"><p>3. Fes la teva reserva amb<br \/>un m\u00ednim de 72 hores<br \/>d\u2019antelaci\u00f3.<\/p><\/div><div class=\"space-between-min\">\u00a0<\/div>\t\t\t\t\t\t\t\t<\/div>\n\t\t\t\t<\/div>\n\t\t\t\t<\/div>\n\t\t<div class=\"elementor-element elementor-element-cc5b2f5 e-con-full e-flex e-con e-child\" data-id=\"cc5b2f5\" data-element_type=\"container\">\n\t\t\t\t<div class=\"elementor-element elementor-element-5fb6d0a elementor-widget elementor-widget-image\" data-id=\"5fb6d0a\" data-element_type=\"widget\" data-widget_type=\"image.default\">\n\t\t\t\t<div class=\"elementor-widget-container\">\n\t\t\t\t\t\t\t\t\t\t\t\t\t\t\t<img decoding=\"async\" src=\"http:\/\/95.217.188.178\/la-comtal\/wp-content\/uploads\/elementor\/thumbs\/camio-r5si9a3nemsx5jiltehew14il4mu93u472wo2j0bgm.png\" title=\"cami\u00f3\" alt=\"cami\u00f3\" loading=\"lazy\" \/>\t\t\t\t\t\t\t\t\t\t\t\t\t\t\t<\/div>\n\t\t\t\t<\/div>\n\t\t\t\t<div class=\"elementor-element elementor-element-8a505af elementor-widget elementor-widget-text-editor\" data-id=\"8a505af\" data-element_type=\"widget\" data-widget_type=\"text-editor.default\">\n\t\t\t\t<div class=\"elementor-widget-container\">\n\t\t\t\t\t\t\t\t\t<div class=\"space-between-min\">\u00a0<\/div><div class=\"description-text-small\"><p>4. Entrega o recollida:<br \/>Et portem el menjar al lloc<br \/>de l\u2019esdeveniment o pots<br \/>recollir-lo a la nostra botiga.<\/p><\/div><div class=\"space-between-min\">\u00a0<\/div>\t\t\t\t\t\t\t\t<\/div>\n\t\t\t\t<\/div>\n\t\t\t\t<\/div>\n\t\t\t\t<\/div>\n\t\t\t\t<\/div>\n\t\t<div class=\"elementor-element elementor-element-999e68f container-section-big back-dark-grey m-0 p-0 e-con-full e-flex e-con e-parent\" data-id=\"999e68f\" data-element_type=\"container\" data-settings=\"{&quot;background_background&quot;:&quot;classic&quot;}\">\n\t\t\t\t<div class=\"elementor-element elementor-element-9c36f86 elementor-widget elementor-widget-template\" data-id=\"9c36f86\" data-element_type=\"widget\" data-widget_type=\"template.default\">\n\t\t\t\t<div class=\"elementor-widget-container\">\n\t\t\t\t\t\t\t<div class=\"elementor-template\">\n\t\t\t\t\t<div data-elementor-type=\"container\" data-elementor-id=\"2615\" class=\"elementor elementor-2615\" data-elementor-post-type=\"elementor_library\">\n\t\t\t\t<div class=\"elementor-element elementor-element-9d725ce e-con-full container-section-small e-flex e-con e-parent\" data-id=\"9d725ce\" data-element_type=\"container\" data-settings=\"{&quot;background_background&quot;:&quot;classic&quot;}\">\n\t\t<div class=\"elementor-element elementor-element-8700379 e-flex e-con-boxed e-con e-child\" data-id=\"8700379\" data-element_type=\"container\">\n\t\t\t\t\t<div class=\"e-con-inner\">\n\t\t\t\t<div class=\"elementor-element elementor-element-a86ec3c elementor-widget elementor-widget-heading\" data-id=\"a86ec3c\" data-element_type=\"widget\" data-widget_type=\"heading.default\">\n\t\t\t\t<div class=\"elementor-widget-container\">\n\t\t\t\t\t<div class=\"elementor-heading-title elementor-size-default\"><div class=\"section-title text-center\">Contacta<\/div><\/div>\t\t\t\t<\/div>\n\t\t\t\t<\/div>\n\t\t\t\t<div class=\"elementor-element elementor-element-3fb16d5 elementor-widget elementor-widget-html\" data-id=\"3fb16d5\" data-element_type=\"widget\" data-widget_type=\"html.default\">\n\t\t\t\t<div class=\"elementor-widget-container\">\n\t\t\t\t\t<div class=\"space-between-min\"><\/div>\n<div class=\"description-text text-center\">Us animem a que sempre que ho vulgueu us poseu en contacte amb nosaltres per\n    fer-nos arribar\n    els vostres suggeriments, comentaris i propostes. Si voleu encarregar alg\u00fan plat o c\u00e0tering us podeu posar en\n    contacte\n    amb nosaltres mitjan\u00e7ant el tel\u00e8fon: <a href=\"tel:931180189\">931 180 189<\/a>, o omplint el formulari\n    <div class=\"space-between-min\"><\/div><\/div>\n    <div class=\"text-center\">\n        <button class=\"button-standard\"><a href=\"contacte\/\">Contacta'ns<\/a><\/button>\n    <\/div>\n\t\t\t\t<\/div>\n\t\t\t\t<\/div>\n\t\t\t\t\t<\/div>\n\t\t\t\t<\/div>\n\t\t\t\t<\/div>\n\t\t\t\t<\/div>\n\t\t\t\t<\/div>\n\t\t\t\t\t\t<\/div>\n\t\t\t\t<\/div>\n\t\t\t\t<\/div>\n\t\t\t\t<\/div>\n\t\t","protected":false},"excerpt":{"rendered":"<p>C\u00e0tering Per a reunions, esdeveniments o celebracions especials, oferim un servei de c\u00e0tering amb opcions variades i equilibrades. Des d\u2019aperitius lleugers fins a men\u00fas complets, podr\u00e0s escollir entre una \u00e0mplia selecci\u00f3 de plats elaborats amb ingredients frescos i de qualitat. Ens adaptem a les teves necessitats perqu\u00e8 nom\u00e9s hagis de gaudir. &nbsp; Fes el teu [&hellip;]<\/p>\n","protected":false},"author":1,"featured_media":0,"parent":0,"menu_order":0,"comment_status":"closed","ping_status":"closed","template":"elementor_header_footer","meta":{"_acf_changed":false,"footnotes":""},"class_list":["post-2670","page","type-page","status-publish","hentry"],"acf":[],"_links":{"self":[{"href":"http:\/\/95.217.188.178\/la-comtal\/wp-json\/wp\/v2\/pages\/2670","targetHints":{"allow":["GET"]}}],"collection":[{"href":"http:\/\/95.217.188.178\/la-comtal\/wp-json\/wp\/v2\/pages"}],"about":[{"href":"http:\/\/95.217.188.178\/la-comtal\/wp-json\/wp\/v2\/types\/page"}],"author":[{"embeddable":true,"href":"http:\/\/95.217.188.178\/la-comtal\/wp-json\/wp\/v2\/users\/1"}],"replies":[{"embeddable":true,"href":"http:\/\/95.217.188.178\/la-comtal\/wp-json\/wp\/v2\/comments?post=2670"}],"version-history":[{"count":193,"href":"http:\/\/95.217.188.178\/la-comtal\/wp-json\/wp\/v2\/pages\/2670\/revisions"}],"predecessor-version":[{"id":5696,"href":"http:\/\/95.217.188.178\/la-comtal\/wp-json\/wp\/v2\/pages\/2670\/revisions\/5696"}],"wp:attachment":[{"href":"http:\/\/95.217.188.178\/la-comtal\/wp-json\/wp\/v2\/media?parent=2670"}],"curies":[{"name":"wp","href":"https:\/\/api.w.org\/{rel}","templated":true}]}}