{"id":61,"date":"2025-09-29T12:59:10","date_gmt":"2025-09-29T10:59:10","guid":{"rendered":"http:\/\/95.217.188.178\/drxercavins\/?page_id=61"},"modified":"2025-11-11T12:50:39","modified_gmt":"2025-11-11T11:50:39","slug":"medicina-naturista","status":"publish","type":"page","link":"http:\/\/95.217.188.178\/drxercavins\/especialidades\/medicina-naturista\/","title":{"rendered":"Medicina Naturista"},"content":{"rendered":"\t\t<div data-elementor-type=\"wp-page\" data-elementor-id=\"61\" class=\"elementor elementor-61\" data-elementor-post-type=\"page\">\n\t\t\t\t<div class=\"elementor-element elementor-element-f1b9fb6 back-cream e-flex e-con-boxed e-con e-parent\" data-id=\"f1b9fb6\" data-element_type=\"container\">\n\t\t\t\t\t<div class=\"e-con-inner\">\n\t\t\t\t<div class=\"elementor-element elementor-element-2fc765d elementor-widget elementor-widget-heading\" data-id=\"2fc765d\" data-element_type=\"widget\" data-widget_type=\"heading.default\">\n\t\t\t\t\t<h1 class=\"elementor-heading-title elementor-size-default\">Medicina Naturista<\/h1>\t\t\t\t<\/div>\n\t\t\t\t\t<\/div>\n\t\t\t\t<\/div>\n\t\t<div class=\"elementor-element elementor-element-a57fef1 container-section-mini e-flex e-con-boxed e-con e-parent\" data-id=\"a57fef1\" data-element_type=\"container\">\n\t\t\t\t\t<div class=\"e-con-inner\">\n\t\t<div class=\"elementor-element elementor-element-4ae230e3 e-con-full e-flex e-con e-child\" data-id=\"4ae230e3\" data-element_type=\"container\">\n\t\t\t\t<div class=\"elementor-element elementor-element-b565551 elementor-widget elementor-widget-text-editor\" data-id=\"b565551\" data-element_type=\"widget\" data-widget_type=\"text-editor.default\">\n\t\t\t\t\t\t\t\t\t<p>Estamos orgullosos de conocer profundamente la\u00a0<strong>MEDICINA NATURAL<\/strong>\u00a0y poderla alternar con la\u00a0<strong>MEDICINA ALOP\u00c1TICA<\/strong>\u00a0tradicional. Muchas veces hemos resuelto problemas de salud con\u00a0<strong>MEDICINA NATURISTA<\/strong>, con m\u00e1s eficacia que con f\u00e1rmacos qu\u00edmicos y con menos efectos secundarios.<\/p>\n<p>&nbsp;<\/p>\n<p>Sinceramente, creemos que la gran ventaja es ser \u201c<strong>M\u00c9DICOS TRADICIONALES<\/strong>\u201d y al mismo tiempo conocer LA MEDICINA NATURAL, as\u00ed podemos actuar de forma distinta o complementaria seg\u00fan los casos.<\/p>\n<p>Pero eso s\u00ed, la\u00a0<strong>MEDICINA NATURISTA<\/strong>\u00a0y especialmente el tratamiento con Complementos Alimentarios o Natrac\u00e9uticos no deber\u00eda basarse en la suposici\u00f3n o el empirismo sino en bases cient\u00edficas rotundas. Y as\u00ed nosotros, especialmente en pacientes cr\u00f3nicos casi nunca usamos los productos naturales sin un estudio previo de las necesidades reales del paciente.<\/p>\n<p><!-- \/wp:paragraph -->\n\n<!-- wp:paragraph --><\/p>\n<p>Tampoco lo hacemos cuando \u201csimplemente\u201d queremos potenciar la salud de alguien, aunque est\u00e9 sano. Nosotros no podr\u00edamos entender dar un complejo antioxidante, cuando lo que aquella persona necesita es solo CONEZIMA Q10, por ejemplo.<\/p>\n<p><!-- \/wp:paragraph -->\n\n<!-- wp:paragraph --><\/p>\n<p>As\u00ed pues aparte de la espontanea MEDICINA NATURAL que practicamos en el d\u00eda a d\u00eda, preferimos hacerlo previo estudio que nos proporciona la biolog\u00eda molecular. Ver links\u00a0medicina para la salud\u00a0o\u00a0plan \u00f3mnium salud\u00a0o\u00a0medicina gen\u00e9tica.<br \/>As\u00ed pues, nuestra MEDICINA NATURISTA estar\u00e1 amparada por las bases cient\u00edficas m\u00e1s exigentes que nos proporciona la biotecnolog\u00eda, con los estudios previos descritos.<\/p>\n<p>&nbsp;<\/p>\n\n<p style=\"text-align: center; width: 100%;\"><button class=\"button-standard-back-white\"><a href=\"http:\/\/95.217.188.178\/drxercavins\/contacto\/\">SOLICITAR CITA<\/a><\/button><\/p>\t\t\t\t\t\t\t\t<\/div>\n\t\t\t\t<div class=\"elementor-element elementor-element-3352987 elementor-widget elementor-widget-spacer\" data-id=\"3352987\" data-element_type=\"widget\" data-widget_type=\"spacer.default\">\n\t\t\t\t\t\t\t<div class=\"elementor-spacer\">\n\t\t\t<div class=\"elementor-spacer-inner\"><\/div>\n\t\t<\/div>\n\t\t\t\t\t\t<\/div>\n\t\t\t\t<div class=\"elementor-element elementor-element-59c2fe5 elementor-widget elementor-widget-image\" data-id=\"59c2fe5\" data-element_type=\"widget\" data-widget_type=\"image.default\">\n\t\t\t\t\t\t\t\t\t\t\t\t\t\t\t<img fetchpriority=\"high\" decoding=\"async\" width=\"768\" height=\"1152\" src=\"http:\/\/95.217.188.178\/drxercavins\/wp-content\/uploads\/2025\/10\/pexels-n-voitkevich-7615457-768x1152.jpg\" class=\"attachment-medium_large size-medium_large wp-image-1704\" alt=\"\" srcset=\"http:\/\/95.217.188.178\/drxercavins\/wp-content\/uploads\/2025\/10\/pexels-n-voitkevich-7615457-768x1152.jpg 768w, http:\/\/95.217.188.178\/drxercavins\/wp-content\/uploads\/2025\/10\/pexels-n-voitkevich-7615457-200x300.jpg 200w, http:\/\/95.217.188.178\/drxercavins\/wp-content\/uploads\/2025\/10\/pexels-n-voitkevich-7615457-683x1024.jpg 683w, http:\/\/95.217.188.178\/drxercavins\/wp-content\/uploads\/2025\/10\/pexels-n-voitkevich-7615457-1024x1536.jpg 1024w, http:\/\/95.217.188.178\/drxercavins\/wp-content\/uploads\/2025\/10\/pexels-n-voitkevich-7615457-1365x2048.jpg 1365w, http:\/\/95.217.188.178\/drxercavins\/wp-content\/uploads\/2025\/10\/pexels-n-voitkevich-7615457-scaled.jpg 1707w\" sizes=\"(max-width: 768px) 100vw, 768px\" \/>\t\t\t\t\t\t\t\t\t\t\t\t\t\t\t<\/div>\n\t\t\t\t<\/div>\n\t\t<div class=\"elementor-element elementor-element-be50825 e-con-full elementor-hidden-mobile e-flex e-con e-child\" data-id=\"be50825\" data-element_type=\"container\">\n\t\t<div class=\"elementor-element elementor-element-ea2f495 e-con-full border-square d-none e-flex e-con e-child\" data-id=\"ea2f495\" data-element_type=\"container\">\n\t\t\t\t<div class=\"elementor-element elementor-element-f7f6a54 description-text elementor-widget elementor-widget-text-editor\" data-id=\"f7f6a54\" data-element_type=\"widget\" data-widget_type=\"text-editor.default\">\n\t\t\t\t\t\t\t\t\t<p><strong>\u00a0\u00a1RESERVA TU CITA!<\/strong><\/p>\t\t\t\t\t\t\t\t<\/div>\n\t\t\t\t<div class=\"elementor-element elementor-element-3821344 elementor-button-align-stretch elementor-widget elementor-widget-form\" data-id=\"3821344\" data-element_type=\"widget\" data-settings=\"{&quot;step_next_label&quot;:&quot;Next&quot;,&quot;step_previous_label&quot;:&quot;Previous&quot;,&quot;button_width&quot;:&quot;100&quot;,&quot;step_type&quot;:&quot;number_text&quot;,&quot;step_icon_shape&quot;:&quot;circle&quot;}\" data-widget_type=\"form.default\">\n\t\t\t\t\t\t\t<form class=\"elementor-form\" method=\"post\" name=\"Contact Form\" aria-label=\"Contact Form\">\n\t\t\t<input type=\"hidden\" name=\"post_id\" value=\"61\"\/>\n\t\t\t<input type=\"hidden\" name=\"form_id\" value=\"3821344\"\/>\n\t\t\t<input type=\"hidden\" name=\"referer_title\" value=\"Medicina Naturista - Consulta Dr. Xercavins\" \/>\n\n\t\t\t\t\t\t\t<input type=\"hidden\" name=\"queried_id\" value=\"61\"\/>\n\t\t\t\n\t\t\t<div class=\"elementor-form-fields-wrapper elementor-labels-above\">\n\t\t\t\t\t\t\t\t<div class=\"elementor-field-type-text elementor-field-group elementor-column elementor-field-group-name elementor-col-100\">\n\t\t\t\t\t\t\t\t\t\t\t\t<label for=\"form-field-name\" class=\"elementor-field-label\">\n\t\t\t\t\t\t\t\tNombre\t\t\t\t\t\t\t<\/label>\n\t\t\t\t\t\t\t\t\t\t\t\t\t\t<input size=\"1\" type=\"text\" name=\"form_fields[name]\" id=\"form-field-name\" class=\"elementor-field elementor-size-sm  elementor-field-textual\">\n\t\t\t\t\t\t\t\t\t\t\t<\/div>\n\t\t\t\t\t\t\t\t<div class=\"elementor-field-type-email elementor-field-group elementor-column elementor-field-group-email elementor-col-100 elementor-field-required elementor-mark-required\">\n\t\t\t\t\t\t\t\t\t\t\t\t<label for=\"form-field-email\" class=\"elementor-field-label\">\n\t\t\t\t\t\t\t\tCorreo electr\u00f3nico\t\t\t\t\t\t\t<\/label>\n\t\t\t\t\t\t\t\t\t\t\t\t\t\t<input size=\"1\" type=\"email\" name=\"form_fields[email]\" id=\"form-field-email\" class=\"elementor-field elementor-size-sm  elementor-field-textual\" required=\"required\">\n\t\t\t\t\t\t\t\t\t\t\t<\/div>\n\t\t\t\t\t\t\t\t<div class=\"elementor-field-type-textarea elementor-field-group elementor-column elementor-field-group-message elementor-col-100 elementor-field-required elementor-mark-required\">\n\t\t\t\t\t\t\t\t\t\t\t\t<label for=\"form-field-message\" class=\"elementor-field-label\">\n\t\t\t\t\t\t\t\tMensaje\t\t\t\t\t\t\t<\/label>\n\t\t\t\t\t\t<textarea class=\"elementor-field-textual elementor-field  elementor-size-sm\" name=\"form_fields[message]\" id=\"form-field-message\" rows=\"4\" required=\"required\"><\/textarea>\t\t\t\t<\/div>\n\t\t\t\t\t\t\t\t<div class=\"elementor-field-type-acceptance elementor-field-group elementor-column elementor-field-group-field_6d56d00 elementor-col-100 elementor-field-required elementor-mark-required\">\n\t\t\t\t\t\t\t\t\t\t\t\t<label for=\"form-field-field_6d56d00\" class=\"elementor-field-label\">\n\t\t\t\t\t\t\t\tHe leido y acepto la <a href=\"\/politica-de-privacidad\/\" rel=\"noopener noreferrer\" class=\"text-underline\">pol\u00edtica de privacidad<\/a>\t\t\t\t\t\t\t<\/label>\n\t\t\t\t\t\t\t\t<div class=\"elementor-field-subgroup\">\n\t\t\t<span class=\"elementor-field-option\">\n\t\t\t\t<input type=\"checkbox\" name=\"form_fields[field_6d56d00]\" id=\"form-field-field_6d56d00\" class=\"elementor-field elementor-size-sm  elementor-acceptance-field\" required=\"required\">\n\t\t\t\t\t\t\t<\/span>\n\t\t<\/div>\n\t\t\t\t\t\t<\/div>\n\t\t\t\t\t\t\t\t<div class=\"elementor-field-group elementor-column elementor-field-type-submit elementor-col-100 e-form__buttons\">\n\t\t\t\t\t<button class=\"elementor-button elementor-size-xs\" type=\"submit\" id=\"submit-button\">\n\t\t\t\t\t\t<span class=\"elementor-button-content-wrapper\">\n\t\t\t\t\t\t\t\t\t\t\t\t\t\t\t\t\t\t\t\t\t\t<span class=\"elementor-button-text\">ENVIAR<\/span>\n\t\t\t\t\t\t\t\t\t\t\t\t\t<\/span>\n\t\t\t\t\t<\/button>\n\t\t\t\t<\/div>\n\t\t\t<\/div>\n\t\t<\/form>\n\t\t\t\t\t\t<\/div>\n\t\t\t\t<\/div>\n\t\t<div class=\"elementor-element elementor-element-79db303 e-con-full border-square e-flex e-con e-child\" data-id=\"79db303\" data-element_type=\"container\" data-settings=\"{&quot;background_background&quot;:&quot;classic&quot;}\">\n\t\t\t\t<div class=\"elementor-element elementor-element-3441b38 description-text elementor-widget elementor-widget-text-editor\" data-id=\"3441b38\" data-element_type=\"widget\" data-widget_type=\"text-editor.default\">\n\t\t\t\t\t\t\t\t\t<p><strong>\u00a0\u00a1Contacta con nosotros!<\/strong><\/p>\t\t\t\t\t\t\t\t<\/div>\n\t\t\t\t<div class=\"elementor-element elementor-element-29d42ac elementor-view-default elementor-widget elementor-widget-icon\" data-id=\"29d42ac\" data-element_type=\"widget\" data-widget_type=\"icon.default\">\n\t\t\t\t\t\t\t<div class=\"elementor-icon-wrapper\">\n\t\t\t<div class=\"elementor-icon\">\n\t\t\t<svg aria-hidden=\"true\" class=\"e-font-icon-svg e-fas-phone\" viewBox=\"0 0 512 512\" xmlns=\"http:\/\/www.w3.org\/2000\/svg\"><path d=\"M493.4 24.6l-104-24c-11.3-2.6-22.9 3.3-27.5 13.9l-48 112c-4.2 9.8-1.4 21.3 6.9 28l60.6 49.6c-36 76.7-98.9 140.5-177.2 177.2l-49.6-60.6c-6.8-8.3-18.2-11.1-28-6.9l-112 48C3.9 366.5-2 378.1.6 389.4l24 104C27.1 504.2 36.7 512 48 512c256.1 0 464-207.5 464-464 0-11.2-7.7-20.9-18.6-23.4z\"><\/path><\/svg>\t\t\t<\/div>\n\t\t<\/div>\n\t\t\t\t\t\t<\/div>\n\t\t\t\t<div class=\"elementor-element elementor-element-0fc2d42 description-text elementor-widget elementor-widget-text-editor\" data-id=\"0fc2d42\" data-element_type=\"widget\" data-widget_type=\"text-editor.default\">\n\t\t\t\t\t\t\t\t\t<p><strong>\u00a0<\/strong>Puedes llamarnos al<\/p>\n<p><a href=\"tel:+34934105348\">93 410 53 48<\/a><\/p>\t\t\t\t\t\t\t\t<\/div>\n\t\t\t\t<\/div>\n\t\t\t\t<\/div>\n\t\t\t\t\t<\/div>\n\t\t\t\t<\/div>\n\t\t\t\t<\/div>\n\t\t","protected":false},"excerpt":{"rendered":"<p>Medicina Naturista Estamos orgullosos de conocer profundamente la\u00a0MEDICINA NATURAL\u00a0y poderla alternar con la\u00a0MEDICINA ALOP\u00c1TICA\u00a0tradicional. Muchas veces hemos resuelto problemas de salud con\u00a0MEDICINA NATURISTA, con m\u00e1s eficacia que con f\u00e1rmacos qu\u00edmicos y con menos efectos secundarios. &nbsp; Sinceramente, creemos que la gran ventaja es ser \u201cM\u00c9DICOS TRADICIONALES\u201d y al mismo tiempo conocer LA MEDICINA NATURAL, as\u00ed [&hellip;]<\/p>\n","protected":false},"author":1,"featured_media":0,"parent":1114,"menu_order":0,"comment_status":"closed","ping_status":"closed","template":"","meta":{"footnotes":""},"class_list":["post-61","page","type-page","status-publish","hentry"],"yoast_head":"<!-- This site is optimized with the Yoast SEO plugin v26.3 - https:\/\/yoast.com\/wordpress\/plugins\/seo\/ -->\n<title>Medicina Naturista - Consulta Dr. Xercavins<\/title>\n<meta name=\"robots\" content=\"noindex, follow, max-snippet:-1, max-image-preview:large, max-video-preview:-1\" \/>\n<meta property=\"og:locale\" content=\"es_ES\" \/>\n<meta property=\"og:type\" content=\"article\" \/>\n<meta property=\"og:title\" content=\"Medicina Naturista - Consulta Dr. Xercavins\" \/>\n<meta property=\"og:description\" content=\"Medicina Naturista Estamos orgullosos de conocer profundamente la\u00a0MEDICINA NATURAL\u00a0y poderla alternar con la\u00a0MEDICINA ALOP\u00c1TICA\u00a0tradicional. Muchas veces hemos resuelto problemas de salud con\u00a0MEDICINA NATURISTA, con m\u00e1s eficacia que con f\u00e1rmacos qu\u00edmicos y con menos efectos secundarios. &nbsp; Sinceramente, creemos que la gran ventaja es ser \u201cM\u00c9DICOS TRADICIONALES\u201d y al mismo tiempo conocer LA MEDICINA NATURAL, as\u00ed [&hellip;]\" \/>\n<meta property=\"og:url\" content=\"http:\/\/95.217.188.178\/drxercavins\/especialidades\/medicina-naturista\/\" \/>\n<meta property=\"og:site_name\" content=\"Consulta Dr. Xercavins\" \/>\n<meta property=\"article:modified_time\" content=\"2025-11-11T11:50:39+00:00\" \/>\n<meta property=\"og:image\" content=\"http:\/\/95.217.188.178\/drxercavins\/wp-content\/uploads\/2025\/10\/pexels-n-voitkevich-7615457-scaled.jpg\" \/>\n\t<meta property=\"og:image:width\" content=\"1707\" \/>\n\t<meta property=\"og:image:height\" content=\"2560\" \/>\n\t<meta property=\"og:image:type\" content=\"image\/jpeg\" \/>\n<meta name=\"twitter:card\" content=\"summary_large_image\" \/>\n<meta name=\"twitter:label1\" content=\"Tiempo de lectura\" \/>\n\t<meta name=\"twitter:data1\" content=\"2 minutos\" \/>\n<script type=\"application\/ld+json\" class=\"yoast-schema-graph\">{\"@context\":\"https:\/\/schema.org\",\"@graph\":[{\"@type\":\"WebPage\",\"@id\":\"http:\/\/95.217.188.178\/drxercavins\/especialidades\/medicina-naturista\/\",\"url\":\"http:\/\/95.217.188.178\/drxercavins\/especialidades\/medicina-naturista\/\",\"name\":\"Medicina Naturista - Consulta Dr. Xercavins\",\"isPartOf\":{\"@id\":\"http:\/\/95.217.188.178\/drxercavins\/#website\"},\"primaryImageOfPage\":{\"@id\":\"http:\/\/95.217.188.178\/drxercavins\/especialidades\/medicina-naturista\/#primaryimage\"},\"image\":{\"@id\":\"http:\/\/95.217.188.178\/drxercavins\/especialidades\/medicina-naturista\/#primaryimage\"},\"thumbnailUrl\":\"http:\/\/95.217.188.178\/drxercavins\/wp-content\/uploads\/2025\/10\/pexels-n-voitkevich-7615457-768x1152.jpg\",\"datePublished\":\"2025-09-29T10:59:10+00:00\",\"dateModified\":\"2025-11-11T11:50:39+00:00\",\"breadcrumb\":{\"@id\":\"http:\/\/95.217.188.178\/drxercavins\/especialidades\/medicina-naturista\/#breadcrumb\"},\"inLanguage\":\"es\",\"potentialAction\":[{\"@type\":\"ReadAction\",\"target\":[\"http:\/\/95.217.188.178\/drxercavins\/especialidades\/medicina-naturista\/\"]}]},{\"@type\":\"ImageObject\",\"inLanguage\":\"es\",\"@id\":\"http:\/\/95.217.188.178\/drxercavins\/especialidades\/medicina-naturista\/#primaryimage\",\"url\":\"http:\/\/95.217.188.178\/drxercavins\/wp-content\/uploads\/2025\/10\/pexels-n-voitkevich-7615457-scaled.jpg\",\"contentUrl\":\"http:\/\/95.217.188.178\/drxercavins\/wp-content\/uploads\/2025\/10\/pexels-n-voitkevich-7615457-scaled.jpg\",\"width\":1707,\"height\":2560},{\"@type\":\"BreadcrumbList\",\"@id\":\"http:\/\/95.217.188.178\/drxercavins\/especialidades\/medicina-naturista\/#breadcrumb\",\"itemListElement\":[{\"@type\":\"ListItem\",\"position\":1,\"name\":\"Portada\",\"item\":\"http:\/\/95.217.188.178\/drxercavins\/\"},{\"@type\":\"ListItem\",\"position\":2,\"name\":\"Especialidades\",\"item\":\"http:\/\/95.217.188.178\/drxercavins\/especialidades\/\"},{\"@type\":\"ListItem\",\"position\":3,\"name\":\"Medicina Naturista\"}]},{\"@type\":\"WebSite\",\"@id\":\"http:\/\/95.217.188.178\/drxercavins\/#website\",\"url\":\"http:\/\/95.217.188.178\/drxercavins\/\",\"name\":\"Consulta Dr. Xercavins\",\"description\":\"Consulta M\u00e9dica en Barcelona\",\"publisher\":{\"@id\":\"http:\/\/95.217.188.178\/drxercavins\/#organization\"},\"potentialAction\":[{\"@type\":\"SearchAction\",\"target\":{\"@type\":\"EntryPoint\",\"urlTemplate\":\"http:\/\/95.217.188.178\/drxercavins\/?s={search_term_string}\"},\"query-input\":{\"@type\":\"PropertyValueSpecification\",\"valueRequired\":true,\"valueName\":\"search_term_string\"}}],\"inLanguage\":\"es\"},{\"@type\":\"Organization\",\"@id\":\"http:\/\/95.217.188.178\/drxercavins\/#organization\",\"name\":\"Consulta Dr. Xercavins\",\"url\":\"http:\/\/95.217.188.178\/drxercavins\/\",\"logo\":{\"@type\":\"ImageObject\",\"inLanguage\":\"es\",\"@id\":\"http:\/\/95.217.188.178\/drxercavins\/#\/schema\/logo\/image\/\",\"url\":\"http:\/\/95.217.188.178\/drxercavins\/wp-content\/uploads\/2025\/10\/ogo-actua-1.png\",\"contentUrl\":\"http:\/\/95.217.188.178\/drxercavins\/wp-content\/uploads\/2025\/10\/ogo-actua-1.png\",\"width\":500,\"height\":95,\"caption\":\"Consulta Dr. Xercavins\"},\"image\":{\"@id\":\"http:\/\/95.217.188.178\/drxercavins\/#\/schema\/logo\/image\/\"}}]}<\/script>\n<!-- \/ Yoast SEO plugin. -->","yoast_head_json":{"title":"Medicina Naturista - Consulta Dr. Xercavins","robots":{"index":"noindex","follow":"follow","max-snippet":"max-snippet:-1","max-image-preview":"max-image-preview:large","max-video-preview":"max-video-preview:-1"},"og_locale":"es_ES","og_type":"article","og_title":"Medicina Naturista - Consulta Dr. Xercavins","og_description":"Medicina Naturista Estamos orgullosos de conocer profundamente la\u00a0MEDICINA NATURAL\u00a0y poderla alternar con la\u00a0MEDICINA ALOP\u00c1TICA\u00a0tradicional. Muchas veces hemos resuelto problemas de salud con\u00a0MEDICINA NATURISTA, con m\u00e1s eficacia que con f\u00e1rmacos qu\u00edmicos y con menos efectos secundarios. &nbsp; Sinceramente, creemos que la gran ventaja es ser \u201cM\u00c9DICOS TRADICIONALES\u201d y al mismo tiempo conocer LA MEDICINA NATURAL, as\u00ed [&hellip;]","og_url":"http:\/\/95.217.188.178\/drxercavins\/especialidades\/medicina-naturista\/","og_site_name":"Consulta Dr. Xercavins","article_modified_time":"2025-11-11T11:50:39+00:00","og_image":[{"width":1707,"height":2560,"url":"http:\/\/95.217.188.178\/drxercavins\/wp-content\/uploads\/2025\/10\/pexels-n-voitkevich-7615457-scaled.jpg","type":"image\/jpeg"}],"twitter_card":"summary_large_image","twitter_misc":{"Tiempo de lectura":"2 minutos"},"schema":{"@context":"https:\/\/schema.org","@graph":[{"@type":"WebPage","@id":"http:\/\/95.217.188.178\/drxercavins\/especialidades\/medicina-naturista\/","url":"http:\/\/95.217.188.178\/drxercavins\/especialidades\/medicina-naturista\/","name":"Medicina Naturista - Consulta Dr. Xercavins","isPartOf":{"@id":"http:\/\/95.217.188.178\/drxercavins\/#website"},"primaryImageOfPage":{"@id":"http:\/\/95.217.188.178\/drxercavins\/especialidades\/medicina-naturista\/#primaryimage"},"image":{"@id":"http:\/\/95.217.188.178\/drxercavins\/especialidades\/medicina-naturista\/#primaryimage"},"thumbnailUrl":"http:\/\/95.217.188.178\/drxercavins\/wp-content\/uploads\/2025\/10\/pexels-n-voitkevich-7615457-768x1152.jpg","datePublished":"2025-09-29T10:59:10+00:00","dateModified":"2025-11-11T11:50:39+00:00","breadcrumb":{"@id":"http:\/\/95.217.188.178\/drxercavins\/especialidades\/medicina-naturista\/#breadcrumb"},"inLanguage":"es","potentialAction":[{"@type":"ReadAction","target":["http:\/\/95.217.188.178\/drxercavins\/especialidades\/medicina-naturista\/"]}]},{"@type":"ImageObject","inLanguage":"es","@id":"http:\/\/95.217.188.178\/drxercavins\/especialidades\/medicina-naturista\/#primaryimage","url":"http:\/\/95.217.188.178\/drxercavins\/wp-content\/uploads\/2025\/10\/pexels-n-voitkevich-7615457-scaled.jpg","contentUrl":"http:\/\/95.217.188.178\/drxercavins\/wp-content\/uploads\/2025\/10\/pexels-n-voitkevich-7615457-scaled.jpg","width":1707,"height":2560},{"@type":"BreadcrumbList","@id":"http:\/\/95.217.188.178\/drxercavins\/especialidades\/medicina-naturista\/#breadcrumb","itemListElement":[{"@type":"ListItem","position":1,"name":"Portada","item":"http:\/\/95.217.188.178\/drxercavins\/"},{"@type":"ListItem","position":2,"name":"Especialidades","item":"http:\/\/95.217.188.178\/drxercavins\/especialidades\/"},{"@type":"ListItem","position":3,"name":"Medicina Naturista"}]},{"@type":"WebSite","@id":"http:\/\/95.217.188.178\/drxercavins\/#website","url":"http:\/\/95.217.188.178\/drxercavins\/","name":"Consulta Dr. Xercavins","description":"Consulta M\u00e9dica en Barcelona","publisher":{"@id":"http:\/\/95.217.188.178\/drxercavins\/#organization"},"potentialAction":[{"@type":"SearchAction","target":{"@type":"EntryPoint","urlTemplate":"http:\/\/95.217.188.178\/drxercavins\/?s={search_term_string}"},"query-input":{"@type":"PropertyValueSpecification","valueRequired":true,"valueName":"search_term_string"}}],"inLanguage":"es"},{"@type":"Organization","@id":"http:\/\/95.217.188.178\/drxercavins\/#organization","name":"Consulta Dr. Xercavins","url":"http:\/\/95.217.188.178\/drxercavins\/","logo":{"@type":"ImageObject","inLanguage":"es","@id":"http:\/\/95.217.188.178\/drxercavins\/#\/schema\/logo\/image\/","url":"http:\/\/95.217.188.178\/drxercavins\/wp-content\/uploads\/2025\/10\/ogo-actua-1.png","contentUrl":"http:\/\/95.217.188.178\/drxercavins\/wp-content\/uploads\/2025\/10\/ogo-actua-1.png","width":500,"height":95,"caption":"Consulta Dr. Xercavins"},"image":{"@id":"http:\/\/95.217.188.178\/drxercavins\/#\/schema\/logo\/image\/"}}]}},"_links":{"self":[{"href":"http:\/\/95.217.188.178\/drxercavins\/wp-json\/wp\/v2\/pages\/61","targetHints":{"allow":["GET"]}}],"collection":[{"href":"http:\/\/95.217.188.178\/drxercavins\/wp-json\/wp\/v2\/pages"}],"about":[{"href":"http:\/\/95.217.188.178\/drxercavins\/wp-json\/wp\/v2\/types\/page"}],"author":[{"embeddable":true,"href":"http:\/\/95.217.188.178\/drxercavins\/wp-json\/wp\/v2\/users\/1"}],"replies":[{"embeddable":true,"href":"http:\/\/95.217.188.178\/drxercavins\/wp-json\/wp\/v2\/comments?post=61"}],"version-history":[{"count":82,"href":"http:\/\/95.217.188.178\/drxercavins\/wp-json\/wp\/v2\/pages\/61\/revisions"}],"predecessor-version":[{"id":4624,"href":"http:\/\/95.217.188.178\/drxercavins\/wp-json\/wp\/v2\/pages\/61\/revisions\/4624"}],"up":[{"embeddable":true,"href":"http:\/\/95.217.188.178\/drxercavins\/wp-json\/wp\/v2\/pages\/1114"}],"wp:attachment":[{"href":"http:\/\/95.217.188.178\/drxercavins\/wp-json\/wp\/v2\/media?parent=61"}],"curies":[{"name":"wp","href":"https:\/\/api.w.org\/{rel}","templated":true}]}}