{"id":52,"date":"2025-09-29T12:59:45","date_gmt":"2025-09-29T10:59:45","guid":{"rendered":"http:\/\/95.217.188.178\/drxercavins\/?page_id=52"},"modified":"2025-11-05T18:44:48","modified_gmt":"2025-11-05T17:44:48","slug":"medicina-preventiva","status":"publish","type":"page","link":"http:\/\/95.217.188.178\/drxercavins\/especialidades\/medicina-preventiva\/","title":{"rendered":"Medicina Preventiva"},"content":{"rendered":"\t\t<div data-elementor-type=\"wp-page\" data-elementor-id=\"52\" class=\"elementor elementor-52\" data-elementor-post-type=\"page\">\n\t\t\t\t<div class=\"elementor-element elementor-element-d7d87e5 back-cream e-flex e-con-boxed e-con e-parent\" data-id=\"d7d87e5\" data-element_type=\"container\">\n\t\t\t\t\t<div class=\"e-con-inner\">\n\t\t\t\t<div class=\"elementor-element elementor-element-3377c5e elementor-widget elementor-widget-heading\" data-id=\"3377c5e\" data-element_type=\"widget\" data-widget_type=\"heading.default\">\n\t\t\t\t\t<h1 class=\"elementor-heading-title elementor-size-default\">Medicina Preventiva<\/h1>\t\t\t\t<\/div>\n\t\t\t\t\t<\/div>\n\t\t\t\t<\/div>\n\t\t<div class=\"elementor-element elementor-element-8466415 e-con-full container-section-mini e-flex e-con e-parent\" data-id=\"8466415\" data-element_type=\"container\">\n\t\t\t\t<div class=\"elementor-element elementor-element-085f6ec description-text elementor-widget elementor-widget-text-editor\" data-id=\"085f6ec\" data-element_type=\"widget\" data-widget_type=\"text-editor.default\">\n\t\t\t\t\t\t\t\t\t<p><span style=\"font-weight: 400;\">En Cl\u00ednica Xercavins entendemos la medicina preventiva como una disciplina clave para preservar el bienestar, evitar la aparici\u00f3n de enfermedades y controlar de forma temprana posibles desequilibrios en el organismo. A diferencia del modelo reactivo tradicional, la prevenci\u00f3n se basa en una actitud proactiva, individualizada y continua, que busca mantener el equilibrio f\u00edsico, emocional, nutricional y metab\u00f3lico a lo largo del tiempo.<\/span><\/p><p><span style=\"font-weight: 400;\">Gracias a nuestro enfoque integrativo \u2014que une medicina general, naturista, nutrici\u00f3n cl\u00ednica, estudio gen\u00e9tico, tecnolog\u00edas diagn\u00f3sticas y acompa\u00f1amiento terap\u00e9utico\u2014 ofrecemos estrategias eficaces para cuidar la salud desde tres niveles de actuaci\u00f3n:<\/span><\/p>\t\t\t\t\t\t\t\t<\/div>\n\t\t\t\t<\/div>\n\t\t<div class=\"elementor-element elementor-element-e5ea361 e-con-full container-section-mini-horizontal e-flex e-con e-parent\" data-id=\"e5ea361\" data-element_type=\"container\">\n\t\t\t\t<div class=\"elementor-element elementor-element-04d29b6 elementor-pagination-type-bullets elementor-pagination-position-outside elementor-widget elementor-widget-n-carousel\" data-id=\"04d29b6\" data-element_type=\"widget\" data-settings=\"{&quot;carousel_items&quot;:[{&quot;slide_title&quot;:&quot;Slide #1&quot;,&quot;_id&quot;:&quot;cb9c62f&quot;},{&quot;slide_title&quot;:&quot;Slide #2&quot;,&quot;_id&quot;:&quot;ca91d85&quot;},{&quot;_id&quot;:&quot;804a1a6&quot;,&quot;slide_title&quot;:&quot;Slide #3&quot;}],&quot;slides_to_show&quot;:&quot;1&quot;,&quot;slides_to_scroll&quot;:&quot;1&quot;,&quot;slides_to_scroll_mobile&quot;:&quot;1&quot;,&quot;image_spacing_custom_mobile&quot;:{&quot;unit&quot;:&quot;px&quot;,&quot;size&quot;:0,&quot;sizes&quot;:[]},&quot;slides_to_show_tablet&quot;:&quot;2&quot;,&quot;slides_to_show_mobile&quot;:&quot;1&quot;,&quot;infinite&quot;:&quot;yes&quot;,&quot;speed&quot;:500,&quot;offset_sides&quot;:&quot;none&quot;,&quot;pagination&quot;:&quot;bullets&quot;,&quot;image_spacing_custom&quot;:{&quot;unit&quot;:&quot;px&quot;,&quot;size&quot;:10,&quot;sizes&quot;:[]},&quot;image_spacing_custom_tablet&quot;:{&quot;unit&quot;:&quot;px&quot;,&quot;size&quot;:&quot;&quot;,&quot;sizes&quot;:[]}}\" data-widget_type=\"nested-carousel.default\">\n\t\t\t\t\t\t\t<div class=\"e-n-carousel swiper\" role=\"region\" aria-roledescription=\"carousel\" aria-label=\"Carousel\" dir=\"ltr\">\n\t\t\t<div class=\"swiper-wrapper\" aria-live=\"polite\">\n\t\t\t\t\t\t\t\t\t\t<div class=\"swiper-slide\" data-slide=\"1\" role=\"group\" aria-roledescription=\"slide\" aria-label=\"1 of 3\">\n\t\t\t\t\t\t\t<div class=\"elementor-element elementor-element-fdf12fa e-con-full e-flex e-con e-child\" data-id=\"fdf12fa\" data-element_type=\"container\">\n\t\t\t\t<div class=\"elementor-element elementor-element-43fde7b elementor-widget elementor-widget-heading\" data-id=\"43fde7b\" data-element_type=\"widget\" data-widget_type=\"heading.default\">\n\t\t\t\t\t<h2 class=\"elementor-heading-title elementor-size-default\">Prevenci\u00f3n Primaria<\/h2>\t\t\t\t<\/div>\n\t\t\t\t<div class=\"elementor-element elementor-element-fa28af7 description-text elementor-widget elementor-widget-text-editor\" data-id=\"fa28af7\" data-element_type=\"widget\" data-widget_type=\"text-editor.default\">\n\t\t\t\t\t\t\t\t\t<p><span style=\"font-weight: 400;\"><strong>Objetivo:<\/strong> evitar que la enfermedad aparezca.<\/span><span style=\"font-weight: 400;\"><br \/><\/span><span style=\"font-weight: 400;\"><strong>Actuamos sobre:<\/strong> h\u00e1bitos de vida, factores de riesgo, inmunidad, nutrici\u00f3n, gen\u00e9tica, estr\u00e9s<\/span><\/p>\t\t\t\t\t\t\t\t<\/div>\n\t\t\t\t<div class=\"elementor-element elementor-element-0705116 description-text elementor-widget elementor-widget-text-editor\" data-id=\"0705116\" data-element_type=\"widget\" data-widget_type=\"text-editor.default\">\n\t\t\t\t\t\t\t\t\t<ul><li><span style=\"font-weight: 400;\">Prevenci\u00f3n de diabetes tipo 2 mediante asesoramiento nutricional, control de glucemia basal y an\u00e1lisis de resistencia a la insulina.<\/span><\/li><\/ul>\t\t\t\t\t\t\t\t<\/div>\n\t\t\t\t<div class=\"elementor-element elementor-element-67ad825 description-text elementor-widget elementor-widget-text-editor\" data-id=\"67ad825\" data-element_type=\"widget\" data-widget_type=\"text-editor.default\">\n\t\t\t\t\t\t\t\t\t<ul><li><span style=\"font-weight: 400;\">Reducci\u00f3n del riesgo de hipertensi\u00f3n y enfermedades cardiovasculares con programas de ejercicio, manejo del estr\u00e9s y control del perfil lip\u00eddico.<\/span><\/li><\/ul>\t\t\t\t\t\t\t\t<\/div>\n\t\t\t\t<div class=\"elementor-element elementor-element-2fcf295 description-text elementor-widget elementor-widget-text-editor\" data-id=\"2fcf295\" data-element_type=\"widget\" data-widget_type=\"text-editor.default\">\n\t\t\t\t\t\t\t\t\t<ul><li><span style=\"font-weight: 400;\">Planes personalizados de fortalecimiento del sistema inmunol\u00f3gico frente a infecciones recurrentes (como gripes, resfriados o cistitis).<\/span><\/li><\/ul>\t\t\t\t\t\t\t\t<\/div>\n\t\t\t\t<div class=\"elementor-element elementor-element-7cd4e9a description-text elementor-widget elementor-widget-text-editor\" data-id=\"7cd4e9a\" data-element_type=\"widget\" data-widget_type=\"text-editor.default\">\n\t\t\t\t\t\t\t\t\t<ul><li><span style=\"font-weight: 400;\">Protocolos de salud intestinal y prevenci\u00f3n de disbiosis digestivas mediante microbiota, dieta antiinflamatoria y fitoterapia.<\/span><\/li><\/ul>\t\t\t\t\t\t\t\t<\/div>\n\t\t\t\t<\/div>\n\t\t\t\t\t\t\t\t<\/div>\n\t\t\t\t\t\t\t\t\t\t\t<div class=\"swiper-slide\" data-slide=\"2\" role=\"group\" aria-roledescription=\"slide\" aria-label=\"2 of 3\">\n\t\t\t\t\t\t\t<div class=\"elementor-element elementor-element-a1c2110 e-flex e-con-boxed e-con e-child\" data-id=\"a1c2110\" data-element_type=\"container\">\n\t\t\t\t\t<div class=\"e-con-inner\">\n\t\t\t\t<div class=\"elementor-element elementor-element-0bad34e elementor-widget elementor-widget-heading\" data-id=\"0bad34e\" data-element_type=\"widget\" data-widget_type=\"heading.default\">\n\t\t\t\t\t<h2 class=\"elementor-heading-title elementor-size-default\">Prevenci\u00f3n Secundaria<\/h2>\t\t\t\t<\/div>\n\t\t\t\t<div class=\"elementor-element elementor-element-ec784c9 description-text elementor-widget elementor-widget-text-editor\" data-id=\"ec784c9\" data-element_type=\"widget\" data-widget_type=\"text-editor.default\">\n\t\t\t\t\t\t\t\t\t<p><span style=\"font-weight: 400;\"><strong>Objetivo:<\/strong> detectar precozmente desequilibrios o enfermedades en fases iniciales.<\/span><span style=\"font-weight: 400;\"><br \/><\/span><span style=\"font-weight: 400;\"><strong>Actuamos sobre:<\/strong> factores silenciosos, marcadores precoces, alteraciones funcionales, riesgo gen\u00e9tico.<\/span><\/p>\t\t\t\t\t\t\t\t<\/div>\n\t\t<div class=\"elementor-element elementor-element-4e0b5f6 e-grid e-con-full e-con e-child\" data-id=\"4e0b5f6\" data-element_type=\"container\">\n\t\t\t\t<div class=\"elementor-element elementor-element-b72ca2c description-text elementor-widget elementor-widget-text-editor\" data-id=\"b72ca2c\" data-element_type=\"widget\" data-widget_type=\"text-editor.default\">\n\t\t\t\t\t\t\t\t\t<ul><li><span style=\"font-weight: 400;\">Detecci\u00f3n temprana del s\u00edndrome metab\u00f3lico antes de su evoluci\u00f3n a diabetes o enfermedad cardiovascular.<\/span><span style=\"font-weight: 400;\"><br \/><\/span><\/li><\/ul>\t\t\t\t\t\t\t\t<\/div>\n\t\t\t\t<div class=\"elementor-element elementor-element-26763cf description-text elementor-widget elementor-widget-text-editor\" data-id=\"26763cf\" data-element_type=\"widget\" data-widget_type=\"text-editor.default\">\n\t\t\t\t\t\t\t\t\t<ul><li><span style=\"font-weight: 400;\">Control regular de niveles hormonales (tiroides, cortisol, hormonas sexuales) en pacientes con fatiga cr\u00f3nica, ansiedad o cambios menstruales.<\/span><\/li><\/ul>\t\t\t\t\t\t\t\t<\/div>\n\t\t\t\t<div class=\"elementor-element elementor-element-035c8f0 description-text elementor-widget elementor-widget-text-editor\" data-id=\"035c8f0\" data-element_type=\"widget\" data-widget_type=\"text-editor.default\">\n\t\t\t\t\t\t\t\t\t<ul><li><span style=\"font-weight: 400;\">An\u00e1lisis bioimpedancia (InBody 770) para identificar desequilibrios de masa muscular, grasa visceral o agua corporal antes de que se manifiesten cl\u00ednicamente.<\/span><\/li><\/ul>\t\t\t\t\t\t\t\t<\/div>\n\t\t\t\t<div class=\"elementor-element elementor-element-6639e74 description-text elementor-widget elementor-widget-text-editor\" data-id=\"6639e74\" data-element_type=\"widget\" data-widget_type=\"text-editor.default\">\n\t\t\t\t\t\t\t\t\t<ul><li><span style=\"font-weight: 400;\">Cribado de riesgo oncol\u00f3gico a trav\u00e9s de antecedentes familiares, an\u00e1lisis funcionales y estrategias naturales de prevenci\u00f3n del c\u00e1ncer.<\/span><\/li><\/ul>\t\t\t\t\t\t\t\t<\/div>\n\t\t\t\t<\/div>\n\t\t\t\t\t<\/div>\n\t\t\t\t<\/div>\n\t\t\t\t\t\t\t\t<\/div>\n\t\t\t\t\t\t\t\t\t\t\t<div class=\"swiper-slide\" data-slide=\"3\" role=\"group\" aria-roledescription=\"slide\" aria-label=\"3 of 3\">\n\t\t\t\t\t\t\t<div class=\"elementor-element elementor-element-e828f5d e-con-full e-flex e-con e-child\" data-id=\"e828f5d\" data-element_type=\"container\">\n\t\t\t\t<div class=\"elementor-element elementor-element-209253c elementor-widget elementor-widget-heading\" data-id=\"209253c\" data-element_type=\"widget\" data-widget_type=\"heading.default\">\n\t\t\t\t\t<h2 class=\"elementor-heading-title elementor-size-default\">Prevenci\u00f3n Terciaria<\/h2>\t\t\t\t<\/div>\n\t\t\t\t<div class=\"elementor-element elementor-element-8d44589 description-text elementor-widget elementor-widget-text-editor\" data-id=\"8d44589\" data-element_type=\"widget\" data-widget_type=\"text-editor.default\">\n\t\t\t\t\t\t\t\t\t<p><span style=\"font-weight: 400;\"><strong>Objetivo:<\/strong> controlar y frenar la progresi\u00f3n de enfermedades ya diagnosticadas, evitando complicaciones y mejorando la calidad de vida.<\/span><span style=\"font-weight: 400;\"><br \/><\/span><span style=\"font-weight: 400;\"><strong>Actuamos sobre:<\/strong> enfermedades cr\u00f3nicas, dolor persistente, reca\u00eddas, efectos secundarios de tratamientos.<\/span><\/p>\t\t\t\t\t\t\t\t<\/div>\n\t\t<div class=\"elementor-element elementor-element-d001eb9 e-grid e-con-full e-con e-child\" data-id=\"d001eb9\" data-element_type=\"container\">\n\t\t\t\t<div class=\"elementor-element elementor-element-9410645 description-text elementor-widget elementor-widget-text-editor\" data-id=\"9410645\" data-element_type=\"widget\" data-widget_type=\"text-editor.default\">\n\t\t\t\t\t\t\t\t\t<ul><li><span style=\"font-weight: 400;\">Tratamiento de enfermedades autoinmunes con enfoque antiinflamatorio natural, reducci\u00f3n de estr\u00e9s y fisioterapia de soporte.<\/span><\/li><\/ul>\t\t\t\t\t\t\t\t<\/div>\n\t\t\t\t<div class=\"elementor-element elementor-element-1dc1af3 description-text elementor-widget elementor-widget-text-editor\" data-id=\"1dc1af3\" data-element_type=\"widget\" data-widget_type=\"text-editor.default\">\n\t\t\t\t\t\t\t\t\t<ul><li><span style=\"font-weight: 400;\">Planes integrales para el manejo de la diabetes o la hipertensi\u00f3n con control m\u00e9dico, asesoramiento nutricional y apoyo psicol\u00f3gico.<\/span><\/li><\/ul>\t\t\t\t\t\t\t\t<\/div>\n\t\t\t\t<div class=\"elementor-element elementor-element-2ff89d9 description-text elementor-widget elementor-widget-text-editor\" data-id=\"2ff89d9\" data-element_type=\"widget\" data-widget_type=\"text-editor.default\">\n\t\t\t\t\t\t\t\t\t<ul><li><span style=\"font-weight: 400;\">Manejo del dolor cr\u00f3nico (fibromialgia, artrosis, lumbalgias) con medicina integrativa, tecnolog\u00eda como <\/span><span style=\"font-weight: 400;\">Indiba <\/span><span style=\"font-weight: 400;\">y terapias complementarias.<\/span><\/li><\/ul>\t\t\t\t\t\t\t\t<\/div>\n\t\t\t\t<div class=\"elementor-element elementor-element-fc24901 description-text elementor-widget elementor-widget-text-editor\" data-id=\"fc24901\" data-element_type=\"widget\" data-widget_type=\"text-editor.default\">\n\t\t\t\t\t\t\t\t\t<ul><li><span style=\"font-weight: 400;\">Prevenci\u00f3n de complicaciones en enfermedades metab\u00f3licas (resistencia a la insulina, h\u00edgado graso, obesidad visceral) mediante reeducaci\u00f3n alimentaria y medicina naturista.<\/span><\/li><\/ul>\t\t\t\t\t\t\t\t<\/div>\n\t\t\t\t<\/div>\n\t\t\t\t<\/div>\n\t\t\t\t\t\t\t\t<\/div>\n\t\t\t\t\t\t\t\t<\/div>\n\t\t<\/div>\n\t\t\t\t\t<div class=\"swiper-pagination\"><\/div>\n\t\t\t\t\t\t<\/div>\n\t\t\t\t<div class=\"elementor-element elementor-element-0614e00 no-mobile elementor-widget elementor-widget-spacer\" data-id=\"0614e00\" data-element_type=\"widget\" data-widget_type=\"spacer.default\">\n\t\t\t\t\t\t\t<div class=\"elementor-spacer\">\n\t\t\t<div class=\"elementor-spacer-inner\"><\/div>\n\t\t<\/div>\n\t\t\t\t\t\t<\/div>\n\t\t\t\t<div class=\"elementor-element elementor-element-f0bb2db description-text elementor-widget elementor-widget-text-editor\" data-id=\"f0bb2db\" data-element_type=\"widget\" data-widget_type=\"text-editor.default\">\n\t\t\t\t\t\t\t\t\t<blockquote><p>Nuestro compromiso<br \/>En Cl\u00ednica Xercavins no s\u00f3lo tratamos enfermedades: preparamos el organismo para que no enferme, o para que lo haga con menor intensidad y mayor capacidad de recuperaci\u00f3n. La prevenci\u00f3n personalizada y bien orientada es una de las herramientas m\u00e1s eficaces que existen en medicina, y una de las bases de nuestra filosof\u00eda de trabajo.<\/p><\/blockquote>\t\t\t\t\t\t\t\t<\/div>\n\t\t\t\t<div class=\"elementor-element elementor-element-ff267dc no-mobile elementor-widget elementor-widget-spacer\" data-id=\"ff267dc\" data-element_type=\"widget\" data-widget_type=\"spacer.default\">\n\t\t\t\t\t\t\t<div class=\"elementor-spacer\">\n\t\t\t<div class=\"elementor-spacer-inner\"><\/div>\n\t\t<\/div>\n\t\t\t\t\t\t<\/div>\n\t\t\t\t<\/div>\n\t\t\t\t<\/div>\n\t\t","protected":false},"excerpt":{"rendered":"<p>Medicina Preventiva En Cl\u00ednica Xercavins entendemos la medicina preventiva como una disciplina clave para preservar el bienestar, evitar la aparici\u00f3n de enfermedades y controlar de forma temprana posibles desequilibrios en el organismo. A diferencia del modelo reactivo tradicional, la prevenci\u00f3n se basa en una actitud proactiva, individualizada y continua, que busca mantener el equilibrio f\u00edsico, [&hellip;]<\/p>\n","protected":false},"author":1,"featured_media":0,"parent":1114,"menu_order":0,"comment_status":"closed","ping_status":"closed","template":"","meta":{"footnotes":""},"class_list":["post-52","page","type-page","status-publish","hentry"],"yoast_head":"<!-- This site is optimized with the Yoast SEO plugin v26.3 - https:\/\/yoast.com\/wordpress\/plugins\/seo\/ -->\n<title>Medicina Preventiva - Consulta Dr. Xercavins<\/title>\n<meta name=\"robots\" content=\"noindex, follow, max-snippet:-1, max-image-preview:large, max-video-preview:-1\" \/>\n<meta property=\"og:locale\" content=\"es_ES\" \/>\n<meta property=\"og:type\" content=\"article\" \/>\n<meta property=\"og:title\" content=\"Medicina Preventiva - Consulta Dr. Xercavins\" \/>\n<meta property=\"og:description\" content=\"Medicina Preventiva En Cl\u00ednica Xercavins entendemos la medicina preventiva como una disciplina clave para preservar el bienestar, evitar la aparici\u00f3n de enfermedades y controlar de forma temprana posibles desequilibrios en el organismo. A diferencia del modelo reactivo tradicional, la prevenci\u00f3n se basa en una actitud proactiva, individualizada y continua, que busca mantener el equilibrio f\u00edsico, [&hellip;]\" \/>\n<meta property=\"og:url\" content=\"http:\/\/95.217.188.178\/drxercavins\/especialidades\/medicina-preventiva\/\" \/>\n<meta property=\"og:site_name\" content=\"Consulta Dr. Xercavins\" \/>\n<meta property=\"article:modified_time\" content=\"2025-11-05T17:44:48+00:00\" \/>\n<meta name=\"twitter:card\" content=\"summary_large_image\" \/>\n<meta name=\"twitter:label1\" content=\"Tiempo de lectura\" \/>\n\t<meta name=\"twitter:data1\" content=\"4 minutos\" \/>\n<script type=\"application\/ld+json\" class=\"yoast-schema-graph\">{\"@context\":\"https:\/\/schema.org\",\"@graph\":[{\"@type\":\"WebPage\",\"@id\":\"http:\/\/95.217.188.178\/drxercavins\/especialidades\/medicina-preventiva\/\",\"url\":\"http:\/\/95.217.188.178\/drxercavins\/especialidades\/medicina-preventiva\/\",\"name\":\"Medicina Preventiva - Consulta Dr. Xercavins\",\"isPartOf\":{\"@id\":\"http:\/\/95.217.188.178\/drxercavins\/#website\"},\"datePublished\":\"2025-09-29T10:59:45+00:00\",\"dateModified\":\"2025-11-05T17:44:48+00:00\",\"breadcrumb\":{\"@id\":\"http:\/\/95.217.188.178\/drxercavins\/especialidades\/medicina-preventiva\/#breadcrumb\"},\"inLanguage\":\"es\",\"potentialAction\":[{\"@type\":\"ReadAction\",\"target\":[\"http:\/\/95.217.188.178\/drxercavins\/especialidades\/medicina-preventiva\/\"]}]},{\"@type\":\"BreadcrumbList\",\"@id\":\"http:\/\/95.217.188.178\/drxercavins\/especialidades\/medicina-preventiva\/#breadcrumb\",\"itemListElement\":[{\"@type\":\"ListItem\",\"position\":1,\"name\":\"Portada\",\"item\":\"http:\/\/95.217.188.178\/drxercavins\/\"},{\"@type\":\"ListItem\",\"position\":2,\"name\":\"Especialidades\",\"item\":\"http:\/\/95.217.188.178\/drxercavins\/especialidades\/\"},{\"@type\":\"ListItem\",\"position\":3,\"name\":\"Medicina Preventiva\"}]},{\"@type\":\"WebSite\",\"@id\":\"http:\/\/95.217.188.178\/drxercavins\/#website\",\"url\":\"http:\/\/95.217.188.178\/drxercavins\/\",\"name\":\"Consulta Dr. Xercavins\",\"description\":\"Consulta M\u00e9dica en Barcelona\",\"publisher\":{\"@id\":\"http:\/\/95.217.188.178\/drxercavins\/#organization\"},\"potentialAction\":[{\"@type\":\"SearchAction\",\"target\":{\"@type\":\"EntryPoint\",\"urlTemplate\":\"http:\/\/95.217.188.178\/drxercavins\/?s={search_term_string}\"},\"query-input\":{\"@type\":\"PropertyValueSpecification\",\"valueRequired\":true,\"valueName\":\"search_term_string\"}}],\"inLanguage\":\"es\"},{\"@type\":\"Organization\",\"@id\":\"http:\/\/95.217.188.178\/drxercavins\/#organization\",\"name\":\"Consulta Dr. Xercavins\",\"url\":\"http:\/\/95.217.188.178\/drxercavins\/\",\"logo\":{\"@type\":\"ImageObject\",\"inLanguage\":\"es\",\"@id\":\"http:\/\/95.217.188.178\/drxercavins\/#\/schema\/logo\/image\/\",\"url\":\"http:\/\/95.217.188.178\/drxercavins\/wp-content\/uploads\/2025\/10\/ogo-actua-1.png\",\"contentUrl\":\"http:\/\/95.217.188.178\/drxercavins\/wp-content\/uploads\/2025\/10\/ogo-actua-1.png\",\"width\":500,\"height\":95,\"caption\":\"Consulta Dr. Xercavins\"},\"image\":{\"@id\":\"http:\/\/95.217.188.178\/drxercavins\/#\/schema\/logo\/image\/\"}}]}<\/script>\n<!-- \/ Yoast SEO plugin. -->","yoast_head_json":{"title":"Medicina Preventiva - Consulta Dr. Xercavins","robots":{"index":"noindex","follow":"follow","max-snippet":"max-snippet:-1","max-image-preview":"max-image-preview:large","max-video-preview":"max-video-preview:-1"},"og_locale":"es_ES","og_type":"article","og_title":"Medicina Preventiva - Consulta Dr. Xercavins","og_description":"Medicina Preventiva En Cl\u00ednica Xercavins entendemos la medicina preventiva como una disciplina clave para preservar el bienestar, evitar la aparici\u00f3n de enfermedades y controlar de forma temprana posibles desequilibrios en el organismo. A diferencia del modelo reactivo tradicional, la prevenci\u00f3n se basa en una actitud proactiva, individualizada y continua, que busca mantener el equilibrio f\u00edsico, [&hellip;]","og_url":"http:\/\/95.217.188.178\/drxercavins\/especialidades\/medicina-preventiva\/","og_site_name":"Consulta Dr. Xercavins","article_modified_time":"2025-11-05T17:44:48+00:00","twitter_card":"summary_large_image","twitter_misc":{"Tiempo de lectura":"4 minutos"},"schema":{"@context":"https:\/\/schema.org","@graph":[{"@type":"WebPage","@id":"http:\/\/95.217.188.178\/drxercavins\/especialidades\/medicina-preventiva\/","url":"http:\/\/95.217.188.178\/drxercavins\/especialidades\/medicina-preventiva\/","name":"Medicina Preventiva - Consulta Dr. Xercavins","isPartOf":{"@id":"http:\/\/95.217.188.178\/drxercavins\/#website"},"datePublished":"2025-09-29T10:59:45+00:00","dateModified":"2025-11-05T17:44:48+00:00","breadcrumb":{"@id":"http:\/\/95.217.188.178\/drxercavins\/especialidades\/medicina-preventiva\/#breadcrumb"},"inLanguage":"es","potentialAction":[{"@type":"ReadAction","target":["http:\/\/95.217.188.178\/drxercavins\/especialidades\/medicina-preventiva\/"]}]},{"@type":"BreadcrumbList","@id":"http:\/\/95.217.188.178\/drxercavins\/especialidades\/medicina-preventiva\/#breadcrumb","itemListElement":[{"@type":"ListItem","position":1,"name":"Portada","item":"http:\/\/95.217.188.178\/drxercavins\/"},{"@type":"ListItem","position":2,"name":"Especialidades","item":"http:\/\/95.217.188.178\/drxercavins\/especialidades\/"},{"@type":"ListItem","position":3,"name":"Medicina Preventiva"}]},{"@type":"WebSite","@id":"http:\/\/95.217.188.178\/drxercavins\/#website","url":"http:\/\/95.217.188.178\/drxercavins\/","name":"Consulta Dr. Xercavins","description":"Consulta M\u00e9dica en Barcelona","publisher":{"@id":"http:\/\/95.217.188.178\/drxercavins\/#organization"},"potentialAction":[{"@type":"SearchAction","target":{"@type":"EntryPoint","urlTemplate":"http:\/\/95.217.188.178\/drxercavins\/?s={search_term_string}"},"query-input":{"@type":"PropertyValueSpecification","valueRequired":true,"valueName":"search_term_string"}}],"inLanguage":"es"},{"@type":"Organization","@id":"http:\/\/95.217.188.178\/drxercavins\/#organization","name":"Consulta Dr. Xercavins","url":"http:\/\/95.217.188.178\/drxercavins\/","logo":{"@type":"ImageObject","inLanguage":"es","@id":"http:\/\/95.217.188.178\/drxercavins\/#\/schema\/logo\/image\/","url":"http:\/\/95.217.188.178\/drxercavins\/wp-content\/uploads\/2025\/10\/ogo-actua-1.png","contentUrl":"http:\/\/95.217.188.178\/drxercavins\/wp-content\/uploads\/2025\/10\/ogo-actua-1.png","width":500,"height":95,"caption":"Consulta Dr. Xercavins"},"image":{"@id":"http:\/\/95.217.188.178\/drxercavins\/#\/schema\/logo\/image\/"}}]}},"_links":{"self":[{"href":"http:\/\/95.217.188.178\/drxercavins\/wp-json\/wp\/v2\/pages\/52","targetHints":{"allow":["GET"]}}],"collection":[{"href":"http:\/\/95.217.188.178\/drxercavins\/wp-json\/wp\/v2\/pages"}],"about":[{"href":"http:\/\/95.217.188.178\/drxercavins\/wp-json\/wp\/v2\/types\/page"}],"author":[{"embeddable":true,"href":"http:\/\/95.217.188.178\/drxercavins\/wp-json\/wp\/v2\/users\/1"}],"replies":[{"embeddable":true,"href":"http:\/\/95.217.188.178\/drxercavins\/wp-json\/wp\/v2\/comments?post=52"}],"version-history":[{"count":364,"href":"http:\/\/95.217.188.178\/drxercavins\/wp-json\/wp\/v2\/pages\/52\/revisions"}],"predecessor-version":[{"id":4199,"href":"http:\/\/95.217.188.178\/drxercavins\/wp-json\/wp\/v2\/pages\/52\/revisions\/4199"}],"up":[{"embeddable":true,"href":"http:\/\/95.217.188.178\/drxercavins\/wp-json\/wp\/v2\/pages\/1114"}],"wp:attachment":[{"href":"http:\/\/95.217.188.178\/drxercavins\/wp-json\/wp\/v2\/media?parent=52"}],"curies":[{"name":"wp","href":"https:\/\/api.w.org\/{rel}","templated":true}]}}