{"id":3,"date":"2025-09-25T10:15:56","date_gmt":"2025-09-25T08:15:56","guid":{"rendered":"http:\/\/95.217.188.178\/drxercavins\/?page_id=3"},"modified":"2025-11-06T10:23:23","modified_gmt":"2025-11-06T09:23:23","slug":"politica-de-privacidad","status":"publish","type":"page","link":"http:\/\/95.217.188.178\/drxercavins\/politica-de-privacidad\/","title":{"rendered":"Pol\u00edtica de privacidad"},"content":{"rendered":"\t\t<div data-elementor-type=\"wp-page\" data-elementor-id=\"3\" class=\"elementor elementor-3\" data-elementor-post-type=\"page\">\n\t\t\t\t<div class=\"elementor-element elementor-element-1ba977ee e-con-full e-flex e-con e-parent\" data-id=\"1ba977ee\" data-element_type=\"container\">\n\t\t<div class=\"elementor-element elementor-element-cdb96fd back-cream e-con-full e-flex e-con e-child\" data-id=\"cdb96fd\" data-element_type=\"container\">\n\t\t\t\t<div class=\"elementor-element elementor-element-69f272e elementor-widget elementor-widget-heading\" data-id=\"69f272e\" data-element_type=\"widget\" data-widget_type=\"heading.default\">\n\t\t\t\t\t<h1 class=\"elementor-heading-title elementor-size-default\">Pol\u00edtica de privacidad<\/h1>\t\t\t\t<\/div>\n\t\t\t\t<\/div>\n\t\t<div class=\"elementor-element elementor-element-639223f container-section-small e-flex e-con-boxed e-con e-child\" data-id=\"639223f\" data-element_type=\"container\">\n\t\t\t\t\t<div class=\"e-con-inner\">\n\t\t\t\t<div class=\"elementor-element elementor-element-1f0c0a5b elementor-widget elementor-widget-text-editor\" data-id=\"1f0c0a5b\" data-element_type=\"widget\" data-widget_type=\"text-editor.default\">\n\t\t\t\t\t\t\t\t\t\n<h2 class=\"wp-block-heading\" data-start=\"425\" data-end=\"477\"><strong data-start=\"428\" data-end=\"477\">Pol\u00edtica de Privacidad \u2013 Cl\u00ednica Dr Xercavins<\/strong><\/h2>\n<p data-start=\"479\" data-end=\"518\"><strong data-start=\"479\" data-end=\"504\">\u00daltima actualizaci\u00f3n:<\/strong> &lt;poner fecha&gt;<\/p>\n<p data-start=\"520\" data-end=\"803\">En <strong data-start=\"523\" data-end=\"547\">Cl\u00ednica Dr Xercavins<\/strong> (en adelante, \u201cla Cl\u00ednica\u201d), accesible desde <strong data-start=\"593\" data-end=\"624\"><a class=\"decorated-link\" href=\"https:\/\/www.drxercavins.com\" target=\"_new\" rel=\"noopener\" data-start=\"595\" data-end=\"622\">https:\/\/www.drxercavins.com<\/a><\/strong>, nos comprometemos a proteger sus datos personales y garantizar su privacidad, cumpliendo con el <strong data-start=\"722\" data-end=\"774\">Reglamento Europeo de Protecci\u00f3n de Datos (RGPD)<\/strong> y dem\u00e1s normativa aplicable.<\/p>\n<h3 data-start=\"805\" data-end=\"843\"><strong data-start=\"809\" data-end=\"843\">1. Responsable del Tratamiento<\/strong><\/h3>\n<p data-start=\"845\" data-end=\"1069\"><strong data-start=\"845\" data-end=\"857\">Entidad:<\/strong> Cl\u00ednica Dr Xercavins<br data-start=\"878\" data-end=\"881\" \/><strong data-start=\"881\" data-end=\"889\">NIF:<\/strong> <em data-start=\"890\" data-end=\"903\">[pendiente]<\/em><br data-start=\"903\" data-end=\"906\" \/><strong data-start=\"906\" data-end=\"920\">Direcci\u00f3n:<\/strong> Aribau 137, pral. 2a, 08036 Barcelona<br data-start=\"958\" data-end=\"961\" \/><strong data-start=\"961\" data-end=\"974\">Tel\u00e9fono:<\/strong> 934105348<br data-start=\"984\" data-end=\"987\" \/><strong data-start=\"987\" data-end=\"1010\">Correo electr\u00f3nico:<\/strong> <em data-start=\"1011\" data-end=\"1024\">[pendiente]<\/em><br data-start=\"1024\" data-end=\"1027\" \/><strong data-start=\"1027\" data-end=\"1041\">Sitio Web:<\/strong> <a class=\"decorated-link\" href=\"https:\/\/www.drxercavins.com\" target=\"_new\" rel=\"noopener\" data-start=\"1042\" data-end=\"1069\">https:\/\/www.drxercavins.com<\/a><\/p>\n<h3 data-start=\"1071\" data-end=\"1107\"><strong data-start=\"1075\" data-end=\"1107\">2. Finalidad del Tratamiento<\/strong><\/h3>\n<p data-start=\"1108\" data-end=\"1169\">Tratamos los datos personales con las siguientes finalidades:<\/p>\n<ul data-start=\"1171\" data-end=\"1402\">\n<li data-start=\"1171\" data-end=\"1226\">\n<p data-start=\"1173\" data-end=\"1226\">Gestionar solicitudes de informaci\u00f3n y citas m\u00e9dicas.<\/p>\n<\/li>\n<li data-start=\"1227\" data-end=\"1276\">\n<p data-start=\"1229\" data-end=\"1276\">Mantener contacto con pacientes y usuarios web.<\/p>\n<\/li>\n<li data-start=\"1277\" data-end=\"1349\">\n<p data-start=\"1279\" data-end=\"1349\">Enviar informaci\u00f3n relevante sobre servicios m\u00e9dicos (si se autoriza).<\/p>\n<\/li>\n<li data-start=\"1350\" data-end=\"1402\">\n<p data-start=\"1352\" data-end=\"1402\">Cumplimiento de obligaciones legales y sanitarias.<\/p>\n<\/li>\n<\/ul>\n<h3 data-start=\"1404\" data-end=\"1443\"><strong data-start=\"1408\" data-end=\"1443\">3. Legitimaci\u00f3n del Tratamiento<\/strong><\/h3>\n<p data-start=\"1444\" data-end=\"1486\">Las bases legales para el tratamiento son:<\/p>\n<ul data-start=\"1488\" data-end=\"1650\">\n<li data-start=\"1488\" data-end=\"1516\">\n<p data-start=\"1490\" data-end=\"1516\">Consentimiento del usuario<\/p>\n<\/li>\n<li data-start=\"1517\" data-end=\"1553\">\n<p data-start=\"1519\" data-end=\"1553\">Inter\u00e9s leg\u00edtimo del centro m\u00e9dico<\/p>\n<\/li>\n<li data-start=\"1554\" data-end=\"1598\">\n<p data-start=\"1556\" data-end=\"1598\">Ejecuci\u00f3n de servicios m\u00e9dicos solicitados<\/p>\n<\/li>\n<li data-start=\"1599\" data-end=\"1650\">\n<p data-start=\"1601\" data-end=\"1650\">Cumplimiento de obligaciones legales y sanitarias<\/p>\n<\/li>\n<\/ul>\n<h3 data-start=\"1652\" data-end=\"1683\"><strong data-start=\"1656\" data-end=\"1683\">4. Datos que se Recogen<\/strong><\/h3>\n<p data-start=\"1684\" data-end=\"1701\">Se podr\u00e1n tratar:<\/p>\n<ul data-start=\"1703\" data-end=\"1873\">\n<li data-start=\"1703\" data-end=\"1723\">\n<p data-start=\"1705\" data-end=\"1723\">Nombre y apellidos<\/p>\n<\/li>\n<li data-start=\"1724\" data-end=\"1761\">\n<p data-start=\"1726\" data-end=\"1761\">Datos de contacto (tel\u00e9fono, email)<\/p>\n<\/li>\n<li data-start=\"1762\" data-end=\"1832\">\n<p data-start=\"1764\" data-end=\"1832\">Informaci\u00f3n m\u00e9dica y cl\u00ednica (cuando sea necesario para el servicio)<\/p>\n<\/li>\n<li data-start=\"1833\" data-end=\"1873\">\n<p data-start=\"1835\" data-end=\"1873\">Direcci\u00f3n IP y datos de navegaci\u00f3n web<\/p>\n<\/li>\n<\/ul>\n<h3 data-start=\"1875\" data-end=\"1911\"><strong data-start=\"1879\" data-end=\"1911\">5. Conservaci\u00f3n de los Datos<\/strong><\/h3>\n<p data-start=\"1912\" data-end=\"2128\">Los datos se conservar\u00e1n durante el tiempo necesario para cumplir con las finalidades indicadas o hasta que el usuario solicite su eliminaci\u00f3n, salvo obligaci\u00f3n legal de conservarlos (especialmente en datos m\u00e9dicos).<\/p>\n<h3 data-start=\"2130\" data-end=\"2154\"><strong data-start=\"2134\" data-end=\"2154\">6. Destinatarios<\/strong><\/h3>\n<p data-start=\"2155\" data-end=\"2192\">No se ceder\u00e1n datos a terceros salvo:<\/p>\n<ul data-start=\"2194\" data-end=\"2344\">\n<li data-start=\"2194\" data-end=\"2212\">\n<p data-start=\"2196\" data-end=\"2212\">Obligaci\u00f3n legal<\/p>\n<\/li>\n<li data-start=\"2213\" data-end=\"2280\">\n<p data-start=\"2215\" data-end=\"2280\">Proveedores sanitarios y tecnol\u00f3gicos con contrato de tratamiento<\/p>\n<\/li>\n<li data-start=\"2281\" data-end=\"2344\">\n<p data-start=\"2283\" data-end=\"2344\">Profesionales sanitarios involucrados en la asistencia m\u00e9dica<\/p>\n<\/li>\n<\/ul>\n<p data-start=\"2346\" data-end=\"2416\">No se realizan transferencias internacionales sin garant\u00edas adecuadas.<\/p>\n<h3 data-start=\"2418\" data-end=\"2449\"><strong data-start=\"2422\" data-end=\"2449\">7. Derechos del Usuario<\/strong><\/h3>\n<p data-start=\"2450\" data-end=\"2491\">El usuario puede ejercer sus derechos de:<\/p>\n<ul data-start=\"2493\" data-end=\"2594\">\n<li data-start=\"2493\" data-end=\"2501\">\n<p data-start=\"2495\" data-end=\"2501\">Acceso<\/p>\n<\/li>\n<li data-start=\"2502\" data-end=\"2517\">\n<p data-start=\"2504\" data-end=\"2517\">Rectificaci\u00f3n<\/p>\n<\/li>\n<li data-start=\"2518\" data-end=\"2529\">\n<p data-start=\"2520\" data-end=\"2529\">Supresi\u00f3n<\/p>\n<\/li>\n<li data-start=\"2530\" data-end=\"2558\">\n<p data-start=\"2532\" data-end=\"2558\">Limitaci\u00f3n del tratamiento<\/p>\n<\/li>\n<li data-start=\"2559\" data-end=\"2570\">\n<p data-start=\"2561\" data-end=\"2570\">Oposici\u00f3n<\/p>\n<\/li>\n<li data-start=\"2571\" data-end=\"2594\">\n<p data-start=\"2573\" data-end=\"2594\">Portabilidad de datos<\/p>\n<\/li>\n<\/ul>\n<p data-start=\"2596\" data-end=\"2632\">Solicit\u00e1ndolo a: <em data-start=\"2613\" data-end=\"2632\">[email pendiente]<\/em><\/p>\n<p data-start=\"2634\" data-end=\"2716\">Tambi\u00e9n puede reclamar ante la <strong data-start=\"2665\" data-end=\"2715\">Agencia Espa\u00f1ola de Protecci\u00f3n de Datos (AEPD)<\/strong>.<\/p>\n<h3 data-start=\"2718\" data-end=\"2751\"><strong data-start=\"2722\" data-end=\"2751\">8. Seguridad de los Datos<\/strong><\/h3>\n<p data-start=\"2752\" data-end=\"2890\">La Cl\u00ednica aplica medidas t\u00e9cnicas y organizativas para garantizar la protecci\u00f3n de los datos personales, especialmente los datos m\u00e9dicos.<\/p>\n<h3 data-start=\"2892\" data-end=\"2910\"><strong data-start=\"2896\" data-end=\"2910\">9. Cookies<\/strong><\/h3>\n<p data-start=\"2911\" data-end=\"3031\">Este sitio utiliza cookies propias y de terceros.<br data-start=\"2960\" data-end=\"2963\" \/>Puede consultar la Pol\u00edtica de Cookies en el enlace correspondiente.<\/p>\n<h3 data-start=\"3033\" data-end=\"3059\"><strong data-start=\"3037\" data-end=\"3059\">10. Modificaciones<\/strong><\/h3>\n<p data-start=\"3060\" data-end=\"3168\">La Cl\u00ednica podr\u00e1 modificar esta Pol\u00edtica de Privacidad. La versi\u00f3n vigente estar\u00e1 visible en este sitio web.<\/p>\t\t\t\t\t\t\t\t<\/div>\n\t\t\t\t\t<\/div>\n\t\t\t\t<\/div>\n\t\t\t\t<\/div>\n\t\t\t\t<\/div>\n\t\t","protected":false},"excerpt":{"rendered":"<p>Pol\u00edtica de privacidad Pol\u00edtica de Privacidad \u2013 Cl\u00ednica Dr Xercavins \u00daltima actualizaci\u00f3n: &lt;poner fecha&gt; En Cl\u00ednica Dr Xercavins (en adelante, \u201cla Cl\u00ednica\u201d), accesible desde https:\/\/www.drxercavins.com, nos comprometemos a proteger sus datos personales y garantizar su privacidad, cumpliendo con el Reglamento Europeo de Protecci\u00f3n de Datos (RGPD) y dem\u00e1s normativa aplicable. 1. Responsable del Tratamiento Entidad: [&hellip;]<\/p>\n","protected":false},"author":1,"featured_media":0,"parent":0,"menu_order":0,"comment_status":"closed","ping_status":"closed","template":"","meta":{"footnotes":""},"class_list":["post-3","page","type-page","status-publish","hentry"],"yoast_head":"<!-- This site is optimized with the Yoast SEO plugin v26.3 - https:\/\/yoast.com\/wordpress\/plugins\/seo\/ -->\n<title>Pol\u00edtica de privacidad - Consulta Dr. Xercavins<\/title>\n<meta name=\"robots\" content=\"noindex, follow, max-snippet:-1, max-image-preview:large, max-video-preview:-1\" \/>\n<meta property=\"og:locale\" content=\"es_ES\" \/>\n<meta property=\"og:type\" content=\"article\" \/>\n<meta property=\"og:title\" content=\"Pol\u00edtica de privacidad - Consulta Dr. Xercavins\" \/>\n<meta property=\"og:description\" content=\"Pol\u00edtica de privacidad Pol\u00edtica de Privacidad \u2013 Cl\u00ednica Dr Xercavins \u00daltima actualizaci\u00f3n: &lt;poner fecha&gt; En Cl\u00ednica Dr Xercavins (en adelante, \u201cla Cl\u00ednica\u201d), accesible desde https:\/\/www.drxercavins.com, nos comprometemos a proteger sus datos personales y garantizar su privacidad, cumpliendo con el Reglamento Europeo de Protecci\u00f3n de Datos (RGPD) y dem\u00e1s normativa aplicable. 1. Responsable del Tratamiento Entidad: [&hellip;]\" \/>\n<meta property=\"og:url\" content=\"http:\/\/95.217.188.178\/drxercavins\/politica-de-privacidad\/\" \/>\n<meta property=\"og:site_name\" content=\"Consulta Dr. Xercavins\" \/>\n<meta property=\"article:modified_time\" content=\"2025-11-06T09:23:23+00:00\" \/>\n<meta name=\"twitter:card\" content=\"summary_large_image\" \/>\n<meta name=\"twitter:label1\" content=\"Tiempo de lectura\" \/>\n\t<meta name=\"twitter:data1\" content=\"2 minutos\" \/>\n<script type=\"application\/ld+json\" class=\"yoast-schema-graph\">{\"@context\":\"https:\/\/schema.org\",\"@graph\":[{\"@type\":\"WebPage\",\"@id\":\"http:\/\/95.217.188.178\/drxercavins\/politica-de-privacidad\/\",\"url\":\"http:\/\/95.217.188.178\/drxercavins\/politica-de-privacidad\/\",\"name\":\"Pol\u00edtica de privacidad - Consulta Dr. Xercavins\",\"isPartOf\":{\"@id\":\"http:\/\/95.217.188.178\/drxercavins\/#website\"},\"datePublished\":\"2025-09-25T08:15:56+00:00\",\"dateModified\":\"2025-11-06T09:23:23+00:00\",\"breadcrumb\":{\"@id\":\"http:\/\/95.217.188.178\/drxercavins\/politica-de-privacidad\/#breadcrumb\"},\"inLanguage\":\"es\",\"potentialAction\":[{\"@type\":\"ReadAction\",\"target\":[\"http:\/\/95.217.188.178\/drxercavins\/politica-de-privacidad\/\"]}]},{\"@type\":\"BreadcrumbList\",\"@id\":\"http:\/\/95.217.188.178\/drxercavins\/politica-de-privacidad\/#breadcrumb\",\"itemListElement\":[{\"@type\":\"ListItem\",\"position\":1,\"name\":\"Portada\",\"item\":\"http:\/\/95.217.188.178\/drxercavins\/\"},{\"@type\":\"ListItem\",\"position\":2,\"name\":\"Pol\u00edtica de privacidad\"}]},{\"@type\":\"WebSite\",\"@id\":\"http:\/\/95.217.188.178\/drxercavins\/#website\",\"url\":\"http:\/\/95.217.188.178\/drxercavins\/\",\"name\":\"Consulta Dr. Xercavins\",\"description\":\"Consulta M\u00e9dica en Barcelona\",\"publisher\":{\"@id\":\"http:\/\/95.217.188.178\/drxercavins\/#organization\"},\"potentialAction\":[{\"@type\":\"SearchAction\",\"target\":{\"@type\":\"EntryPoint\",\"urlTemplate\":\"http:\/\/95.217.188.178\/drxercavins\/?s={search_term_string}\"},\"query-input\":{\"@type\":\"PropertyValueSpecification\",\"valueRequired\":true,\"valueName\":\"search_term_string\"}}],\"inLanguage\":\"es\"},{\"@type\":\"Organization\",\"@id\":\"http:\/\/95.217.188.178\/drxercavins\/#organization\",\"name\":\"Consulta Dr. Xercavins\",\"url\":\"http:\/\/95.217.188.178\/drxercavins\/\",\"logo\":{\"@type\":\"ImageObject\",\"inLanguage\":\"es\",\"@id\":\"http:\/\/95.217.188.178\/drxercavins\/#\/schema\/logo\/image\/\",\"url\":\"http:\/\/95.217.188.178\/drxercavins\/wp-content\/uploads\/2025\/10\/ogo-actua-1.png\",\"contentUrl\":\"http:\/\/95.217.188.178\/drxercavins\/wp-content\/uploads\/2025\/10\/ogo-actua-1.png\",\"width\":500,\"height\":95,\"caption\":\"Consulta Dr. Xercavins\"},\"image\":{\"@id\":\"http:\/\/95.217.188.178\/drxercavins\/#\/schema\/logo\/image\/\"}}]}<\/script>\n<!-- \/ Yoast SEO plugin. -->","yoast_head_json":{"title":"Pol\u00edtica de privacidad - Consulta Dr. Xercavins","robots":{"index":"noindex","follow":"follow","max-snippet":"max-snippet:-1","max-image-preview":"max-image-preview:large","max-video-preview":"max-video-preview:-1"},"og_locale":"es_ES","og_type":"article","og_title":"Pol\u00edtica de privacidad - Consulta Dr. Xercavins","og_description":"Pol\u00edtica de privacidad Pol\u00edtica de Privacidad \u2013 Cl\u00ednica Dr Xercavins \u00daltima actualizaci\u00f3n: &lt;poner fecha&gt; En Cl\u00ednica Dr Xercavins (en adelante, \u201cla Cl\u00ednica\u201d), accesible desde https:\/\/www.drxercavins.com, nos comprometemos a proteger sus datos personales y garantizar su privacidad, cumpliendo con el Reglamento Europeo de Protecci\u00f3n de Datos (RGPD) y dem\u00e1s normativa aplicable. 1. Responsable del Tratamiento Entidad: [&hellip;]","og_url":"http:\/\/95.217.188.178\/drxercavins\/politica-de-privacidad\/","og_site_name":"Consulta Dr. Xercavins","article_modified_time":"2025-11-06T09:23:23+00:00","twitter_card":"summary_large_image","twitter_misc":{"Tiempo de lectura":"2 minutos"},"schema":{"@context":"https:\/\/schema.org","@graph":[{"@type":"WebPage","@id":"http:\/\/95.217.188.178\/drxercavins\/politica-de-privacidad\/","url":"http:\/\/95.217.188.178\/drxercavins\/politica-de-privacidad\/","name":"Pol\u00edtica de privacidad - Consulta Dr. Xercavins","isPartOf":{"@id":"http:\/\/95.217.188.178\/drxercavins\/#website"},"datePublished":"2025-09-25T08:15:56+00:00","dateModified":"2025-11-06T09:23:23+00:00","breadcrumb":{"@id":"http:\/\/95.217.188.178\/drxercavins\/politica-de-privacidad\/#breadcrumb"},"inLanguage":"es","potentialAction":[{"@type":"ReadAction","target":["http:\/\/95.217.188.178\/drxercavins\/politica-de-privacidad\/"]}]},{"@type":"BreadcrumbList","@id":"http:\/\/95.217.188.178\/drxercavins\/politica-de-privacidad\/#breadcrumb","itemListElement":[{"@type":"ListItem","position":1,"name":"Portada","item":"http:\/\/95.217.188.178\/drxercavins\/"},{"@type":"ListItem","position":2,"name":"Pol\u00edtica de privacidad"}]},{"@type":"WebSite","@id":"http:\/\/95.217.188.178\/drxercavins\/#website","url":"http:\/\/95.217.188.178\/drxercavins\/","name":"Consulta Dr. Xercavins","description":"Consulta M\u00e9dica en Barcelona","publisher":{"@id":"http:\/\/95.217.188.178\/drxercavins\/#organization"},"potentialAction":[{"@type":"SearchAction","target":{"@type":"EntryPoint","urlTemplate":"http:\/\/95.217.188.178\/drxercavins\/?s={search_term_string}"},"query-input":{"@type":"PropertyValueSpecification","valueRequired":true,"valueName":"search_term_string"}}],"inLanguage":"es"},{"@type":"Organization","@id":"http:\/\/95.217.188.178\/drxercavins\/#organization","name":"Consulta Dr. Xercavins","url":"http:\/\/95.217.188.178\/drxercavins\/","logo":{"@type":"ImageObject","inLanguage":"es","@id":"http:\/\/95.217.188.178\/drxercavins\/#\/schema\/logo\/image\/","url":"http:\/\/95.217.188.178\/drxercavins\/wp-content\/uploads\/2025\/10\/ogo-actua-1.png","contentUrl":"http:\/\/95.217.188.178\/drxercavins\/wp-content\/uploads\/2025\/10\/ogo-actua-1.png","width":500,"height":95,"caption":"Consulta Dr. Xercavins"},"image":{"@id":"http:\/\/95.217.188.178\/drxercavins\/#\/schema\/logo\/image\/"}}]}},"_links":{"self":[{"href":"http:\/\/95.217.188.178\/drxercavins\/wp-json\/wp\/v2\/pages\/3","targetHints":{"allow":["GET"]}}],"collection":[{"href":"http:\/\/95.217.188.178\/drxercavins\/wp-json\/wp\/v2\/pages"}],"about":[{"href":"http:\/\/95.217.188.178\/drxercavins\/wp-json\/wp\/v2\/types\/page"}],"author":[{"embeddable":true,"href":"http:\/\/95.217.188.178\/drxercavins\/wp-json\/wp\/v2\/users\/1"}],"replies":[{"embeddable":true,"href":"http:\/\/95.217.188.178\/drxercavins\/wp-json\/wp\/v2\/comments?post=3"}],"version-history":[{"count":3,"href":"http:\/\/95.217.188.178\/drxercavins\/wp-json\/wp\/v2\/pages\/3\/revisions"}],"predecessor-version":[{"id":3884,"href":"http:\/\/95.217.188.178\/drxercavins\/wp-json\/wp\/v2\/pages\/3\/revisions\/3884"}],"wp:attachment":[{"href":"http:\/\/95.217.188.178\/drxercavins\/wp-json\/wp\/v2\/media?parent=3"}],"curies":[{"name":"wp","href":"https:\/\/api.w.org\/{rel}","templated":true}]}}