{"id":1417,"date":"2025-10-13T09:42:46","date_gmt":"2025-10-13T07:42:46","guid":{"rendered":"http:\/\/95.217.188.178\/drxercavins\/?page_id=1417"},"modified":"2025-11-04T16:49:44","modified_gmt":"2025-11-04T15:49:44","slug":"dr-xercavins","status":"publish","type":"page","link":"http:\/\/95.217.188.178\/drxercavins\/centro-de-salud\/equipo\/dr-xercavins\/","title":{"rendered":"Dr.Xercavins"},"content":{"rendered":"\t\t<div data-elementor-type=\"wp-page\" data-elementor-id=\"1417\" class=\"elementor elementor-1417\" data-elementor-post-type=\"page\">\n\t\t\t\t<div class=\"elementor-element elementor-element-7e4e3da back-cream e-con-full e-flex e-con e-parent\" data-id=\"7e4e3da\" data-element_type=\"container\" id=\"xercavins\">\n\t\t\t\t<div class=\"elementor-element elementor-element-515cb4e elementor-widget elementor-widget-heading\" data-id=\"515cb4e\" data-element_type=\"widget\" data-widget_type=\"heading.default\">\n\t\t\t\t\t<h1 class=\"elementor-heading-title elementor-size-default\">Dr.Xercavins<\/h1>\t\t\t\t<\/div>\n\t\t\t\t<\/div>\n\t\t<div class=\"elementor-element elementor-element-01e23fe container-section-mini e-con-full e-flex e-con e-parent\" data-id=\"01e23fe\" data-element_type=\"container\">\n\t\t<div class=\"elementor-element elementor-element-8534549 e-con-full e-flex e-con e-child\" data-id=\"8534549\" data-element_type=\"container\">\n\t\t\t\t<div class=\"elementor-element elementor-element-e36ef69 elementor-widget elementor-widget-image\" data-id=\"e36ef69\" data-element_type=\"widget\" data-widget_type=\"image.default\">\n\t\t\t\t\t\t\t\t\t\t\t\t\t\t\t<img fetchpriority=\"high\" decoding=\"async\" width=\"400\" height=\"267\" src=\"http:\/\/95.217.188.178\/drxercavins\/wp-content\/uploads\/2025\/10\/dr-xercavins-barcelona-a11.jpg\" class=\"attachment-full size-full wp-image-1029\" alt=\"\" srcset=\"http:\/\/95.217.188.178\/drxercavins\/wp-content\/uploads\/2025\/10\/dr-xercavins-barcelona-a11.jpg 400w, http:\/\/95.217.188.178\/drxercavins\/wp-content\/uploads\/2025\/10\/dr-xercavins-barcelona-a11-300x200.jpg 300w\" sizes=\"(max-width: 400px) 100vw, 400px\" \/>\t\t\t\t\t\t\t\t\t\t\t\t\t\t\t<\/div>\n\t\t\t\t<\/div>\n\t\t<div class=\"elementor-element elementor-element-15faebf e-con-full e-flex e-con e-child\" data-id=\"15faebf\" data-element_type=\"container\">\n\t\t\t\t<div class=\"elementor-element elementor-element-887e44b description-text-mini elementor-widget elementor-widget-text-editor\" data-id=\"887e44b\" data-element_type=\"widget\" data-widget_type=\"text-editor.default\">\n\t\t\t\t\t\t\t\t\t<p>El Dr. Xercavins ha destacado con una medicina general e interna personalizada con un amplio enfoque integrativo.<\/p><p>En ello ha basado las m\u00e1s de 250000 consultas realizadas. Pero tambi\u00e9n es en la medicina preventiva y predictiva donde ha conseguido hechos muy relevantes que destacamos a continuaci\u00f3n de la forma m\u00e1s escueta.<\/p>\t\t\t\t\t\t\t\t<\/div>\n\t\t\t\t<\/div>\n\t\t\t\t<\/div>\n\t\t<div class=\"elementor-element elementor-element-878036e container-section-mini-horizontal  e-con-full e-flex e-con e-parent\" data-id=\"878036e\" data-element_type=\"container\">\n\t\t\t\t<div class=\"elementor-element elementor-element-47ec701 description-text-mini elementor-widget elementor-widget-text-editor\" data-id=\"47ec701\" data-element_type=\"widget\" data-widget_type=\"text-editor.default\">\n\t\t\t\t\t\t\t\t\t<h3 data-start=\"147\" data-end=\"185\">Innovador en medicina preventiva<\/h3>\n<p data-start=\"186\" data-end=\"499\">El Dr. Xercavins fue uno de los primeros m\u00e9dicos en desarrollar chequeos m\u00e9dicos con tecnolog\u00eda avanzada dentro de su propia consulta, equipar\u00e1ndolos a los de grandes centros hospitalarios. De este modo, \u00e9l mismo pod\u00eda realizar el seguimiento anual de sus pacientes y detectar los cambios m\u00e1s sutiles en su salud.\n<\/p>\n\n<h3 data-start=\"506\" data-end=\"550\">Diagn\u00f3stico precoz del c\u00e1ncer de colon<\/h3>\n<p data-start=\"551\" data-end=\"844\">Fue pionero en incorporar el estudio de sangre oculta en heces para la detecci\u00f3n precoz del c\u00e1ncer de colon, una t\u00e9cnica que hoy se considera tan eficaz como la colonoscopia. Gracias a esta innovaci\u00f3n, desarrollada en colaboraci\u00f3n con una empresa tecnol\u00f3gica alemana, salv\u00f3 innumerables vidas.<\/p>\n\n<h3 data-start=\"851\" data-end=\"887\">Prevenci\u00f3n del riesgo vascular<\/h3>\n<p data-start=\"888\" data-end=\"1175\">El Dr. Xercavins introdujo el uso del Doppler carot\u00eddeo en sus chequeos para valorar el riesgo vascular cerebral y card\u00edaco. Adquiri\u00f3 un equipo franc\u00e9s pionero en el mundo para estudiar la capa \u00edntima de las arterias car\u00f3tidas, reflejo del estado de las arterias cerebrales y coronarias.<\/p>\n\n<h3 data-start=\"1182\" data-end=\"1212\">Estudio de antioxidantes<\/h3>\n<p data-start=\"1213\" data-end=\"1515\">Tambi\u00e9n fue de los primeros en incorporar el an\u00e1lisis de antioxidantes como indicador de la calidad de salud actual y futura. Este estudio le permite decidir con mayor precisi\u00f3n cu\u00e1ndo es necesario tratar el colesterol LDL (\u201cmalo\u201d), ya que cuando este est\u00e1 oxidado se vuelve m\u00e1s agresivo y perjudicial.<\/p>\n\n<h3 data-start=\"1522\" data-end=\"1558\">Medicina gen\u00e9tica y predictiva<\/h3>\n<p data-start=\"1559\" data-end=\"1754\">Tras la secuenciaci\u00f3n del genoma humano en 2003, el Dr. Xercavins comenz\u00f3 a aplicar estudios de polimorfismos gen\u00e9ticos a sus pacientes, abriendo el camino a la medicina predictiva personalizada.<\/p>\n\n<h3 data-start=\"1761\" data-end=\"1804\">Psicolog\u00eda y fisioterapia de cabecera<\/h3>\n<p data-start=\"1805\" data-end=\"2236\">Introdujo los conceptos de \u201cpsicolog\u00eda de cabecera\u201d, a cargo de la psic\u00f3loga Inma Rodr\u00edguez, y \u201cfisioterapia de cabecera\u201d, atendida por los fisioterapeutas Eva Jim\u00e9nez y Adri\u00e1n Prieto. Ambos servicios permiten un trato cercano y personalizado, con tiempo suficiente, tecnolog\u00eda avanzada y la pr\u00e1ctica de ejercicio terap\u00e9utico para prevenir y tratar patolog\u00edas cr\u00f3nicas, mejorar la movilidad y favorecer un envejecimiento saludable.<\/p>\n\n<h3 data-start=\"2243\" data-end=\"2289\">Investigaci\u00f3n sobre el CPC y la COVID-19<\/h3>\n<p data-start=\"2290\" data-end=\"2731\">M\u00e1s recientemente, y tras numerosas investigaciones, el Dr. Xercavins descubri\u00f3 que el CPC, una sustancia presente en muchos colutorios y disponible en farmacias, es eficaz para reducir la carga viral y prevenir el contagio de la COVID-19. Aunque las autoridades no lo reconocieron oficialmente, diversos centros de investigaci\u00f3n internacionales validaron sus resultados, y miles de personas en todo el mundo adoptaron esta medida con \u00e9xito.<\/p>\t\t\t\t\t\t\t\t<\/div>\n\t\t\t\t<div class=\"elementor-element elementor-element-089ea98 elementor-widget elementor-widget-spacer\" data-id=\"089ea98\" data-element_type=\"widget\" data-widget_type=\"spacer.default\">\n\t\t\t\t\t\t\t<div class=\"elementor-spacer\">\n\t\t\t<div class=\"elementor-spacer-inner\"><\/div>\n\t\t<\/div>\n\t\t\t\t\t\t<\/div>\n\t\t\t\t<\/div>\n\t\t\t\t<\/div>\n\t\t","protected":false},"excerpt":{"rendered":"<p>Dr.Xercavins El Dr. Xercavins ha destacado con una medicina general e interna personalizada con un amplio enfoque integrativo. En ello ha basado las m\u00e1s de 250000 consultas realizadas. Pero tambi\u00e9n es en la medicina preventiva y predictiva donde ha conseguido hechos muy relevantes que destacamos a continuaci\u00f3n de la forma m\u00e1s escueta. Innovador en medicina [&hellip;]<\/p>\n","protected":false},"author":1,"featured_media":0,"parent":13,"menu_order":0,"comment_status":"closed","ping_status":"closed","template":"","meta":{"footnotes":""},"class_list":["post-1417","page","type-page","status-publish","hentry"],"yoast_head":"<!-- This site is optimized with the Yoast SEO plugin v26.3 - https:\/\/yoast.com\/wordpress\/plugins\/seo\/ -->\n<title>Dr.Xercavins - Consulta Dr. Xercavins<\/title>\n<meta name=\"robots\" content=\"noindex, follow, max-snippet:-1, max-image-preview:large, max-video-preview:-1\" \/>\n<meta property=\"og:locale\" content=\"es_ES\" \/>\n<meta property=\"og:type\" content=\"article\" \/>\n<meta property=\"og:title\" content=\"Dr.Xercavins - Consulta Dr. Xercavins\" \/>\n<meta property=\"og:description\" content=\"Dr.Xercavins El Dr. Xercavins ha destacado con una medicina general e interna personalizada con un amplio enfoque integrativo. En ello ha basado las m\u00e1s de 250000 consultas realizadas. Pero tambi\u00e9n es en la medicina preventiva y predictiva donde ha conseguido hechos muy relevantes que destacamos a continuaci\u00f3n de la forma m\u00e1s escueta. Innovador en medicina [&hellip;]\" \/>\n<meta property=\"og:url\" content=\"http:\/\/95.217.188.178\/drxercavins\/centro-de-salud\/equipo\/dr-xercavins\/\" \/>\n<meta property=\"og:site_name\" content=\"Consulta Dr. Xercavins\" \/>\n<meta property=\"article:modified_time\" content=\"2025-11-04T15:49:44+00:00\" \/>\n<meta property=\"og:image\" content=\"http:\/\/95.217.188.178\/drxercavins\/wp-content\/uploads\/2025\/10\/dr-xercavins-barcelona-a11.jpg\" \/>\n\t<meta property=\"og:image:width\" content=\"400\" \/>\n\t<meta property=\"og:image:height\" content=\"267\" \/>\n\t<meta property=\"og:image:type\" content=\"image\/jpeg\" \/>\n<meta name=\"twitter:card\" content=\"summary_large_image\" \/>\n<meta name=\"twitter:label1\" content=\"Tiempo de lectura\" \/>\n\t<meta name=\"twitter:data1\" content=\"2 minutos\" \/>\n<script type=\"application\/ld+json\" class=\"yoast-schema-graph\">{\"@context\":\"https:\/\/schema.org\",\"@graph\":[{\"@type\":\"WebPage\",\"@id\":\"http:\/\/95.217.188.178\/drxercavins\/centro-de-salud\/equipo\/dr-xercavins\/\",\"url\":\"http:\/\/95.217.188.178\/drxercavins\/centro-de-salud\/equipo\/dr-xercavins\/\",\"name\":\"Dr.Xercavins - Consulta Dr. Xercavins\",\"isPartOf\":{\"@id\":\"http:\/\/95.217.188.178\/drxercavins\/#website\"},\"primaryImageOfPage\":{\"@id\":\"http:\/\/95.217.188.178\/drxercavins\/centro-de-salud\/equipo\/dr-xercavins\/#primaryimage\"},\"image\":{\"@id\":\"http:\/\/95.217.188.178\/drxercavins\/centro-de-salud\/equipo\/dr-xercavins\/#primaryimage\"},\"thumbnailUrl\":\"http:\/\/95.217.188.178\/drxercavins\/wp-content\/uploads\/2025\/10\/dr-xercavins-barcelona-a11.jpg\",\"datePublished\":\"2025-10-13T07:42:46+00:00\",\"dateModified\":\"2025-11-04T15:49:44+00:00\",\"breadcrumb\":{\"@id\":\"http:\/\/95.217.188.178\/drxercavins\/centro-de-salud\/equipo\/dr-xercavins\/#breadcrumb\"},\"inLanguage\":\"es\",\"potentialAction\":[{\"@type\":\"ReadAction\",\"target\":[\"http:\/\/95.217.188.178\/drxercavins\/centro-de-salud\/equipo\/dr-xercavins\/\"]}]},{\"@type\":\"ImageObject\",\"inLanguage\":\"es\",\"@id\":\"http:\/\/95.217.188.178\/drxercavins\/centro-de-salud\/equipo\/dr-xercavins\/#primaryimage\",\"url\":\"http:\/\/95.217.188.178\/drxercavins\/wp-content\/uploads\/2025\/10\/dr-xercavins-barcelona-a11.jpg\",\"contentUrl\":\"http:\/\/95.217.188.178\/drxercavins\/wp-content\/uploads\/2025\/10\/dr-xercavins-barcelona-a11.jpg\",\"width\":400,\"height\":267},{\"@type\":\"BreadcrumbList\",\"@id\":\"http:\/\/95.217.188.178\/drxercavins\/centro-de-salud\/equipo\/dr-xercavins\/#breadcrumb\",\"itemListElement\":[{\"@type\":\"ListItem\",\"position\":1,\"name\":\"Portada\",\"item\":\"http:\/\/95.217.188.178\/drxercavins\/\"},{\"@type\":\"ListItem\",\"position\":2,\"name\":\"Centro de Salud\",\"item\":\"http:\/\/95.217.188.178\/drxercavins\/centro-de-salud\/\"},{\"@type\":\"ListItem\",\"position\":3,\"name\":\"Equipo\",\"item\":\"http:\/\/95.217.188.178\/drxercavins\/centro-de-salud\/equipo\/\"},{\"@type\":\"ListItem\",\"position\":4,\"name\":\"Dr.Xercavins\"}]},{\"@type\":\"WebSite\",\"@id\":\"http:\/\/95.217.188.178\/drxercavins\/#website\",\"url\":\"http:\/\/95.217.188.178\/drxercavins\/\",\"name\":\"Consulta Dr. Xercavins\",\"description\":\"Consulta M\u00e9dica en Barcelona\",\"publisher\":{\"@id\":\"http:\/\/95.217.188.178\/drxercavins\/#organization\"},\"potentialAction\":[{\"@type\":\"SearchAction\",\"target\":{\"@type\":\"EntryPoint\",\"urlTemplate\":\"http:\/\/95.217.188.178\/drxercavins\/?s={search_term_string}\"},\"query-input\":{\"@type\":\"PropertyValueSpecification\",\"valueRequired\":true,\"valueName\":\"search_term_string\"}}],\"inLanguage\":\"es\"},{\"@type\":\"Organization\",\"@id\":\"http:\/\/95.217.188.178\/drxercavins\/#organization\",\"name\":\"Consulta Dr. Xercavins\",\"url\":\"http:\/\/95.217.188.178\/drxercavins\/\",\"logo\":{\"@type\":\"ImageObject\",\"inLanguage\":\"es\",\"@id\":\"http:\/\/95.217.188.178\/drxercavins\/#\/schema\/logo\/image\/\",\"url\":\"http:\/\/95.217.188.178\/drxercavins\/wp-content\/uploads\/2025\/10\/ogo-actua-1.png\",\"contentUrl\":\"http:\/\/95.217.188.178\/drxercavins\/wp-content\/uploads\/2025\/10\/ogo-actua-1.png\",\"width\":500,\"height\":95,\"caption\":\"Consulta Dr. Xercavins\"},\"image\":{\"@id\":\"http:\/\/95.217.188.178\/drxercavins\/#\/schema\/logo\/image\/\"}}]}<\/script>\n<!-- \/ Yoast SEO plugin. -->","yoast_head_json":{"title":"Dr.Xercavins - Consulta Dr. Xercavins","robots":{"index":"noindex","follow":"follow","max-snippet":"max-snippet:-1","max-image-preview":"max-image-preview:large","max-video-preview":"max-video-preview:-1"},"og_locale":"es_ES","og_type":"article","og_title":"Dr.Xercavins - Consulta Dr. Xercavins","og_description":"Dr.Xercavins El Dr. Xercavins ha destacado con una medicina general e interna personalizada con un amplio enfoque integrativo. En ello ha basado las m\u00e1s de 250000 consultas realizadas. Pero tambi\u00e9n es en la medicina preventiva y predictiva donde ha conseguido hechos muy relevantes que destacamos a continuaci\u00f3n de la forma m\u00e1s escueta. Innovador en medicina [&hellip;]","og_url":"http:\/\/95.217.188.178\/drxercavins\/centro-de-salud\/equipo\/dr-xercavins\/","og_site_name":"Consulta Dr. Xercavins","article_modified_time":"2025-11-04T15:49:44+00:00","og_image":[{"width":400,"height":267,"url":"http:\/\/95.217.188.178\/drxercavins\/wp-content\/uploads\/2025\/10\/dr-xercavins-barcelona-a11.jpg","type":"image\/jpeg"}],"twitter_card":"summary_large_image","twitter_misc":{"Tiempo de lectura":"2 minutos"},"schema":{"@context":"https:\/\/schema.org","@graph":[{"@type":"WebPage","@id":"http:\/\/95.217.188.178\/drxercavins\/centro-de-salud\/equipo\/dr-xercavins\/","url":"http:\/\/95.217.188.178\/drxercavins\/centro-de-salud\/equipo\/dr-xercavins\/","name":"Dr.Xercavins - Consulta Dr. Xercavins","isPartOf":{"@id":"http:\/\/95.217.188.178\/drxercavins\/#website"},"primaryImageOfPage":{"@id":"http:\/\/95.217.188.178\/drxercavins\/centro-de-salud\/equipo\/dr-xercavins\/#primaryimage"},"image":{"@id":"http:\/\/95.217.188.178\/drxercavins\/centro-de-salud\/equipo\/dr-xercavins\/#primaryimage"},"thumbnailUrl":"http:\/\/95.217.188.178\/drxercavins\/wp-content\/uploads\/2025\/10\/dr-xercavins-barcelona-a11.jpg","datePublished":"2025-10-13T07:42:46+00:00","dateModified":"2025-11-04T15:49:44+00:00","breadcrumb":{"@id":"http:\/\/95.217.188.178\/drxercavins\/centro-de-salud\/equipo\/dr-xercavins\/#breadcrumb"},"inLanguage":"es","potentialAction":[{"@type":"ReadAction","target":["http:\/\/95.217.188.178\/drxercavins\/centro-de-salud\/equipo\/dr-xercavins\/"]}]},{"@type":"ImageObject","inLanguage":"es","@id":"http:\/\/95.217.188.178\/drxercavins\/centro-de-salud\/equipo\/dr-xercavins\/#primaryimage","url":"http:\/\/95.217.188.178\/drxercavins\/wp-content\/uploads\/2025\/10\/dr-xercavins-barcelona-a11.jpg","contentUrl":"http:\/\/95.217.188.178\/drxercavins\/wp-content\/uploads\/2025\/10\/dr-xercavins-barcelona-a11.jpg","width":400,"height":267},{"@type":"BreadcrumbList","@id":"http:\/\/95.217.188.178\/drxercavins\/centro-de-salud\/equipo\/dr-xercavins\/#breadcrumb","itemListElement":[{"@type":"ListItem","position":1,"name":"Portada","item":"http:\/\/95.217.188.178\/drxercavins\/"},{"@type":"ListItem","position":2,"name":"Centro de Salud","item":"http:\/\/95.217.188.178\/drxercavins\/centro-de-salud\/"},{"@type":"ListItem","position":3,"name":"Equipo","item":"http:\/\/95.217.188.178\/drxercavins\/centro-de-salud\/equipo\/"},{"@type":"ListItem","position":4,"name":"Dr.Xercavins"}]},{"@type":"WebSite","@id":"http:\/\/95.217.188.178\/drxercavins\/#website","url":"http:\/\/95.217.188.178\/drxercavins\/","name":"Consulta Dr. Xercavins","description":"Consulta M\u00e9dica en Barcelona","publisher":{"@id":"http:\/\/95.217.188.178\/drxercavins\/#organization"},"potentialAction":[{"@type":"SearchAction","target":{"@type":"EntryPoint","urlTemplate":"http:\/\/95.217.188.178\/drxercavins\/?s={search_term_string}"},"query-input":{"@type":"PropertyValueSpecification","valueRequired":true,"valueName":"search_term_string"}}],"inLanguage":"es"},{"@type":"Organization","@id":"http:\/\/95.217.188.178\/drxercavins\/#organization","name":"Consulta Dr. Xercavins","url":"http:\/\/95.217.188.178\/drxercavins\/","logo":{"@type":"ImageObject","inLanguage":"es","@id":"http:\/\/95.217.188.178\/drxercavins\/#\/schema\/logo\/image\/","url":"http:\/\/95.217.188.178\/drxercavins\/wp-content\/uploads\/2025\/10\/ogo-actua-1.png","contentUrl":"http:\/\/95.217.188.178\/drxercavins\/wp-content\/uploads\/2025\/10\/ogo-actua-1.png","width":500,"height":95,"caption":"Consulta Dr. Xercavins"},"image":{"@id":"http:\/\/95.217.188.178\/drxercavins\/#\/schema\/logo\/image\/"}}]}},"_links":{"self":[{"href":"http:\/\/95.217.188.178\/drxercavins\/wp-json\/wp\/v2\/pages\/1417","targetHints":{"allow":["GET"]}}],"collection":[{"href":"http:\/\/95.217.188.178\/drxercavins\/wp-json\/wp\/v2\/pages"}],"about":[{"href":"http:\/\/95.217.188.178\/drxercavins\/wp-json\/wp\/v2\/types\/page"}],"author":[{"embeddable":true,"href":"http:\/\/95.217.188.178\/drxercavins\/wp-json\/wp\/v2\/users\/1"}],"replies":[{"embeddable":true,"href":"http:\/\/95.217.188.178\/drxercavins\/wp-json\/wp\/v2\/comments?post=1417"}],"version-history":[{"count":64,"href":"http:\/\/95.217.188.178\/drxercavins\/wp-json\/wp\/v2\/pages\/1417\/revisions"}],"predecessor-version":[{"id":3394,"href":"http:\/\/95.217.188.178\/drxercavins\/wp-json\/wp\/v2\/pages\/1417\/revisions\/3394"}],"up":[{"embeddable":true,"href":"http:\/\/95.217.188.178\/drxercavins\/wp-json\/wp\/v2\/pages\/13"}],"wp:attachment":[{"href":"http:\/\/95.217.188.178\/drxercavins\/wp-json\/wp\/v2\/media?parent=1417"}],"curies":[{"name":"wp","href":"https:\/\/api.w.org\/{rel}","templated":true}]}}