{"id":13,"date":"2025-09-29T12:59:55","date_gmt":"2025-09-29T10:59:55","guid":{"rendered":"http:\/\/95.217.188.178\/drxercavins\/?page_id=13"},"modified":"2025-11-10T14:14:12","modified_gmt":"2025-11-10T13:14:12","slug":"equipo","status":"publish","type":"page","link":"http:\/\/95.217.188.178\/drxercavins\/centro-de-salud\/equipo\/","title":{"rendered":"Equipo"},"content":{"rendered":"\t\t<div data-elementor-type=\"wp-page\" data-elementor-id=\"13\" class=\"elementor elementor-13\" data-elementor-post-type=\"page\">\n\t\t\t\t<div class=\"elementor-element elementor-element-cdb4c39 back-cream e-con-full e-flex e-con e-parent\" data-id=\"cdb4c39\" data-element_type=\"container\" id=\"equipo\">\n\t\t\t\t<div class=\"elementor-element elementor-element-67d4ec3 elementor-widget elementor-widget-heading\" data-id=\"67d4ec3\" data-element_type=\"widget\" data-widget_type=\"heading.default\">\n\t\t\t\t\t<h1 class=\"elementor-heading-title elementor-size-default\">Equipo<\/h1>\t\t\t\t<\/div>\n\t\t\t\t<\/div>\n\t\t<div class=\"elementor-element elementor-element-ad847cd container-section-mini e-con-full e-flex e-con e-parent\" data-id=\"ad847cd\" data-element_type=\"container\">\n\t\t\t\t<div class=\"elementor-element elementor-element-f726d46 elementor-widget elementor-widget-text-editor\" data-id=\"f726d46\" data-element_type=\"widget\" data-widget_type=\"text-editor.default\">\n\t\t\t\t\t\t\t\t\t<div class=\"section-subtitle-small text-center\">Detr\u00e1s de cada diagn\u00f3stico hay personas. Por eso nuestro equipo combina experiencia cl\u00ednica y sensibilidad humana para acompa\u00f1arte en todas las etapas del cuidado: desde la primera visita hasta el seguimiento, con cercan\u00eda, claridad y confianza.<\/div>\t\t\t\t\t\t\t\t<\/div>\n\t\t\t\t<\/div>\n\t\t<div class=\"elementor-element elementor-element-193431a conainer-section-small e-con-full e-flex e-con e-parent\" data-id=\"193431a\" data-element_type=\"container\">\n\t\t<div class=\"elementor-element elementor-element-8395224 e-grid e-con-full e-con e-child\" data-id=\"8395224\" data-element_type=\"container\" data-settings=\"{&quot;animation&quot;:&quot;none&quot;}\">\n\t\t\t\t<div class=\"elementor-element elementor-element-8011bb8 dr1 elementor-position-top elementor-widget elementor-widget-image-box\" data-id=\"8011bb8\" data-element_type=\"widget\" data-widget_type=\"image-box.default\">\n\t\t\t\t\t<div class=\"elementor-image-box-wrapper\"><figure class=\"elementor-image-box-img\"><a href=\"http:\/\/95.217.188.178\/drxercavins\/dr-xercavins\/\" tabindex=\"-1\"><img decoding=\"async\" width=\"150\" height=\"150\" src=\"http:\/\/95.217.188.178\/drxercavins\/wp-content\/uploads\/2025\/11\/583861a5-9994-41ca-b5cc-5dd68ac97da0-e1762779731914-150x150.png\" class=\"attachment-thumbnail size-thumbnail wp-image-4268\" alt=\"\" \/><\/a><\/figure><div class=\"elementor-image-box-content\"><h3 class=\"elementor-image-box-title\"><a href=\"http:\/\/95.217.188.178\/drxercavins\/dr-xercavins\/\">Dr. Xavier Xercavins<\/a><\/h3><p class=\"elementor-image-box-description\">Medicina general, Medicina interna, Medicina preventiva, Chequeos m\u00e9dicos, Medicina para la salud, Medicina Naturista, Medicina Gen\u00e9tica, Biolog\u00eda Molecular, Medicina Ortomolecular, Medicina Antiaging<\/p><\/div><\/div>\t\t\t\t<\/div>\n\t\t\t\t<div class=\"elementor-element elementor-element-995a02d dr2 elementor-position-top elementor-widget elementor-widget-image-box\" data-id=\"995a02d\" data-element_type=\"widget\" data-widget_type=\"image-box.default\">\n\t\t\t\t\t<div class=\"elementor-image-box-wrapper\"><figure class=\"elementor-image-box-img\"><a href=\"http:\/\/95.217.188.178\/drxercavins\/dr-mattia-buonomo\/\" tabindex=\"-1\"><img decoding=\"async\" width=\"112\" height=\"128\" src=\"http:\/\/95.217.188.178\/drxercavins\/wp-content\/uploads\/2025\/11\/Dr-Mattia-Buonomo-150x150-1-e1762779694889.jpg\" class=\"attachment-thumbnail size-thumbnail wp-image-4271\" alt=\"\" \/><\/a><\/figure><div class=\"elementor-image-box-content\"><h3 class=\"elementor-image-box-title\"><a href=\"http:\/\/95.217.188.178\/drxercavins\/dr-mattia-buonomo\/\">Dr. Mattia Buonomo<\/a><\/h3><p class=\"elementor-image-box-description\">Medicina Familiar y Comunitaria. Su formaci\u00f3n se ha complementado con un m\u00e1ster en Medicina Est\u00e9tica y del Bienestar.<\/p><\/div><\/div>\t\t\t\t<\/div>\n\t\t\t\t<\/div>\n\t\t\t\t<\/div>\n\t\t<div class=\"elementor-element elementor-element-c2883bf container-section-mini e-flex e-con-boxed e-con e-parent\" data-id=\"c2883bf\" data-element_type=\"container\">\n\t\t\t\t\t<div class=\"e-con-inner\">\n\t\t\t\t<div class=\"elementor-element elementor-element-c387bf9 elementor-widget elementor-widget-text-editor\" data-id=\"c387bf9\" data-element_type=\"widget\" data-widget_type=\"text-editor.default\">\n\t\t\t\t\t\t\t\t\t<blockquote>\n<p style=\"text-align: center;\"><em><span style=\"font-weight: 400;\">Para finalizar, decir que el Dr Xercavins sigue al frente de este proyecto de salud con fuerzas renovadas. <\/span><\/em><\/p>\n<p style=\"text-align: center;\"><em><span style=\"font-weight: 400;\">Siempre recordar\u00e1 y agradecer\u00e1 a su fiel colaborador durante 30 a\u00f1os, el <strong>Dr Jos\u00e9 M\u00aa Di\u00e9guez<\/strong>, m\u00e9dico insigne que nos dej\u00f3 atroz e injustamente en Julio de 2023 y lo hizo por ser m\u00e9dico pues falleci\u00f3 por una infecci\u00f3n hospitalaria. Ahora, y como la vida es una sucesi\u00f3n de destinos, ya tenemos en la consulta al Dr. Mattia Buonomo, m\u00e9dico italiano que ha desarrollado el Mir en Barcelona, as\u00ed como diversos postgrados y masters. Est\u00e1 ya preparado para seguir la medicina completa que se desarrolla en la consulta. Y adem\u00e1s llevar\u00e1 una unidad de sobrepeso-obesidad de forma integral y muy personal. Y por supuesto Eva, el alma del despacho, sigue como el \u00e1ngel que nos guarda a todos.<\/span><\/em><\/p>\n<\/blockquote>\t\t\t\t\t\t\t\t<\/div>\n\t\t\t\t\t<\/div>\n\t\t\t\t<\/div>\n\t\t\t\t<\/div>\n\t\t","protected":false},"excerpt":{"rendered":"<p>Equipo Detr\u00e1s de cada diagn\u00f3stico hay personas. Por eso nuestro equipo combina experiencia cl\u00ednica y sensibilidad humana para acompa\u00f1arte en todas las etapas del cuidado: desde la primera visita hasta el seguimiento, con cercan\u00eda, claridad y confianza. Dr. Xavier Xercavins Medicina general, Medicina interna, Medicina preventiva, Chequeos m\u00e9dicos, Medicina para la salud, Medicina Naturista, Medicina [&hellip;]<\/p>\n","protected":false},"author":1,"featured_media":0,"parent":1152,"menu_order":0,"comment_status":"closed","ping_status":"closed","template":"","meta":{"footnotes":""},"class_list":["post-13","page","type-page","status-publish","hentry"],"yoast_head":"<!-- This site is optimized with the Yoast SEO plugin v26.3 - https:\/\/yoast.com\/wordpress\/plugins\/seo\/ -->\n<title>Equipo - Consulta Dr. Xercavins<\/title>\n<meta name=\"robots\" content=\"noindex, follow, max-snippet:-1, max-image-preview:large, max-video-preview:-1\" \/>\n<meta property=\"og:locale\" content=\"es_ES\" \/>\n<meta property=\"og:type\" content=\"article\" \/>\n<meta property=\"og:title\" content=\"Equipo - Consulta Dr. Xercavins\" \/>\n<meta property=\"og:description\" content=\"Equipo Detr\u00e1s de cada diagn\u00f3stico hay personas. Por eso nuestro equipo combina experiencia cl\u00ednica y sensibilidad humana para acompa\u00f1arte en todas las etapas del cuidado: desde la primera visita hasta el seguimiento, con cercan\u00eda, claridad y confianza. Dr. Xavier Xercavins Medicina general, Medicina interna, Medicina preventiva, Chequeos m\u00e9dicos, Medicina para la salud, Medicina Naturista, Medicina [&hellip;]\" \/>\n<meta property=\"og:url\" content=\"http:\/\/95.217.188.178\/drxercavins\/centro-de-salud\/equipo\/\" \/>\n<meta property=\"og:site_name\" content=\"Consulta Dr. Xercavins\" \/>\n<meta property=\"article:modified_time\" content=\"2025-11-10T13:14:12+00:00\" \/>\n<meta property=\"og:image\" content=\"http:\/\/95.217.188.178\/drxercavins\/wp-content\/uploads\/2025\/11\/583861a5-9994-41ca-b5cc-5dd68ac97da0-e1762779731914.png\" \/>\n\t<meta property=\"og:image:width\" content=\"379\" \/>\n\t<meta property=\"og:image:height\" content=\"345\" \/>\n\t<meta property=\"og:image:type\" content=\"image\/png\" \/>\n<meta name=\"twitter:card\" content=\"summary_large_image\" \/>\n<meta name=\"twitter:label1\" content=\"Tiempo de lectura\" \/>\n\t<meta name=\"twitter:data1\" content=\"1 minuto\" \/>\n<script type=\"application\/ld+json\" class=\"yoast-schema-graph\">{\"@context\":\"https:\/\/schema.org\",\"@graph\":[{\"@type\":\"WebPage\",\"@id\":\"http:\/\/95.217.188.178\/drxercavins\/centro-de-salud\/equipo\/\",\"url\":\"http:\/\/95.217.188.178\/drxercavins\/centro-de-salud\/equipo\/\",\"name\":\"Equipo - Consulta Dr. Xercavins\",\"isPartOf\":{\"@id\":\"http:\/\/95.217.188.178\/drxercavins\/#website\"},\"primaryImageOfPage\":{\"@id\":\"http:\/\/95.217.188.178\/drxercavins\/centro-de-salud\/equipo\/#primaryimage\"},\"image\":{\"@id\":\"http:\/\/95.217.188.178\/drxercavins\/centro-de-salud\/equipo\/#primaryimage\"},\"thumbnailUrl\":\"http:\/\/95.217.188.178\/drxercavins\/wp-content\/uploads\/2025\/11\/583861a5-9994-41ca-b5cc-5dd68ac97da0-e1762779731914-150x150.png\",\"datePublished\":\"2025-09-29T10:59:55+00:00\",\"dateModified\":\"2025-11-10T13:14:12+00:00\",\"breadcrumb\":{\"@id\":\"http:\/\/95.217.188.178\/drxercavins\/centro-de-salud\/equipo\/#breadcrumb\"},\"inLanguage\":\"es\",\"potentialAction\":[{\"@type\":\"ReadAction\",\"target\":[\"http:\/\/95.217.188.178\/drxercavins\/centro-de-salud\/equipo\/\"]}]},{\"@type\":\"ImageObject\",\"inLanguage\":\"es\",\"@id\":\"http:\/\/95.217.188.178\/drxercavins\/centro-de-salud\/equipo\/#primaryimage\",\"url\":\"http:\/\/95.217.188.178\/drxercavins\/wp-content\/uploads\/2025\/11\/583861a5-9994-41ca-b5cc-5dd68ac97da0-e1762779731914.png\",\"contentUrl\":\"http:\/\/95.217.188.178\/drxercavins\/wp-content\/uploads\/2025\/11\/583861a5-9994-41ca-b5cc-5dd68ac97da0-e1762779731914.png\",\"width\":379,\"height\":345},{\"@type\":\"BreadcrumbList\",\"@id\":\"http:\/\/95.217.188.178\/drxercavins\/centro-de-salud\/equipo\/#breadcrumb\",\"itemListElement\":[{\"@type\":\"ListItem\",\"position\":1,\"name\":\"Portada\",\"item\":\"http:\/\/95.217.188.178\/drxercavins\/\"},{\"@type\":\"ListItem\",\"position\":2,\"name\":\"Centro de Salud\",\"item\":\"http:\/\/95.217.188.178\/drxercavins\/centro-de-salud\/\"},{\"@type\":\"ListItem\",\"position\":3,\"name\":\"Equipo\"}]},{\"@type\":\"WebSite\",\"@id\":\"http:\/\/95.217.188.178\/drxercavins\/#website\",\"url\":\"http:\/\/95.217.188.178\/drxercavins\/\",\"name\":\"Consulta Dr. Xercavins\",\"description\":\"Consulta M\u00e9dica en Barcelona\",\"publisher\":{\"@id\":\"http:\/\/95.217.188.178\/drxercavins\/#organization\"},\"potentialAction\":[{\"@type\":\"SearchAction\",\"target\":{\"@type\":\"EntryPoint\",\"urlTemplate\":\"http:\/\/95.217.188.178\/drxercavins\/?s={search_term_string}\"},\"query-input\":{\"@type\":\"PropertyValueSpecification\",\"valueRequired\":true,\"valueName\":\"search_term_string\"}}],\"inLanguage\":\"es\"},{\"@type\":\"Organization\",\"@id\":\"http:\/\/95.217.188.178\/drxercavins\/#organization\",\"name\":\"Consulta Dr. Xercavins\",\"url\":\"http:\/\/95.217.188.178\/drxercavins\/\",\"logo\":{\"@type\":\"ImageObject\",\"inLanguage\":\"es\",\"@id\":\"http:\/\/95.217.188.178\/drxercavins\/#\/schema\/logo\/image\/\",\"url\":\"http:\/\/95.217.188.178\/drxercavins\/wp-content\/uploads\/2025\/10\/ogo-actua-1.png\",\"contentUrl\":\"http:\/\/95.217.188.178\/drxercavins\/wp-content\/uploads\/2025\/10\/ogo-actua-1.png\",\"width\":500,\"height\":95,\"caption\":\"Consulta Dr. Xercavins\"},\"image\":{\"@id\":\"http:\/\/95.217.188.178\/drxercavins\/#\/schema\/logo\/image\/\"}}]}<\/script>\n<!-- \/ Yoast SEO plugin. -->","yoast_head_json":{"title":"Equipo - Consulta Dr. Xercavins","robots":{"index":"noindex","follow":"follow","max-snippet":"max-snippet:-1","max-image-preview":"max-image-preview:large","max-video-preview":"max-video-preview:-1"},"og_locale":"es_ES","og_type":"article","og_title":"Equipo - Consulta Dr. Xercavins","og_description":"Equipo Detr\u00e1s de cada diagn\u00f3stico hay personas. Por eso nuestro equipo combina experiencia cl\u00ednica y sensibilidad humana para acompa\u00f1arte en todas las etapas del cuidado: desde la primera visita hasta el seguimiento, con cercan\u00eda, claridad y confianza. Dr. Xavier Xercavins Medicina general, Medicina interna, Medicina preventiva, Chequeos m\u00e9dicos, Medicina para la salud, Medicina Naturista, Medicina [&hellip;]","og_url":"http:\/\/95.217.188.178\/drxercavins\/centro-de-salud\/equipo\/","og_site_name":"Consulta Dr. Xercavins","article_modified_time":"2025-11-10T13:14:12+00:00","og_image":[{"width":379,"height":345,"url":"http:\/\/95.217.188.178\/drxercavins\/wp-content\/uploads\/2025\/11\/583861a5-9994-41ca-b5cc-5dd68ac97da0-e1762779731914.png","type":"image\/png"}],"twitter_card":"summary_large_image","twitter_misc":{"Tiempo de lectura":"1 minuto"},"schema":{"@context":"https:\/\/schema.org","@graph":[{"@type":"WebPage","@id":"http:\/\/95.217.188.178\/drxercavins\/centro-de-salud\/equipo\/","url":"http:\/\/95.217.188.178\/drxercavins\/centro-de-salud\/equipo\/","name":"Equipo - Consulta Dr. Xercavins","isPartOf":{"@id":"http:\/\/95.217.188.178\/drxercavins\/#website"},"primaryImageOfPage":{"@id":"http:\/\/95.217.188.178\/drxercavins\/centro-de-salud\/equipo\/#primaryimage"},"image":{"@id":"http:\/\/95.217.188.178\/drxercavins\/centro-de-salud\/equipo\/#primaryimage"},"thumbnailUrl":"http:\/\/95.217.188.178\/drxercavins\/wp-content\/uploads\/2025\/11\/583861a5-9994-41ca-b5cc-5dd68ac97da0-e1762779731914-150x150.png","datePublished":"2025-09-29T10:59:55+00:00","dateModified":"2025-11-10T13:14:12+00:00","breadcrumb":{"@id":"http:\/\/95.217.188.178\/drxercavins\/centro-de-salud\/equipo\/#breadcrumb"},"inLanguage":"es","potentialAction":[{"@type":"ReadAction","target":["http:\/\/95.217.188.178\/drxercavins\/centro-de-salud\/equipo\/"]}]},{"@type":"ImageObject","inLanguage":"es","@id":"http:\/\/95.217.188.178\/drxercavins\/centro-de-salud\/equipo\/#primaryimage","url":"http:\/\/95.217.188.178\/drxercavins\/wp-content\/uploads\/2025\/11\/583861a5-9994-41ca-b5cc-5dd68ac97da0-e1762779731914.png","contentUrl":"http:\/\/95.217.188.178\/drxercavins\/wp-content\/uploads\/2025\/11\/583861a5-9994-41ca-b5cc-5dd68ac97da0-e1762779731914.png","width":379,"height":345},{"@type":"BreadcrumbList","@id":"http:\/\/95.217.188.178\/drxercavins\/centro-de-salud\/equipo\/#breadcrumb","itemListElement":[{"@type":"ListItem","position":1,"name":"Portada","item":"http:\/\/95.217.188.178\/drxercavins\/"},{"@type":"ListItem","position":2,"name":"Centro de Salud","item":"http:\/\/95.217.188.178\/drxercavins\/centro-de-salud\/"},{"@type":"ListItem","position":3,"name":"Equipo"}]},{"@type":"WebSite","@id":"http:\/\/95.217.188.178\/drxercavins\/#website","url":"http:\/\/95.217.188.178\/drxercavins\/","name":"Consulta Dr. Xercavins","description":"Consulta M\u00e9dica en Barcelona","publisher":{"@id":"http:\/\/95.217.188.178\/drxercavins\/#organization"},"potentialAction":[{"@type":"SearchAction","target":{"@type":"EntryPoint","urlTemplate":"http:\/\/95.217.188.178\/drxercavins\/?s={search_term_string}"},"query-input":{"@type":"PropertyValueSpecification","valueRequired":true,"valueName":"search_term_string"}}],"inLanguage":"es"},{"@type":"Organization","@id":"http:\/\/95.217.188.178\/drxercavins\/#organization","name":"Consulta Dr. Xercavins","url":"http:\/\/95.217.188.178\/drxercavins\/","logo":{"@type":"ImageObject","inLanguage":"es","@id":"http:\/\/95.217.188.178\/drxercavins\/#\/schema\/logo\/image\/","url":"http:\/\/95.217.188.178\/drxercavins\/wp-content\/uploads\/2025\/10\/ogo-actua-1.png","contentUrl":"http:\/\/95.217.188.178\/drxercavins\/wp-content\/uploads\/2025\/10\/ogo-actua-1.png","width":500,"height":95,"caption":"Consulta Dr. Xercavins"},"image":{"@id":"http:\/\/95.217.188.178\/drxercavins\/#\/schema\/logo\/image\/"}}]}},"_links":{"self":[{"href":"http:\/\/95.217.188.178\/drxercavins\/wp-json\/wp\/v2\/pages\/13","targetHints":{"allow":["GET"]}}],"collection":[{"href":"http:\/\/95.217.188.178\/drxercavins\/wp-json\/wp\/v2\/pages"}],"about":[{"href":"http:\/\/95.217.188.178\/drxercavins\/wp-json\/wp\/v2\/types\/page"}],"author":[{"embeddable":true,"href":"http:\/\/95.217.188.178\/drxercavins\/wp-json\/wp\/v2\/users\/1"}],"replies":[{"embeddable":true,"href":"http:\/\/95.217.188.178\/drxercavins\/wp-json\/wp\/v2\/comments?post=13"}],"version-history":[{"count":184,"href":"http:\/\/95.217.188.178\/drxercavins\/wp-json\/wp\/v2\/pages\/13\/revisions"}],"predecessor-version":[{"id":4346,"href":"http:\/\/95.217.188.178\/drxercavins\/wp-json\/wp\/v2\/pages\/13\/revisions\/4346"}],"up":[{"embeddable":true,"href":"http:\/\/95.217.188.178\/drxercavins\/wp-json\/wp\/v2\/pages\/1152"}],"wp:attachment":[{"href":"http:\/\/95.217.188.178\/drxercavins\/wp-json\/wp\/v2\/media?parent=13"}],"curies":[{"name":"wp","href":"https:\/\/api.w.org\/{rel}","templated":true}]}}