{"id":1155,"date":"2025-10-07T10:58:08","date_gmt":"2025-10-07T08:58:08","guid":{"rendered":"http:\/\/95.217.188.178\/drxercavins\/?page_id=1155"},"modified":"2025-11-10T15:20:30","modified_gmt":"2025-11-10T14:20:30","slug":"mutua","status":"publish","type":"page","link":"http:\/\/95.217.188.178\/drxercavins\/centro-de-salud\/mutua\/","title":{"rendered":"Mutua"},"content":{"rendered":"\t\t<div data-elementor-type=\"wp-page\" data-elementor-id=\"1155\" class=\"elementor elementor-1155\" data-elementor-post-type=\"page\">\n\t\t\t\t<div class=\"elementor-element elementor-element-dc9ea06 back-cream e-con-full e-flex e-con e-parent\" data-id=\"dc9ea06\" data-element_type=\"container\" id=\"mutua\">\n\t\t\t\t<div class=\"elementor-element elementor-element-ab0b059 elementor-widget elementor-widget-heading\" data-id=\"ab0b059\" data-element_type=\"widget\" data-widget_type=\"heading.default\">\n\t\t\t\t\t<h1 class=\"elementor-heading-title elementor-size-default\">Mutua general de Catalunya<\/h1>\t\t\t\t<\/div>\n\t\t\t\t<\/div>\n\t\t<div class=\"elementor-element elementor-element-5cbdc2a container-section-mini e-con-full e-flex e-con e-parent\" data-id=\"5cbdc2a\" data-element_type=\"container\">\n\t\t<div class=\"elementor-element elementor-element-3f9d4b8 e-con-full e-flex e-con e-child\" data-id=\"3f9d4b8\" data-element_type=\"container\">\n\t\t\t\t<div class=\"elementor-element elementor-element-f7dbe29 elementor-widget elementor-widget-text-editor\" data-id=\"f7dbe29\" data-element_type=\"widget\" data-widget_type=\"text-editor.default\">\n\t\t\t\t\t\t\t\t\t<p><span style=\"font-weight: 400;\">En Cl\u00ednica Xercavins colaboramos con las mejores mutuas de salud, lo que nos permite ofrecer a nuestros pacientes una atenci\u00f3n \u00e1gil y coordinada cuando necesitan servicios m\u00e9dicos generales, interpretaci\u00f3n de anal\u00edticas, seguimiento de pruebas complementarias o derivaci\u00f3n a especialistas. Gracias a esta colaboraci\u00f3n, podemos actuar como punto de enlace entre el paciente, su p\u00f3liza m\u00e9dica y el sistema de salud convencional.<\/span><\/p><p><span style=\"font-weight: 400;\">Es importante tener en cuenta que los servicios espec\u00edficos que ofrecemos en nuestra cl\u00ednica \u2014como los tratamientos integrativos, la medicina naturista personalizada o las terapias complementarias (fisioterapia, psicolog\u00eda o chequeos m\u00e9dicos) \u2014\u00a0 son exclusivos de nuestro enfoque profesional propio y no forman parte de las coberturas habituales de las aseguradoras.\u00a0<\/span><\/p><p><span style=\"font-weight: 400;\">A\u00fan as\u00ed, estaremos encantados de orientarte en c\u00f3mo complementar ambas v\u00edas para su bienestar completo.<\/span><\/p><p><span style=\"font-weight: 400;\">Mutuas:<\/span><\/p><ul><li style=\"font-weight: 400;\" aria-level=\"1\"><span style=\"font-weight: 400;\">Adeslas<\/span><\/li><li style=\"font-weight: 400;\" aria-level=\"1\"><span style=\"font-weight: 400;\">Asistencia Sanitaria Colegial<\/span><\/li><li style=\"font-weight: 400;\" aria-level=\"1\"><span style=\"font-weight: 400;\">Sanitas<\/span><\/li><li style=\"font-weight: 400;\" aria-level=\"1\"><span style=\"font-weight: 400;\">DKV<\/span><\/li><li style=\"font-weight: 400;\" aria-level=\"1\"><span style=\"font-weight: 400;\">FIATC<\/span><\/li><\/ul>\t\t\t\t\t\t\t\t<\/div>\n\t\t\t\t<\/div>\n\t\t<div class=\"elementor-element elementor-element-553d262 e-con-full e-flex e-con e-child\" data-id=\"553d262\" data-element_type=\"container\">\n\t\t\t\t<div class=\"elementor-element elementor-element-903334d elementor-widget elementor-widget-image\" data-id=\"903334d\" data-element_type=\"widget\" data-widget_type=\"image.default\">\n\t\t\t\t\t\t\t\t\t\t\t\t\t\t\t<img fetchpriority=\"high\" decoding=\"async\" width=\"1707\" height=\"1617\" src=\"http:\/\/95.217.188.178\/drxercavins\/wp-content\/uploads\/2025\/10\/pexels-karolina-grabowska-4386467-scaled-e1762784352597.jpg\" class=\"attachment-full size-full wp-image-1445\" alt=\"\" srcset=\"http:\/\/95.217.188.178\/drxercavins\/wp-content\/uploads\/2025\/10\/pexels-karolina-grabowska-4386467-scaled-e1762784352597.jpg 1707w, http:\/\/95.217.188.178\/drxercavins\/wp-content\/uploads\/2025\/10\/pexels-karolina-grabowska-4386467-scaled-e1762784352597-300x284.jpg 300w, http:\/\/95.217.188.178\/drxercavins\/wp-content\/uploads\/2025\/10\/pexels-karolina-grabowska-4386467-scaled-e1762784352597-1024x970.jpg 1024w, http:\/\/95.217.188.178\/drxercavins\/wp-content\/uploads\/2025\/10\/pexels-karolina-grabowska-4386467-scaled-e1762784352597-768x728.jpg 768w, http:\/\/95.217.188.178\/drxercavins\/wp-content\/uploads\/2025\/10\/pexels-karolina-grabowska-4386467-scaled-e1762784352597-1536x1455.jpg 1536w\" sizes=\"(max-width: 1707px) 100vw, 1707px\" \/>\t\t\t\t\t\t\t\t\t\t\t\t\t\t\t<\/div>\n\t\t\t\t<\/div>\n\t\t\t\t<\/div>\n\t\t\t\t<\/div>\n\t\t","protected":false},"excerpt":{"rendered":"<p>Mutua general de Catalunya En Cl\u00ednica Xercavins colaboramos con las mejores mutuas de salud, lo que nos permite ofrecer a nuestros pacientes una atenci\u00f3n \u00e1gil y coordinada cuando necesitan servicios m\u00e9dicos generales, interpretaci\u00f3n de anal\u00edticas, seguimiento de pruebas complementarias o derivaci\u00f3n a especialistas. Gracias a esta colaboraci\u00f3n, podemos actuar como punto de enlace entre el [&hellip;]<\/p>\n","protected":false},"author":1,"featured_media":0,"parent":1152,"menu_order":0,"comment_status":"closed","ping_status":"closed","template":"","meta":{"footnotes":""},"class_list":["post-1155","page","type-page","status-publish","hentry"],"yoast_head":"<!-- This site is optimized with the Yoast SEO plugin v26.3 - https:\/\/yoast.com\/wordpress\/plugins\/seo\/ -->\n<title>Mutua - Consulta Dr. Xercavins<\/title>\n<meta name=\"robots\" content=\"noindex, follow, max-snippet:-1, max-image-preview:large, max-video-preview:-1\" \/>\n<meta property=\"og:locale\" content=\"es_ES\" \/>\n<meta property=\"og:type\" content=\"article\" \/>\n<meta property=\"og:title\" content=\"Mutua - Consulta Dr. Xercavins\" \/>\n<meta property=\"og:description\" content=\"Mutua general de Catalunya En Cl\u00ednica Xercavins colaboramos con las mejores mutuas de salud, lo que nos permite ofrecer a nuestros pacientes una atenci\u00f3n \u00e1gil y coordinada cuando necesitan servicios m\u00e9dicos generales, interpretaci\u00f3n de anal\u00edticas, seguimiento de pruebas complementarias o derivaci\u00f3n a especialistas. Gracias a esta colaboraci\u00f3n, podemos actuar como punto de enlace entre el [&hellip;]\" \/>\n<meta property=\"og:url\" content=\"http:\/\/95.217.188.178\/drxercavins\/centro-de-salud\/mutua\/\" \/>\n<meta property=\"og:site_name\" content=\"Consulta Dr. Xercavins\" \/>\n<meta property=\"article:modified_time\" content=\"2025-11-10T14:20:30+00:00\" \/>\n<meta property=\"og:image\" content=\"http:\/\/95.217.188.178\/drxercavins\/wp-content\/uploads\/2025\/10\/pexels-karolina-grabowska-4386467-scaled-e1762784352597.jpg\" \/>\n\t<meta property=\"og:image:width\" content=\"1707\" \/>\n\t<meta property=\"og:image:height\" content=\"1617\" \/>\n\t<meta property=\"og:image:type\" content=\"image\/jpeg\" \/>\n<meta name=\"twitter:card\" content=\"summary_large_image\" \/>\n<meta name=\"twitter:label1\" content=\"Tiempo de lectura\" \/>\n\t<meta name=\"twitter:data1\" content=\"1 minuto\" \/>\n<script type=\"application\/ld+json\" class=\"yoast-schema-graph\">{\"@context\":\"https:\/\/schema.org\",\"@graph\":[{\"@type\":\"WebPage\",\"@id\":\"http:\/\/95.217.188.178\/drxercavins\/centro-de-salud\/mutua\/\",\"url\":\"http:\/\/95.217.188.178\/drxercavins\/centro-de-salud\/mutua\/\",\"name\":\"Mutua - Consulta Dr. Xercavins\",\"isPartOf\":{\"@id\":\"http:\/\/95.217.188.178\/drxercavins\/#website\"},\"primaryImageOfPage\":{\"@id\":\"http:\/\/95.217.188.178\/drxercavins\/centro-de-salud\/mutua\/#primaryimage\"},\"image\":{\"@id\":\"http:\/\/95.217.188.178\/drxercavins\/centro-de-salud\/mutua\/#primaryimage\"},\"thumbnailUrl\":\"http:\/\/95.217.188.178\/drxercavins\/wp-content\/uploads\/2025\/10\/pexels-karolina-grabowska-4386467-scaled-e1762784352597.jpg\",\"datePublished\":\"2025-10-07T08:58:08+00:00\",\"dateModified\":\"2025-11-10T14:20:30+00:00\",\"breadcrumb\":{\"@id\":\"http:\/\/95.217.188.178\/drxercavins\/centro-de-salud\/mutua\/#breadcrumb\"},\"inLanguage\":\"es\",\"potentialAction\":[{\"@type\":\"ReadAction\",\"target\":[\"http:\/\/95.217.188.178\/drxercavins\/centro-de-salud\/mutua\/\"]}]},{\"@type\":\"ImageObject\",\"inLanguage\":\"es\",\"@id\":\"http:\/\/95.217.188.178\/drxercavins\/centro-de-salud\/mutua\/#primaryimage\",\"url\":\"http:\/\/95.217.188.178\/drxercavins\/wp-content\/uploads\/2025\/10\/pexels-karolina-grabowska-4386467-scaled-e1762784352597.jpg\",\"contentUrl\":\"http:\/\/95.217.188.178\/drxercavins\/wp-content\/uploads\/2025\/10\/pexels-karolina-grabowska-4386467-scaled-e1762784352597.jpg\",\"width\":1707,\"height\":1617},{\"@type\":\"BreadcrumbList\",\"@id\":\"http:\/\/95.217.188.178\/drxercavins\/centro-de-salud\/mutua\/#breadcrumb\",\"itemListElement\":[{\"@type\":\"ListItem\",\"position\":1,\"name\":\"Portada\",\"item\":\"http:\/\/95.217.188.178\/drxercavins\/\"},{\"@type\":\"ListItem\",\"position\":2,\"name\":\"Centro de Salud\",\"item\":\"http:\/\/95.217.188.178\/drxercavins\/centro-de-salud\/\"},{\"@type\":\"ListItem\",\"position\":3,\"name\":\"Mutua\"}]},{\"@type\":\"WebSite\",\"@id\":\"http:\/\/95.217.188.178\/drxercavins\/#website\",\"url\":\"http:\/\/95.217.188.178\/drxercavins\/\",\"name\":\"Consulta Dr. Xercavins\",\"description\":\"Consulta M\u00e9dica en Barcelona\",\"publisher\":{\"@id\":\"http:\/\/95.217.188.178\/drxercavins\/#organization\"},\"potentialAction\":[{\"@type\":\"SearchAction\",\"target\":{\"@type\":\"EntryPoint\",\"urlTemplate\":\"http:\/\/95.217.188.178\/drxercavins\/?s={search_term_string}\"},\"query-input\":{\"@type\":\"PropertyValueSpecification\",\"valueRequired\":true,\"valueName\":\"search_term_string\"}}],\"inLanguage\":\"es\"},{\"@type\":\"Organization\",\"@id\":\"http:\/\/95.217.188.178\/drxercavins\/#organization\",\"name\":\"Consulta Dr. Xercavins\",\"url\":\"http:\/\/95.217.188.178\/drxercavins\/\",\"logo\":{\"@type\":\"ImageObject\",\"inLanguage\":\"es\",\"@id\":\"http:\/\/95.217.188.178\/drxercavins\/#\/schema\/logo\/image\/\",\"url\":\"http:\/\/95.217.188.178\/drxercavins\/wp-content\/uploads\/2025\/10\/ogo-actua-1.png\",\"contentUrl\":\"http:\/\/95.217.188.178\/drxercavins\/wp-content\/uploads\/2025\/10\/ogo-actua-1.png\",\"width\":500,\"height\":95,\"caption\":\"Consulta Dr. Xercavins\"},\"image\":{\"@id\":\"http:\/\/95.217.188.178\/drxercavins\/#\/schema\/logo\/image\/\"}}]}<\/script>\n<!-- \/ Yoast SEO plugin. -->","yoast_head_json":{"title":"Mutua - Consulta Dr. Xercavins","robots":{"index":"noindex","follow":"follow","max-snippet":"max-snippet:-1","max-image-preview":"max-image-preview:large","max-video-preview":"max-video-preview:-1"},"og_locale":"es_ES","og_type":"article","og_title":"Mutua - Consulta Dr. Xercavins","og_description":"Mutua general de Catalunya En Cl\u00ednica Xercavins colaboramos con las mejores mutuas de salud, lo que nos permite ofrecer a nuestros pacientes una atenci\u00f3n \u00e1gil y coordinada cuando necesitan servicios m\u00e9dicos generales, interpretaci\u00f3n de anal\u00edticas, seguimiento de pruebas complementarias o derivaci\u00f3n a especialistas. Gracias a esta colaboraci\u00f3n, podemos actuar como punto de enlace entre el [&hellip;]","og_url":"http:\/\/95.217.188.178\/drxercavins\/centro-de-salud\/mutua\/","og_site_name":"Consulta Dr. Xercavins","article_modified_time":"2025-11-10T14:20:30+00:00","og_image":[{"width":1707,"height":1617,"url":"http:\/\/95.217.188.178\/drxercavins\/wp-content\/uploads\/2025\/10\/pexels-karolina-grabowska-4386467-scaled-e1762784352597.jpg","type":"image\/jpeg"}],"twitter_card":"summary_large_image","twitter_misc":{"Tiempo de lectura":"1 minuto"},"schema":{"@context":"https:\/\/schema.org","@graph":[{"@type":"WebPage","@id":"http:\/\/95.217.188.178\/drxercavins\/centro-de-salud\/mutua\/","url":"http:\/\/95.217.188.178\/drxercavins\/centro-de-salud\/mutua\/","name":"Mutua - Consulta Dr. Xercavins","isPartOf":{"@id":"http:\/\/95.217.188.178\/drxercavins\/#website"},"primaryImageOfPage":{"@id":"http:\/\/95.217.188.178\/drxercavins\/centro-de-salud\/mutua\/#primaryimage"},"image":{"@id":"http:\/\/95.217.188.178\/drxercavins\/centro-de-salud\/mutua\/#primaryimage"},"thumbnailUrl":"http:\/\/95.217.188.178\/drxercavins\/wp-content\/uploads\/2025\/10\/pexels-karolina-grabowska-4386467-scaled-e1762784352597.jpg","datePublished":"2025-10-07T08:58:08+00:00","dateModified":"2025-11-10T14:20:30+00:00","breadcrumb":{"@id":"http:\/\/95.217.188.178\/drxercavins\/centro-de-salud\/mutua\/#breadcrumb"},"inLanguage":"es","potentialAction":[{"@type":"ReadAction","target":["http:\/\/95.217.188.178\/drxercavins\/centro-de-salud\/mutua\/"]}]},{"@type":"ImageObject","inLanguage":"es","@id":"http:\/\/95.217.188.178\/drxercavins\/centro-de-salud\/mutua\/#primaryimage","url":"http:\/\/95.217.188.178\/drxercavins\/wp-content\/uploads\/2025\/10\/pexels-karolina-grabowska-4386467-scaled-e1762784352597.jpg","contentUrl":"http:\/\/95.217.188.178\/drxercavins\/wp-content\/uploads\/2025\/10\/pexels-karolina-grabowska-4386467-scaled-e1762784352597.jpg","width":1707,"height":1617},{"@type":"BreadcrumbList","@id":"http:\/\/95.217.188.178\/drxercavins\/centro-de-salud\/mutua\/#breadcrumb","itemListElement":[{"@type":"ListItem","position":1,"name":"Portada","item":"http:\/\/95.217.188.178\/drxercavins\/"},{"@type":"ListItem","position":2,"name":"Centro de Salud","item":"http:\/\/95.217.188.178\/drxercavins\/centro-de-salud\/"},{"@type":"ListItem","position":3,"name":"Mutua"}]},{"@type":"WebSite","@id":"http:\/\/95.217.188.178\/drxercavins\/#website","url":"http:\/\/95.217.188.178\/drxercavins\/","name":"Consulta Dr. Xercavins","description":"Consulta M\u00e9dica en Barcelona","publisher":{"@id":"http:\/\/95.217.188.178\/drxercavins\/#organization"},"potentialAction":[{"@type":"SearchAction","target":{"@type":"EntryPoint","urlTemplate":"http:\/\/95.217.188.178\/drxercavins\/?s={search_term_string}"},"query-input":{"@type":"PropertyValueSpecification","valueRequired":true,"valueName":"search_term_string"}}],"inLanguage":"es"},{"@type":"Organization","@id":"http:\/\/95.217.188.178\/drxercavins\/#organization","name":"Consulta Dr. Xercavins","url":"http:\/\/95.217.188.178\/drxercavins\/","logo":{"@type":"ImageObject","inLanguage":"es","@id":"http:\/\/95.217.188.178\/drxercavins\/#\/schema\/logo\/image\/","url":"http:\/\/95.217.188.178\/drxercavins\/wp-content\/uploads\/2025\/10\/ogo-actua-1.png","contentUrl":"http:\/\/95.217.188.178\/drxercavins\/wp-content\/uploads\/2025\/10\/ogo-actua-1.png","width":500,"height":95,"caption":"Consulta Dr. Xercavins"},"image":{"@id":"http:\/\/95.217.188.178\/drxercavins\/#\/schema\/logo\/image\/"}}]}},"_links":{"self":[{"href":"http:\/\/95.217.188.178\/drxercavins\/wp-json\/wp\/v2\/pages\/1155","targetHints":{"allow":["GET"]}}],"collection":[{"href":"http:\/\/95.217.188.178\/drxercavins\/wp-json\/wp\/v2\/pages"}],"about":[{"href":"http:\/\/95.217.188.178\/drxercavins\/wp-json\/wp\/v2\/types\/page"}],"author":[{"embeddable":true,"href":"http:\/\/95.217.188.178\/drxercavins\/wp-json\/wp\/v2\/users\/1"}],"replies":[{"embeddable":true,"href":"http:\/\/95.217.188.178\/drxercavins\/wp-json\/wp\/v2\/comments?post=1155"}],"version-history":[{"count":49,"href":"http:\/\/95.217.188.178\/drxercavins\/wp-json\/wp\/v2\/pages\/1155\/revisions"}],"predecessor-version":[{"id":4381,"href":"http:\/\/95.217.188.178\/drxercavins\/wp-json\/wp\/v2\/pages\/1155\/revisions\/4381"}],"up":[{"embeddable":true,"href":"http:\/\/95.217.188.178\/drxercavins\/wp-json\/wp\/v2\/pages\/1152"}],"wp:attachment":[{"href":"http:\/\/95.217.188.178\/drxercavins\/wp-json\/wp\/v2\/media?parent=1155"}],"curies":[{"name":"wp","href":"https:\/\/api.w.org\/{rel}","templated":true}]}}