{"id":1152,"date":"2025-10-07T10:57:58","date_gmt":"2025-10-07T08:57:58","guid":{"rendered":"http:\/\/95.217.188.178\/drxercavins\/?page_id=1152"},"modified":"2025-11-10T13:36:44","modified_gmt":"2025-11-10T12:36:44","slug":"centro-de-salud","status":"publish","type":"page","link":"http:\/\/95.217.188.178\/drxercavins\/centro-de-salud\/","title":{"rendered":"Centro de Salud"},"content":{"rendered":"\t\t<div data-elementor-type=\"wp-page\" data-elementor-id=\"1152\" class=\"elementor elementor-1152\" data-elementor-post-type=\"page\">\n\t\t\t\t<div class=\"elementor-element elementor-element-3217339 back-cream e-flex e-con-boxed e-con e-parent\" data-id=\"3217339\" data-element_type=\"container\" id=\"centro\">\n\t\t\t\t\t<div class=\"e-con-inner\">\n\t\t\t\t<div class=\"elementor-element elementor-element-c12cdea elementor-widget elementor-widget-heading\" data-id=\"c12cdea\" data-element_type=\"widget\" data-widget_type=\"heading.default\">\n\t\t\t\t\t<h1 class=\"elementor-heading-title elementor-size-default\">Centro de Salud<\/h1>\t\t\t\t<\/div>\n\t\t\t\t\t<\/div>\n\t\t\t\t<\/div>\n\t\t<div class=\"elementor-element elementor-element-285f726 container-section-mini e-flex e-con-boxed e-con e-parent\" data-id=\"285f726\" data-element_type=\"container\">\n\t\t\t\t\t<div class=\"e-con-inner\">\n\t\t<div class=\"elementor-element elementor-element-ba1edff e-grid e-con-full e-con e-child\" data-id=\"ba1edff\" data-element_type=\"container\">\n\t\t\t\t<div class=\"elementor-element elementor-element-304ee06 elementor-widget elementor-widget-image\" data-id=\"304ee06\" data-element_type=\"widget\" data-widget_type=\"image.default\">\n\t\t\t\t\t\t\t\t\t\t\t\t\t\t\t<img fetchpriority=\"high\" decoding=\"async\" width=\"800\" height=\"534\" src=\"http:\/\/95.217.188.178\/drxercavins\/wp-content\/uploads\/2025\/10\/pexels-karolina-grabowska-5206923-1024x683.jpg\" class=\"attachment-large size-large wp-image-1288\" alt=\"\" srcset=\"http:\/\/95.217.188.178\/drxercavins\/wp-content\/uploads\/2025\/10\/pexels-karolina-grabowska-5206923-1024x683.jpg 1024w, http:\/\/95.217.188.178\/drxercavins\/wp-content\/uploads\/2025\/10\/pexels-karolina-grabowska-5206923-300x200.jpg 300w, http:\/\/95.217.188.178\/drxercavins\/wp-content\/uploads\/2025\/10\/pexels-karolina-grabowska-5206923-768x512.jpg 768w, http:\/\/95.217.188.178\/drxercavins\/wp-content\/uploads\/2025\/10\/pexels-karolina-grabowska-5206923-1536x1024.jpg 1536w, http:\/\/95.217.188.178\/drxercavins\/wp-content\/uploads\/2025\/10\/pexels-karolina-grabowska-5206923-2048x1365.jpg 2048w\" sizes=\"(max-width: 800px) 100vw, 800px\" \/>\t\t\t\t\t\t\t\t\t\t\t\t\t\t\t<\/div>\n\t\t\t\t<div class=\"elementor-element elementor-element-60b9ed8 description-text-mini elementor-widget elementor-widget-text-editor\" data-id=\"60b9ed8\" data-element_type=\"widget\" data-widget_type=\"text-editor.default\">\n\t\t\t\t\t\t\t\t\t<p><b>Nuestra filosofia es una medicina centrada en la persona, no solo en el s\u00edntoma,<\/b><span style=\"font-weight: 400;\"> y eso\u00a0 parte de una visi\u00f3n hol\u00edstica del paciente, donde cuerpo, mente, nutrici\u00f3n, gen\u00e9tica y entorno forman un todo interconectado. Apostamos por una medicina naturista e integrativa que une el rigor cient\u00edfico con terapias complementarias, para promover la prevenci\u00f3n, el equilibrio y la salud sostenida en el tiempo.Analizamos cada caso de forma individualizada, integrando m\u00faltiples dimensiones del bienestar: cl\u00ednica, metab\u00f3lica, emocional y funcional. <\/span><span style=\"font-weight: 400;\"><br \/><\/span><span style=\"font-weight: 400;\">Nuestro objetivo es acompa\u00f1ar al paciente en un proceso integral de transformaci\u00f3n y mejora, promoviendo una vida m\u00e1s saludable, equilibrada y coherente con sus metas personales.<\/span><\/p><p><span style=\"font-weight: 400;\">Contamos con un <\/span><b>equipo<\/b><span style=\"font-weight: 400;\"> m\u00e9dico multidisciplinar especializado en medicina general, medicina naturista, nutrici\u00f3n y tratamiento de la obesidad, psicolog\u00eda cl\u00ednica, fisioterapia y medicina est\u00e9tica.\u00a0<\/span><\/p>\t\t\t\t\t\t\t\t<\/div>\n\t\t\t\t<\/div>\n\t\t\t\t\t<\/div>\n\t\t\t\t<\/div>\n\t\t<div class=\"elementor-element elementor-element-58dd6d4 container-section-mini-horizontal e-flex e-con-boxed e-con e-parent\" data-id=\"58dd6d4\" data-element_type=\"container\">\n\t\t\t\t\t<div class=\"e-con-inner\">\n\t\t\t\t<div class=\"elementor-element elementor-element-d6a26cb description-text-mini elementor-widget elementor-widget-text-editor\" data-id=\"d6a26cb\" data-element_type=\"widget\" data-widget_type=\"text-editor.default\">\n\t\t\t\t\t\t\t\t\t<p style=\"text-align: center;\"><span style=\"font-weight: 400;\">Nuestras instalaciones est\u00e1n dotadas de tecnolog\u00eda avanzada y <\/span><b>maquinaria<\/b><span style=\"font-weight: 400;\"> espec\u00edfica para el diagn\u00f3stico y el tratamiento de patolog\u00edas complejas y trastornos funcionales. A trav\u00e9s de un abordaje preventivo, tratamos no solo enfermedades cr\u00f3nicas o agudas, sino tambi\u00e9n el origen de los desequilibrios que afectan al bienestar general del paciente.<\/span><\/p><p style=\"text-align: center;\"><span style=\"font-weight: 400;\">Dise\u00f1amos <\/span><b>planes terap\u00e9uticos<\/b><span style=\"font-weight: 400;\"> personalizados que incluyen tratamientos naturales,\u00a0 programas de reeducaci\u00f3n nutricional, apoyo psicol\u00f3gico e intervenciones est\u00e9ticas m\u00e9dicas.\u00a0<\/span><\/p><p style=\"text-align: center;\"><span style=\"font-weight: 400;\">En la Clinica Xercavins perseguimos el objetivo de la <\/span><b>excelencia<\/b><span style=\"font-weight: 400;\"> m\u00e9dica mirando con precisi\u00f3n a todas las necesidades del paciente a trav\u00e9s de un estudio espec\u00edfico, integral y personalizado para llegar a una soluci\u00f3n en armon\u00eda con las necesidades y los objetivos del asistido.<\/span><\/p>\t\t\t\t\t\t\t\t<\/div>\n\t\t\t\t\t<\/div>\n\t\t\t\t<\/div>\n\t\t<div class=\"elementor-element elementor-element-7ceb6dd container-section-mini-horizontal e-flex e-con-boxed e-con e-parent\" data-id=\"7ceb6dd\" data-element_type=\"container\">\n\t\t\t\t\t<div class=\"e-con-inner\">\n\t\t\t\t<div class=\"elementor-element elementor-element-700bc44 section-anotet-small elementor-widget elementor-widget-heading\" data-id=\"700bc44\" data-element_type=\"widget\" data-widget_type=\"heading.default\">\n\t\t\t\t\t<p class=\"elementor-heading-title elementor-size-default\">Cl\u00ednica Xercavins \u2013 Medicina con visi\u00f3n integral, para cuidar de ti en todas las etapas de la vida.<\/p>\t\t\t\t<\/div>\n\t\t\t\t<div class=\"elementor-element elementor-element-0444bbc elementor-widget elementor-widget-spacer\" data-id=\"0444bbc\" data-element_type=\"widget\" data-widget_type=\"spacer.default\">\n\t\t\t\t\t\t\t<div class=\"elementor-spacer\">\n\t\t\t<div class=\"elementor-spacer-inner\"><\/div>\n\t\t<\/div>\n\t\t\t\t\t\t<\/div>\n\t\t\t\t\t<\/div>\n\t\t\t\t<\/div>\n\t\t\t\t<\/div>\n\t\t","protected":false},"excerpt":{"rendered":"<p>Centro de Salud Nuestra filosofia es una medicina centrada en la persona, no solo en el s\u00edntoma, y eso\u00a0 parte de una visi\u00f3n hol\u00edstica del paciente, donde cuerpo, mente, nutrici\u00f3n, gen\u00e9tica y entorno forman un todo interconectado. Apostamos por una medicina naturista e integrativa que une el rigor cient\u00edfico con terapias complementarias, para promover la [&hellip;]<\/p>\n","protected":false},"author":1,"featured_media":0,"parent":0,"menu_order":0,"comment_status":"closed","ping_status":"closed","template":"","meta":{"footnotes":""},"class_list":["post-1152","page","type-page","status-publish","hentry"],"yoast_head":"<!-- This site is optimized with the Yoast SEO plugin v26.3 - https:\/\/yoast.com\/wordpress\/plugins\/seo\/ -->\n<title>Centro de Salud - Consulta Dr. Xercavins<\/title>\n<meta name=\"robots\" content=\"noindex, follow, max-snippet:-1, max-image-preview:large, max-video-preview:-1\" \/>\n<meta property=\"og:locale\" content=\"es_ES\" \/>\n<meta property=\"og:type\" content=\"article\" \/>\n<meta property=\"og:title\" content=\"Centro de Salud - Consulta Dr. Xercavins\" \/>\n<meta property=\"og:description\" content=\"Centro de Salud Nuestra filosofia es una medicina centrada en la persona, no solo en el s\u00edntoma, y eso\u00a0 parte de una visi\u00f3n hol\u00edstica del paciente, donde cuerpo, mente, nutrici\u00f3n, gen\u00e9tica y entorno forman un todo interconectado. Apostamos por una medicina naturista e integrativa que une el rigor cient\u00edfico con terapias complementarias, para promover la [&hellip;]\" \/>\n<meta property=\"og:url\" content=\"http:\/\/95.217.188.178\/drxercavins\/centro-de-salud\/\" \/>\n<meta property=\"og:site_name\" content=\"Consulta Dr. Xercavins\" \/>\n<meta property=\"article:modified_time\" content=\"2025-11-10T12:36:44+00:00\" \/>\n<meta property=\"og:image\" content=\"http:\/\/95.217.188.178\/drxercavins\/wp-content\/uploads\/2025\/10\/pexels-karolina-grabowska-5206923-scaled.jpg\" \/>\n\t<meta property=\"og:image:width\" content=\"2560\" \/>\n\t<meta property=\"og:image:height\" content=\"1707\" \/>\n\t<meta property=\"og:image:type\" content=\"image\/jpeg\" \/>\n<meta name=\"twitter:card\" content=\"summary_large_image\" \/>\n<meta name=\"twitter:label1\" content=\"Tiempo de lectura\" \/>\n\t<meta name=\"twitter:data1\" content=\"2 minutos\" \/>\n<script type=\"application\/ld+json\" class=\"yoast-schema-graph\">{\"@context\":\"https:\/\/schema.org\",\"@graph\":[{\"@type\":\"WebPage\",\"@id\":\"http:\/\/95.217.188.178\/drxercavins\/centro-de-salud\/\",\"url\":\"http:\/\/95.217.188.178\/drxercavins\/centro-de-salud\/\",\"name\":\"Centro de Salud - Consulta Dr. Xercavins\",\"isPartOf\":{\"@id\":\"http:\/\/95.217.188.178\/drxercavins\/#website\"},\"primaryImageOfPage\":{\"@id\":\"http:\/\/95.217.188.178\/drxercavins\/centro-de-salud\/#primaryimage\"},\"image\":{\"@id\":\"http:\/\/95.217.188.178\/drxercavins\/centro-de-salud\/#primaryimage\"},\"thumbnailUrl\":\"http:\/\/95.217.188.178\/drxercavins\/wp-content\/uploads\/2025\/10\/pexels-karolina-grabowska-5206923-1024x683.jpg\",\"datePublished\":\"2025-10-07T08:57:58+00:00\",\"dateModified\":\"2025-11-10T12:36:44+00:00\",\"breadcrumb\":{\"@id\":\"http:\/\/95.217.188.178\/drxercavins\/centro-de-salud\/#breadcrumb\"},\"inLanguage\":\"es\",\"potentialAction\":[{\"@type\":\"ReadAction\",\"target\":[\"http:\/\/95.217.188.178\/drxercavins\/centro-de-salud\/\"]}]},{\"@type\":\"ImageObject\",\"inLanguage\":\"es\",\"@id\":\"http:\/\/95.217.188.178\/drxercavins\/centro-de-salud\/#primaryimage\",\"url\":\"http:\/\/95.217.188.178\/drxercavins\/wp-content\/uploads\/2025\/10\/pexels-karolina-grabowska-5206923-scaled.jpg\",\"contentUrl\":\"http:\/\/95.217.188.178\/drxercavins\/wp-content\/uploads\/2025\/10\/pexels-karolina-grabowska-5206923-scaled.jpg\",\"width\":2560,\"height\":1707},{\"@type\":\"BreadcrumbList\",\"@id\":\"http:\/\/95.217.188.178\/drxercavins\/centro-de-salud\/#breadcrumb\",\"itemListElement\":[{\"@type\":\"ListItem\",\"position\":1,\"name\":\"Portada\",\"item\":\"http:\/\/95.217.188.178\/drxercavins\/\"},{\"@type\":\"ListItem\",\"position\":2,\"name\":\"Centro de Salud\"}]},{\"@type\":\"WebSite\",\"@id\":\"http:\/\/95.217.188.178\/drxercavins\/#website\",\"url\":\"http:\/\/95.217.188.178\/drxercavins\/\",\"name\":\"Consulta Dr. Xercavins\",\"description\":\"Consulta M\u00e9dica en Barcelona\",\"publisher\":{\"@id\":\"http:\/\/95.217.188.178\/drxercavins\/#organization\"},\"potentialAction\":[{\"@type\":\"SearchAction\",\"target\":{\"@type\":\"EntryPoint\",\"urlTemplate\":\"http:\/\/95.217.188.178\/drxercavins\/?s={search_term_string}\"},\"query-input\":{\"@type\":\"PropertyValueSpecification\",\"valueRequired\":true,\"valueName\":\"search_term_string\"}}],\"inLanguage\":\"es\"},{\"@type\":\"Organization\",\"@id\":\"http:\/\/95.217.188.178\/drxercavins\/#organization\",\"name\":\"Consulta Dr. Xercavins\",\"url\":\"http:\/\/95.217.188.178\/drxercavins\/\",\"logo\":{\"@type\":\"ImageObject\",\"inLanguage\":\"es\",\"@id\":\"http:\/\/95.217.188.178\/drxercavins\/#\/schema\/logo\/image\/\",\"url\":\"http:\/\/95.217.188.178\/drxercavins\/wp-content\/uploads\/2025\/10\/ogo-actua-1.png\",\"contentUrl\":\"http:\/\/95.217.188.178\/drxercavins\/wp-content\/uploads\/2025\/10\/ogo-actua-1.png\",\"width\":500,\"height\":95,\"caption\":\"Consulta Dr. Xercavins\"},\"image\":{\"@id\":\"http:\/\/95.217.188.178\/drxercavins\/#\/schema\/logo\/image\/\"}}]}<\/script>\n<!-- \/ Yoast SEO plugin. -->","yoast_head_json":{"title":"Centro de Salud - Consulta Dr. Xercavins","robots":{"index":"noindex","follow":"follow","max-snippet":"max-snippet:-1","max-image-preview":"max-image-preview:large","max-video-preview":"max-video-preview:-1"},"og_locale":"es_ES","og_type":"article","og_title":"Centro de Salud - Consulta Dr. Xercavins","og_description":"Centro de Salud Nuestra filosofia es una medicina centrada en la persona, no solo en el s\u00edntoma, y eso\u00a0 parte de una visi\u00f3n hol\u00edstica del paciente, donde cuerpo, mente, nutrici\u00f3n, gen\u00e9tica y entorno forman un todo interconectado. Apostamos por una medicina naturista e integrativa que une el rigor cient\u00edfico con terapias complementarias, para promover la [&hellip;]","og_url":"http:\/\/95.217.188.178\/drxercavins\/centro-de-salud\/","og_site_name":"Consulta Dr. Xercavins","article_modified_time":"2025-11-10T12:36:44+00:00","og_image":[{"width":2560,"height":1707,"url":"http:\/\/95.217.188.178\/drxercavins\/wp-content\/uploads\/2025\/10\/pexels-karolina-grabowska-5206923-scaled.jpg","type":"image\/jpeg"}],"twitter_card":"summary_large_image","twitter_misc":{"Tiempo de lectura":"2 minutos"},"schema":{"@context":"https:\/\/schema.org","@graph":[{"@type":"WebPage","@id":"http:\/\/95.217.188.178\/drxercavins\/centro-de-salud\/","url":"http:\/\/95.217.188.178\/drxercavins\/centro-de-salud\/","name":"Centro de Salud - Consulta Dr. Xercavins","isPartOf":{"@id":"http:\/\/95.217.188.178\/drxercavins\/#website"},"primaryImageOfPage":{"@id":"http:\/\/95.217.188.178\/drxercavins\/centro-de-salud\/#primaryimage"},"image":{"@id":"http:\/\/95.217.188.178\/drxercavins\/centro-de-salud\/#primaryimage"},"thumbnailUrl":"http:\/\/95.217.188.178\/drxercavins\/wp-content\/uploads\/2025\/10\/pexels-karolina-grabowska-5206923-1024x683.jpg","datePublished":"2025-10-07T08:57:58+00:00","dateModified":"2025-11-10T12:36:44+00:00","breadcrumb":{"@id":"http:\/\/95.217.188.178\/drxercavins\/centro-de-salud\/#breadcrumb"},"inLanguage":"es","potentialAction":[{"@type":"ReadAction","target":["http:\/\/95.217.188.178\/drxercavins\/centro-de-salud\/"]}]},{"@type":"ImageObject","inLanguage":"es","@id":"http:\/\/95.217.188.178\/drxercavins\/centro-de-salud\/#primaryimage","url":"http:\/\/95.217.188.178\/drxercavins\/wp-content\/uploads\/2025\/10\/pexels-karolina-grabowska-5206923-scaled.jpg","contentUrl":"http:\/\/95.217.188.178\/drxercavins\/wp-content\/uploads\/2025\/10\/pexels-karolina-grabowska-5206923-scaled.jpg","width":2560,"height":1707},{"@type":"BreadcrumbList","@id":"http:\/\/95.217.188.178\/drxercavins\/centro-de-salud\/#breadcrumb","itemListElement":[{"@type":"ListItem","position":1,"name":"Portada","item":"http:\/\/95.217.188.178\/drxercavins\/"},{"@type":"ListItem","position":2,"name":"Centro de Salud"}]},{"@type":"WebSite","@id":"http:\/\/95.217.188.178\/drxercavins\/#website","url":"http:\/\/95.217.188.178\/drxercavins\/","name":"Consulta Dr. Xercavins","description":"Consulta M\u00e9dica en Barcelona","publisher":{"@id":"http:\/\/95.217.188.178\/drxercavins\/#organization"},"potentialAction":[{"@type":"SearchAction","target":{"@type":"EntryPoint","urlTemplate":"http:\/\/95.217.188.178\/drxercavins\/?s={search_term_string}"},"query-input":{"@type":"PropertyValueSpecification","valueRequired":true,"valueName":"search_term_string"}}],"inLanguage":"es"},{"@type":"Organization","@id":"http:\/\/95.217.188.178\/drxercavins\/#organization","name":"Consulta Dr. Xercavins","url":"http:\/\/95.217.188.178\/drxercavins\/","logo":{"@type":"ImageObject","inLanguage":"es","@id":"http:\/\/95.217.188.178\/drxercavins\/#\/schema\/logo\/image\/","url":"http:\/\/95.217.188.178\/drxercavins\/wp-content\/uploads\/2025\/10\/ogo-actua-1.png","contentUrl":"http:\/\/95.217.188.178\/drxercavins\/wp-content\/uploads\/2025\/10\/ogo-actua-1.png","width":500,"height":95,"caption":"Consulta Dr. Xercavins"},"image":{"@id":"http:\/\/95.217.188.178\/drxercavins\/#\/schema\/logo\/image\/"}}]}},"_links":{"self":[{"href":"http:\/\/95.217.188.178\/drxercavins\/wp-json\/wp\/v2\/pages\/1152","targetHints":{"allow":["GET"]}}],"collection":[{"href":"http:\/\/95.217.188.178\/drxercavins\/wp-json\/wp\/v2\/pages"}],"about":[{"href":"http:\/\/95.217.188.178\/drxercavins\/wp-json\/wp\/v2\/types\/page"}],"author":[{"embeddable":true,"href":"http:\/\/95.217.188.178\/drxercavins\/wp-json\/wp\/v2\/users\/1"}],"replies":[{"embeddable":true,"href":"http:\/\/95.217.188.178\/drxercavins\/wp-json\/wp\/v2\/comments?post=1152"}],"version-history":[{"count":91,"href":"http:\/\/95.217.188.178\/drxercavins\/wp-json\/wp\/v2\/pages\/1152\/revisions"}],"predecessor-version":[{"id":4267,"href":"http:\/\/95.217.188.178\/drxercavins\/wp-json\/wp\/v2\/pages\/1152\/revisions\/4267"}],"wp:attachment":[{"href":"http:\/\/95.217.188.178\/drxercavins\/wp-json\/wp\/v2\/media?parent=1152"}],"curies":[{"name":"wp","href":"https:\/\/api.w.org\/{rel}","templated":true}]}}