{"id":1137,"date":"2025-10-07T10:56:20","date_gmt":"2025-10-07T08:56:20","guid":{"rendered":"http:\/\/95.217.188.178\/drxercavins\/?page_id=1137"},"modified":"2025-11-05T10:24:59","modified_gmt":"2025-11-05T09:24:59","slug":"digestivo","status":"publish","type":"page","link":"http:\/\/95.217.188.178\/drxercavins\/especialidades\/digestivo\/","title":{"rendered":"Digestivo"},"content":{"rendered":"\t\t<div data-elementor-type=\"wp-page\" data-elementor-id=\"1137\" class=\"elementor elementor-1137\" data-elementor-post-type=\"page\">\n\t\t\t\t<div class=\"elementor-element elementor-element-e60ca31 back-cream e-flex e-con-boxed e-con e-parent\" data-id=\"e60ca31\" data-element_type=\"container\" id=\"digestivo\">\n\t\t\t\t\t<div class=\"e-con-inner\">\n\t\t\t\t<div class=\"elementor-element elementor-element-0856486 elementor-widget elementor-widget-heading\" data-id=\"0856486\" data-element_type=\"widget\" data-widget_type=\"heading.default\">\n\t\t\t\t\t<h1 class=\"elementor-heading-title elementor-size-default\">Digestivo<\/h1>\t\t\t\t<\/div>\n\t\t\t\t\t<\/div>\n\t\t\t\t<\/div>\n\t\t<div class=\"elementor-element elementor-element-c0dd487 e-con-full container-section-mini e-flex e-con e-parent\" data-id=\"c0dd487\" data-element_type=\"container\">\n\t\t<div class=\"elementor-element elementor-element-1486dd9 e-con-full e-flex e-con e-child\" data-id=\"1486dd9\" data-element_type=\"container\">\n\t\t\t\t<div class=\"elementor-element elementor-element-f93b39d elementor-widget elementor-widget-heading\" data-id=\"f93b39d\" data-element_type=\"widget\" data-widget_type=\"heading.default\">\n\t\t\t\t\t<h3 class=\"elementor-heading-title elementor-size-default\">\u00bfQu\u00e9 son los trastornos digestivos y por qu\u00e9 es clave tratarlos bien?<\/h3>\t\t\t\t<\/div>\n\t\t\t\t<div class=\"elementor-element elementor-element-f318697 description-text-mini elementor-widget elementor-widget-text-editor\" data-id=\"f318697\" data-element_type=\"widget\" data-widget_type=\"text-editor.default\">\n\t\t\t\t\t\t\t\t\t<p><span style=\"font-weight: 400;\">En <\/span><b>Cl\u00ednica Xercavins<\/b><span style=\"font-weight: 400;\">, entendemos que <\/span><b>la salud digestiva es mucho m\u00e1s que una buena digesti\u00f3n<\/b><span style=\"font-weight: 400;\">: es un pilar fundamental del equilibrio inmunol\u00f3gico, metab\u00f3lico, mental y emocional. El sistema digestivo no solo transforma y absorbe los nutrientes: tambi\u00e9n alberga el <\/span><b>70% del sistema inmunitario<\/b><span style=\"font-weight: 400;\"> y una vasta red de conexiones con el sistema nervioso (el llamado <\/span><i><span style=\"font-weight: 400;\">\u201csegundo cerebro\u201d<\/span><\/i><span style=\"font-weight: 400;\">). Por eso, cuando se altera, no solo aparecen molestias intestinales, sino tambi\u00e9n fatiga, irritabilidad, niebla mental, alteraciones del sue\u00f1o o de la piel.<\/span><\/p>\t\t\t\t\t\t\t\t<\/div>\n\t\t\t\t<div class=\"elementor-element elementor-element-a10d3d6 elementor-headline--style-highlight elementor-widget elementor-widget-animated-headline\" data-id=\"a10d3d6\" data-element_type=\"widget\" data-settings=\"{&quot;marker&quot;:&quot;double_underline&quot;,&quot;highlighted_text&quot;:&quot;equilibrada&quot;,&quot;headline_style&quot;:&quot;highlight&quot;,&quot;loop&quot;:&quot;yes&quot;,&quot;highlight_animation_duration&quot;:1200,&quot;highlight_iteration_delay&quot;:8000}\" data-widget_type=\"animated-headline.default\">\n\t\t\t\t\t\t\t<h6 class=\"elementor-headline\">\n\t\t\t\t\t<span class=\"elementor-headline-plain-text elementor-headline-text-wrapper\">Una salud digestiva <\/span>\n\t\t\t\t<span class=\"elementor-headline-dynamic-wrapper elementor-headline-text-wrapper\">\n\t\t\t\t\t<span class=\"elementor-headline-dynamic-text elementor-headline-text-active\">equilibrada<\/span>\n\t\t\t\t<\/span>\n\t\t\t\t\t<span class=\"elementor-headline-plain-text elementor-headline-text-wrapper\">es la base de tu bienestar f\u00edsico y emocional<\/span>\n\t\t\t\t\t<\/h6>\n\t\t\t\t\t\t<\/div>\n\t\t\t\t<div class=\"elementor-element elementor-element-d731c79 elementor-widget elementor-widget-text-editor\" data-id=\"d731c79\" data-element_type=\"widget\" data-widget_type=\"text-editor.default\">\n\t\t\t\t\t\t\t\t\t<p><span style=\"font-weight: 400;\">Hablamos de trastornos digestivos tanto cuando existen <\/span><b>enfermedades diagnosticadas,<\/b><span style=\"font-weight: 400;\"> como s\u00edndrome de intestino irritable, disbiosis, reflujo gastroesof\u00e1gico, colitis, enfermedad cel\u00edaca, SIBO, gastritis o infecciones por <\/span><i><span style=\"font-weight: 400;\">Helicobacter pylori<\/span><\/i><span style=\"font-weight: 400;\">, como cuando surgen <\/span><b>alteraciones funcionales<\/b><span style=\"font-weight: 400;\">: hinchaz\u00f3n, gases, estre\u00f1imiento, digestiones pesadas, urgencia intestinal o sensaci\u00f3n de no vaciar del todo.<\/span><span style=\"font-weight: 400;\"><br \/><\/span><span style=\"font-weight: 400;\">Aunque puedan parecer problemas menores, su impacto en la calidad de vida es enorme. Muchas veces, estas alteraciones permanecen a\u00f1os sin un diagn\u00f3stico claro, lo que genera frustraci\u00f3n y una cascada de consecuencias f\u00edsicas y emocionales.<\/span><\/p><p><span style=\"font-weight: 400;\">Es importante, entonces, un abordaje integrativo para mejorar desde el origen. Trabajamos desde un enfoque multidisciplinar y personalizado que permite <\/span><b>entender la causa del problema digestivo y trazar un plan de mejora realista, eficaz y progresivo<\/b><span style=\"font-weight: 400;\">.<\/span><\/p>\t\t\t\t\t\t\t\t<\/div>\n\t\t\t\t<div class=\"elementor-element elementor-element-61fd375 elementor-widget elementor-widget-spacer\" data-id=\"61fd375\" data-element_type=\"widget\" data-widget_type=\"spacer.default\">\n\t\t\t\t\t\t\t<div class=\"elementor-spacer\">\n\t\t\t<div class=\"elementor-spacer-inner\"><\/div>\n\t\t<\/div>\n\t\t\t\t\t\t<\/div>\n\t\t\t\t<div class=\"elementor-element elementor-element-fad1793 description-text elementor-widget__width-inherit elementor-widget elementor-widget-text-editor\" data-id=\"fad1793\" data-element_type=\"widget\" data-widget_type=\"text-editor.default\">\n\t\t\t\t\t\t\t\t\t<p><span style=\"font-weight: 600;\">Disponemos de pruebas diagn\u00f3sticas avanzadas como:<\/span><\/p>\t\t\t\t\t\t\t\t<\/div>\n\t\t\t\t<div class=\"elementor-element elementor-element-8723d88 description-text-mini elementor-widget elementor-widget-text-editor\" data-id=\"8723d88\" data-element_type=\"widget\" data-widget_type=\"text-editor.default\">\n\t\t\t\t\t\t\t\t\t<ul><li style=\"font-weight: 400;\" aria-level=\"1\"><b>Estudios de microbiota intestinal<\/b><span style=\"font-weight: 400;\">, que permiten conocer tu ecosistema digestivo y su relaci\u00f3n con tus s\u00edntomas.<\/span><\/li><li style=\"font-weight: 400;\" aria-level=\"1\"><b>Test de intolerancias alimentarias<\/b><span style=\"font-weight: 400;\">, <\/span><b>test de SIBO<\/b><span style=\"font-weight: 400;\">, de <\/span><i><span style=\"font-weight: 400;\">Helicobacter pylori<\/span><\/i><span style=\"font-weight: 400;\">, <\/span><b>sangre oculta en heces<\/b><span style=\"font-weight: 400;\"> y marcadores inflamatorios digestivos.<\/span><\/li><li style=\"font-weight: 400;\" aria-level=\"1\"><b>Estudios gen\u00e9ticos<\/b><span style=\"font-weight: 400;\"> para valorar predisposici\u00f3n a alteraciones digestivas o mala absorci\u00f3n.<\/span><\/li><li style=\"font-weight: 400;\" aria-level=\"1\"><b>Anal\u00edtica general completa<\/b><span style=\"font-weight: 400;\">, interpretada por nuestro equipo m\u00e9dico desde una mirada cl\u00ednica e integrativa.<\/span><\/li><li style=\"font-weight: 400;\" aria-level=\"1\"><b>Evaluaci\u00f3n del sistema nervioso aut\u00f3nomo con Max Pulse<\/b><span style=\"font-weight: 400;\">, una tecnolog\u00eda no invasiva que nos permite conocer el equilibrio entre tu sistema simp\u00e1tico y parasimp\u00e1tico, clave para entender el impacto del estr\u00e9s, la ansiedad o la sobrecarga nerviosa en tu aparato digestivo. <\/span><i><span style=\"font-weight: 400;\">(Sabemos que el sistema digestivo est\u00e1 directamente regulado por el SNA: un SNA desregulado puede perpetuar s\u00edntomas como c\u00f3licos, diarrea, estre\u00f1imiento o distensi\u00f3n abdominal.)<\/span><\/i><\/li><\/ul><p><b>Evaluaci\u00f3n corporal completa con InBody 770<\/b><span style=\"font-weight: 400;\">, que nos permite analizar tu composici\u00f3n corporal \u2014masa muscular, grasa, agua intracelular y distribuci\u00f3n segmentaria\u2014, muy \u00fatil cuando hay mala absorci\u00f3n, inflamaci\u00f3n cr\u00f3nica o distensi\u00f3n abdominal.<\/span><\/p>\t\t\t\t\t\t\t\t<\/div>\n\t\t\t\t<div class=\"elementor-element elementor-element-3df2d3d description-text elementor-widget elementor-widget-text-editor\" data-id=\"3df2d3d\" data-element_type=\"widget\" data-widget_type=\"text-editor.default\">\n\t\t\t\t\t\t\t\t\t<p><span style=\"font-weight: 400;\">Con esta informaci\u00f3n, dise\u00f1amos un tratamiento individualizado que puede combinar:<\/span><\/p>\t\t\t\t\t\t\t\t<\/div>\n\t\t\t\t<div class=\"elementor-element elementor-element-6e76fa3 elementor-widget elementor-widget-text-editor\" data-id=\"6e76fa3\" data-element_type=\"widget\" data-widget_type=\"text-editor.default\">\n\t\t\t\t\t\t\t\t\t<ul><li style=\"font-weight: 400;\" aria-level=\"1\"><b>Pautas m\u00e9dicas espec\u00edficas<\/b><span style=\"font-weight: 400;\"> y fitoterapia digestiva para modular la inflamaci\u00f3n, el dolor o el tr\u00e1nsito.<\/span><\/li><li style=\"font-weight: 400;\" aria-level=\"1\"><b>Intervenciones nutricionales personalizadas<\/b><span style=\"font-weight: 400;\">, que permiten aliviar los s\u00edntomas y restaurar la funci\u00f3n digestiva de forma gradual y sostenible.<\/span><\/li><li style=\"font-weight: 400;\" aria-level=\"1\"><b>Terapia psicointegrativa<\/b><span style=\"font-weight: 400;\">, cuando el componente emocional o de estr\u00e9s juega un papel clave (como ocurre en el 60-70% de los casos de colon irritable, seg\u00fan la Fundaci\u00f3n Espa\u00f1ola del Aparato Digestivo).<\/span><\/li><li><b>Mejora del ritmo intestinal<\/b><span style=\"font-weight: 400;\">, reorganizaci\u00f3n de h\u00e1bitos y apoyo en actividad f\u00edsica adaptada, clave para el correcto funcionamiento digestivo.<\/span><\/li><\/ul>\t\t\t\t\t\t\t\t<\/div>\n\t\t<div class=\"elementor-element elementor-element-346d80e e-con-full container-section e-flex e-con e-child\" data-id=\"346d80e\" data-element_type=\"container\">\n\t\t\t\t<div class=\"elementor-element elementor-element-68972c3 no-mobile elementor-widget elementor-widget-spacer\" data-id=\"68972c3\" data-element_type=\"widget\" data-widget_type=\"spacer.default\">\n\t\t\t\t\t\t\t<div class=\"elementor-spacer\">\n\t\t\t<div class=\"elementor-spacer-inner\"><\/div>\n\t\t<\/div>\n\t\t\t\t\t\t<\/div>\n\t\t\t\t<div class=\"elementor-element elementor-element-aad5704 elementor-widget elementor-widget-heading\" data-id=\"aad5704\" data-element_type=\"widget\" data-widget_type=\"heading.default\">\n\t\t\t\t\t<h2 class=\"elementor-heading-title elementor-size-default\">\u00bfPor qu\u00e9 tratar los trastornos digestivos con nosotros?<\/h2>\t\t\t\t<\/div>\n\t\t\t\t<div class=\"elementor-element elementor-element-fd14b11 description-text-mini elementor-widget elementor-widget-text-editor\" data-id=\"fd14b11\" data-element_type=\"widget\" data-widget_type=\"text-editor.default\">\n\t\t\t\t\t\t\t\t\t<p><span style=\"font-weight: 400;\">Porque no tratamos solo los s\u00edntomas: <\/span><b>buscamos y tratamos el origen del malestar<\/b><span style=\"font-weight: 400;\">.<\/span><span style=\"font-weight: 400;\"><br \/><\/span><span style=\"font-weight: 400;\">Dedicamos el tiempo necesario a estudiar cada caso, realizando un abordaje <\/span><b>preventivo, cl\u00ednico y naturista<\/b><span style=\"font-weight: 400;\">, en un entorno humano, cercano y profesional. Los pacientes nos dicen con frecuencia que, tras a\u00f1os de no encontrar respuestas, aqu\u00ed empiezan a sentir que <\/span><b>\u201csu cuerpo vuelve a funcionar como antes\u201d<\/b><span style=\"font-weight: 400;\">. Y eso, para quien sufre cada d\u00eda molestias digestivas, es un cambio radical.<\/span><\/p><p><span style=\"font-weight: 400;\">Adem\u00e1s, sabemos que mejorar tu digesti\u00f3n es mucho m\u00e1s que \u201cno tener dolor\u201d: es recuperar energ\u00eda, claridad mental, buen humor y ganas de vivir. <\/span><b>Sentirse bien en el cuerpo comienza por una digesti\u00f3n sana.<\/b><\/p><p>\u00a0<\/p><blockquote><p style=\"text-align: center;\"><b>\u00bfSufres molestias digestivas frecuentes? \u00bfTe han dicho que \u201ctodo est\u00e1 bien\u201d, pero t\u00fa sabes que algo no lo est\u00e1?<\/b><b><br \/><\/b><span style=\"font-weight: 400;\">Te esperamos en Cl\u00ednica Xercavins para ayudarte a recuperar tu equilibrio digestivo y tu bienestar.<\/span><\/p><p style=\"text-align: center;\"><b>Pide tu cita ahora<\/b><span style=\"font-weight: 400;\"> o cons\u00faltanos sin compromiso. Estamos contigo en cada paso del camino.<\/span><\/p><\/blockquote>\t\t\t\t\t\t\t\t<\/div>\n\t\t\t\t<div class=\"elementor-element elementor-element-533fcb0 elementor-widget elementor-widget-text-editor\" data-id=\"533fcb0\" data-element_type=\"widget\" data-widget_type=\"text-editor.default\">\n\t\t\t\t\t\t\t\t\t<p style=\"text-align: center; width: 100%;\"><button class=\"button-standard-back-white\"><a href=\"http:\/\/95.217.188.178\/drxercavins\/contacto\/\">SOLICITAR CITA<\/a><\/button><\/p>\t\t\t\t\t\t\t\t<\/div>\n\t\t\t\t<\/div>\n\t\t\t\t<div class=\"elementor-element elementor-element-15ce4fa elementor-widget elementor-widget-spacer\" data-id=\"15ce4fa\" data-element_type=\"widget\" data-widget_type=\"spacer.default\">\n\t\t\t\t\t\t\t<div class=\"elementor-spacer\">\n\t\t\t<div class=\"elementor-spacer-inner\"><\/div>\n\t\t<\/div>\n\t\t\t\t\t\t<\/div>\n\t\t\t\t<\/div>\n\t\t\t\t<\/div>\n\t\t\t\t<\/div>\n\t\t","protected":false},"excerpt":{"rendered":"<p>Digestivo \u00bfQu\u00e9 son los trastornos digestivos y por qu\u00e9 es clave tratarlos bien? En Cl\u00ednica Xercavins, entendemos que la salud digestiva es mucho m\u00e1s que una buena digesti\u00f3n: es un pilar fundamental del equilibrio inmunol\u00f3gico, metab\u00f3lico, mental y emocional. El sistema digestivo no solo transforma y absorbe los nutrientes: tambi\u00e9n alberga el 70% del sistema [&hellip;]<\/p>\n","protected":false},"author":1,"featured_media":0,"parent":1114,"menu_order":0,"comment_status":"closed","ping_status":"closed","template":"","meta":{"footnotes":""},"class_list":["post-1137","page","type-page","status-publish","hentry"],"yoast_head":"<!-- This site is optimized with the Yoast SEO plugin v26.3 - https:\/\/yoast.com\/wordpress\/plugins\/seo\/ -->\n<title>Digestivo - Consulta Dr. Xercavins<\/title>\n<meta name=\"robots\" content=\"noindex, follow, max-snippet:-1, max-image-preview:large, max-video-preview:-1\" \/>\n<meta property=\"og:locale\" content=\"es_ES\" \/>\n<meta property=\"og:type\" content=\"article\" \/>\n<meta property=\"og:title\" content=\"Digestivo - Consulta Dr. Xercavins\" \/>\n<meta property=\"og:description\" content=\"Digestivo \u00bfQu\u00e9 son los trastornos digestivos y por qu\u00e9 es clave tratarlos bien? En Cl\u00ednica Xercavins, entendemos que la salud digestiva es mucho m\u00e1s que una buena digesti\u00f3n: es un pilar fundamental del equilibrio inmunol\u00f3gico, metab\u00f3lico, mental y emocional. El sistema digestivo no solo transforma y absorbe los nutrientes: tambi\u00e9n alberga el 70% del sistema [&hellip;]\" \/>\n<meta property=\"og:url\" content=\"http:\/\/95.217.188.178\/drxercavins\/especialidades\/digestivo\/\" \/>\n<meta property=\"og:site_name\" content=\"Consulta Dr. Xercavins\" \/>\n<meta property=\"article:modified_time\" content=\"2025-11-05T09:24:59+00:00\" \/>\n<meta name=\"twitter:card\" content=\"summary_large_image\" \/>\n<meta name=\"twitter:label1\" content=\"Tiempo de lectura\" \/>\n\t<meta name=\"twitter:data1\" content=\"3 minutos\" \/>\n<script type=\"application\/ld+json\" class=\"yoast-schema-graph\">{\"@context\":\"https:\/\/schema.org\",\"@graph\":[{\"@type\":\"WebPage\",\"@id\":\"http:\/\/95.217.188.178\/drxercavins\/especialidades\/digestivo\/\",\"url\":\"http:\/\/95.217.188.178\/drxercavins\/especialidades\/digestivo\/\",\"name\":\"Digestivo - Consulta Dr. Xercavins\",\"isPartOf\":{\"@id\":\"http:\/\/95.217.188.178\/drxercavins\/#website\"},\"datePublished\":\"2025-10-07T08:56:20+00:00\",\"dateModified\":\"2025-11-05T09:24:59+00:00\",\"breadcrumb\":{\"@id\":\"http:\/\/95.217.188.178\/drxercavins\/especialidades\/digestivo\/#breadcrumb\"},\"inLanguage\":\"es\",\"potentialAction\":[{\"@type\":\"ReadAction\",\"target\":[\"http:\/\/95.217.188.178\/drxercavins\/especialidades\/digestivo\/\"]}]},{\"@type\":\"BreadcrumbList\",\"@id\":\"http:\/\/95.217.188.178\/drxercavins\/especialidades\/digestivo\/#breadcrumb\",\"itemListElement\":[{\"@type\":\"ListItem\",\"position\":1,\"name\":\"Portada\",\"item\":\"http:\/\/95.217.188.178\/drxercavins\/\"},{\"@type\":\"ListItem\",\"position\":2,\"name\":\"Especialidades\",\"item\":\"http:\/\/95.217.188.178\/drxercavins\/especialidades\/\"},{\"@type\":\"ListItem\",\"position\":3,\"name\":\"Digestivo\"}]},{\"@type\":\"WebSite\",\"@id\":\"http:\/\/95.217.188.178\/drxercavins\/#website\",\"url\":\"http:\/\/95.217.188.178\/drxercavins\/\",\"name\":\"Consulta Dr. Xercavins\",\"description\":\"Consulta M\u00e9dica en Barcelona\",\"publisher\":{\"@id\":\"http:\/\/95.217.188.178\/drxercavins\/#organization\"},\"potentialAction\":[{\"@type\":\"SearchAction\",\"target\":{\"@type\":\"EntryPoint\",\"urlTemplate\":\"http:\/\/95.217.188.178\/drxercavins\/?s={search_term_string}\"},\"query-input\":{\"@type\":\"PropertyValueSpecification\",\"valueRequired\":true,\"valueName\":\"search_term_string\"}}],\"inLanguage\":\"es\"},{\"@type\":\"Organization\",\"@id\":\"http:\/\/95.217.188.178\/drxercavins\/#organization\",\"name\":\"Consulta Dr. Xercavins\",\"url\":\"http:\/\/95.217.188.178\/drxercavins\/\",\"logo\":{\"@type\":\"ImageObject\",\"inLanguage\":\"es\",\"@id\":\"http:\/\/95.217.188.178\/drxercavins\/#\/schema\/logo\/image\/\",\"url\":\"http:\/\/95.217.188.178\/drxercavins\/wp-content\/uploads\/2025\/10\/ogo-actua-1.png\",\"contentUrl\":\"http:\/\/95.217.188.178\/drxercavins\/wp-content\/uploads\/2025\/10\/ogo-actua-1.png\",\"width\":500,\"height\":95,\"caption\":\"Consulta Dr. Xercavins\"},\"image\":{\"@id\":\"http:\/\/95.217.188.178\/drxercavins\/#\/schema\/logo\/image\/\"}}]}<\/script>\n<!-- \/ Yoast SEO plugin. -->","yoast_head_json":{"title":"Digestivo - Consulta Dr. Xercavins","robots":{"index":"noindex","follow":"follow","max-snippet":"max-snippet:-1","max-image-preview":"max-image-preview:large","max-video-preview":"max-video-preview:-1"},"og_locale":"es_ES","og_type":"article","og_title":"Digestivo - Consulta Dr. Xercavins","og_description":"Digestivo \u00bfQu\u00e9 son los trastornos digestivos y por qu\u00e9 es clave tratarlos bien? En Cl\u00ednica Xercavins, entendemos que la salud digestiva es mucho m\u00e1s que una buena digesti\u00f3n: es un pilar fundamental del equilibrio inmunol\u00f3gico, metab\u00f3lico, mental y emocional. El sistema digestivo no solo transforma y absorbe los nutrientes: tambi\u00e9n alberga el 70% del sistema [&hellip;]","og_url":"http:\/\/95.217.188.178\/drxercavins\/especialidades\/digestivo\/","og_site_name":"Consulta Dr. Xercavins","article_modified_time":"2025-11-05T09:24:59+00:00","twitter_card":"summary_large_image","twitter_misc":{"Tiempo de lectura":"3 minutos"},"schema":{"@context":"https:\/\/schema.org","@graph":[{"@type":"WebPage","@id":"http:\/\/95.217.188.178\/drxercavins\/especialidades\/digestivo\/","url":"http:\/\/95.217.188.178\/drxercavins\/especialidades\/digestivo\/","name":"Digestivo - Consulta Dr. Xercavins","isPartOf":{"@id":"http:\/\/95.217.188.178\/drxercavins\/#website"},"datePublished":"2025-10-07T08:56:20+00:00","dateModified":"2025-11-05T09:24:59+00:00","breadcrumb":{"@id":"http:\/\/95.217.188.178\/drxercavins\/especialidades\/digestivo\/#breadcrumb"},"inLanguage":"es","potentialAction":[{"@type":"ReadAction","target":["http:\/\/95.217.188.178\/drxercavins\/especialidades\/digestivo\/"]}]},{"@type":"BreadcrumbList","@id":"http:\/\/95.217.188.178\/drxercavins\/especialidades\/digestivo\/#breadcrumb","itemListElement":[{"@type":"ListItem","position":1,"name":"Portada","item":"http:\/\/95.217.188.178\/drxercavins\/"},{"@type":"ListItem","position":2,"name":"Especialidades","item":"http:\/\/95.217.188.178\/drxercavins\/especialidades\/"},{"@type":"ListItem","position":3,"name":"Digestivo"}]},{"@type":"WebSite","@id":"http:\/\/95.217.188.178\/drxercavins\/#website","url":"http:\/\/95.217.188.178\/drxercavins\/","name":"Consulta Dr. Xercavins","description":"Consulta M\u00e9dica en Barcelona","publisher":{"@id":"http:\/\/95.217.188.178\/drxercavins\/#organization"},"potentialAction":[{"@type":"SearchAction","target":{"@type":"EntryPoint","urlTemplate":"http:\/\/95.217.188.178\/drxercavins\/?s={search_term_string}"},"query-input":{"@type":"PropertyValueSpecification","valueRequired":true,"valueName":"search_term_string"}}],"inLanguage":"es"},{"@type":"Organization","@id":"http:\/\/95.217.188.178\/drxercavins\/#organization","name":"Consulta Dr. Xercavins","url":"http:\/\/95.217.188.178\/drxercavins\/","logo":{"@type":"ImageObject","inLanguage":"es","@id":"http:\/\/95.217.188.178\/drxercavins\/#\/schema\/logo\/image\/","url":"http:\/\/95.217.188.178\/drxercavins\/wp-content\/uploads\/2025\/10\/ogo-actua-1.png","contentUrl":"http:\/\/95.217.188.178\/drxercavins\/wp-content\/uploads\/2025\/10\/ogo-actua-1.png","width":500,"height":95,"caption":"Consulta Dr. Xercavins"},"image":{"@id":"http:\/\/95.217.188.178\/drxercavins\/#\/schema\/logo\/image\/"}}]}},"_links":{"self":[{"href":"http:\/\/95.217.188.178\/drxercavins\/wp-json\/wp\/v2\/pages\/1137","targetHints":{"allow":["GET"]}}],"collection":[{"href":"http:\/\/95.217.188.178\/drxercavins\/wp-json\/wp\/v2\/pages"}],"about":[{"href":"http:\/\/95.217.188.178\/drxercavins\/wp-json\/wp\/v2\/types\/page"}],"author":[{"embeddable":true,"href":"http:\/\/95.217.188.178\/drxercavins\/wp-json\/wp\/v2\/users\/1"}],"replies":[{"embeddable":true,"href":"http:\/\/95.217.188.178\/drxercavins\/wp-json\/wp\/v2\/comments?post=1137"}],"version-history":[{"count":136,"href":"http:\/\/95.217.188.178\/drxercavins\/wp-json\/wp\/v2\/pages\/1137\/revisions"}],"predecessor-version":[{"id":3640,"href":"http:\/\/95.217.188.178\/drxercavins\/wp-json\/wp\/v2\/pages\/1137\/revisions\/3640"}],"up":[{"embeddable":true,"href":"http:\/\/95.217.188.178\/drxercavins\/wp-json\/wp\/v2\/pages\/1114"}],"wp:attachment":[{"href":"http:\/\/95.217.188.178\/drxercavins\/wp-json\/wp\/v2\/media?parent=1137"}],"curies":[{"name":"wp","href":"https:\/\/api.w.org\/{rel}","templated":true}]}}